{"id":142,"date":"2024-09-12T10:22:50","date_gmt":"2024-09-12T10:22:50","guid":{"rendered":"https:\/\/icalugo.org\/?page_id=142"},"modified":"2025-11-26T19:36:25","modified_gmt":"2025-11-26T19:36:25","slug":"aviso-legal-y-politicas-de-privacidad-y-cookies","status":"publish","type":"page","link":"https:\/\/icalugo.org\/es\/aviso-legal-y-politicas-de-privacidad-y-cookies\/","title":{"rendered":"Aviso Legal y Pol\u00edticas de Privacidad y Cookies"},"content":{"rendered":"\t\t<div data-elementor-type=\"wp-page\" data-elementor-id=\"142\" class=\"elementor elementor-142\" data-elementor-post-type=\"page\">\n\t\t\t\t<div class=\"elementor-element elementor-element-e55f34d e-flex e-con-boxed e-con e-parent\" data-id=\"e55f34d\" data-element_type=\"container\" data-e-type=\"container\" data-settings=\"{&quot;background_background&quot;:&quot;classic&quot;}\">\n\t\t\t\t\t<div class=\"e-con-inner\">\n\t\t\t\t<div class=\"elementor-element elementor-element-23e7b174 animated-slow elementor-invisible elementor-widget elementor-widget-heading\" data-id=\"23e7b174\" data-element_type=\"widget\" data-e-type=\"widget\" data-settings=\"{&quot;_animation&quot;:&quot;fadeInUp&quot;}\" data-widget_type=\"heading.default\">\n\t\t\t\t<div class=\"elementor-widget-container\">\n\t\t\t\t\t<h2 class=\"elementor-heading-title elementor-size-default\">Aviso Legal y Pol\u00edtica de Privacidad<\/h2>\t\t\t\t<\/div>\n\t\t\t\t<\/div>\n\t\t\t\t<div class=\"elementor-element elementor-element-2428d1f6 elementor-widget elementor-widget-text-editor\" data-id=\"2428d1f6\" data-element_type=\"widget\" data-e-type=\"widget\" data-widget_type=\"text-editor.default\">\n\t\t\t\t<div class=\"elementor-widget-container\">\n\t\t\t\t\t\t\t\t\t<p>De acuerdo con lo establecido por la normativa de Protecci\u00f3n de Datos de Car\u00e1cter Personal, le informamos que est\u00e1 facilitando sus datos de car\u00e1cter personal al Responsable de Tratamiento: ICA LUGO (en adelante LA ENTIDAD), con direcci\u00f3n en Pascual de Veiga, 2 &#8211; 27002 Lugo y correo electr\u00f3nico icalugo@avogacia.org<\/p><p><b>FINALIDAD DEL TRATAMIENTO<\/b><\/p><p>Los datos recopilados ser\u00e1n \u00fanicamente los detallados en el formulario de contacto, as\u00ed como aquellos que usted mismo nos facilite en el apartado \u201cComentarios\u201d. La ENTIDAD podr\u00e1 tratar sus datos de car\u00e1cter personal de acuerdo con las siguientes finalidades:<\/p><p>Gestionar su navegaci\u00f3n a trav\u00e9s del Sitio Web.<\/p><p>Gestionar el servicio de Atenci\u00f3n al Cliente, para dar respuesta a las dudas, quejas, comentarios o inquietudes que pueda tener relativas a la informaci\u00f3n incluida en el Sitio Web, as\u00ed como cualesquiera otras consultas que pueda tener.<\/p><p>Gestionar el cumplimiento, mantenimiento, desarrollo y control de cualesquiera relaciones que la ENTIDAD mantenga con usted.<\/p><p>El hecho de no facilitar cierta informaci\u00f3n se\u00f1alada como obligatoria, puede conllevar que no sea posible gestionar su petici\u00f3n a trav\u00e9s del formulario de contacto.<\/p><p>En el caso de que nos aporte Datos Personales de terceros, usted se responsabiliza de haber informado y haber obtenido el consentimiento de estos para ser aportados con las finalidades indicadas en los apartados correspondientes de la presente Pol\u00edtica de Privacidad y Cookies.<\/p><p><b>LEGITIMACI\u00d3N DEL TRATAMIENTO DE SUS DATOS DE CAR\u00c1CTER PERSONAL<\/b><\/p><p>La legitimaci\u00f3n se basa en el consentimiento que usted nos otorga al clicar el bot\u00f3n \u201cAcepto el tratamiento de los datos facilitados para gestionar la solicitud de informaci\u00f3n conforme a la\u00a0Pol\u00edtica de Privacidad\u201d.<\/p><p>DESTINATARIOS DE CESIONES<\/p><p>No cederemos sus datos a terceros.<\/p><p>DERECHOS<\/p><p>Por \u00faltimo, le informamos de sus derechos en materia de protecci\u00f3n de datos.<\/p><p>Derecho a solicitar el acceso a sus datos personales.<\/p><p>Derecho a solicitar su rectificaci\u00f3n o supresi\u00f3n (derecho al olvido).<\/p><p>Derecho a solicitar la limitaci\u00f3n de su tratamiento, y a oponerse al tratamiento.<\/p><p>Derecho a la portabilidad de los datos.<\/p><p>Para ejercer sus derechos no tiene m\u00e1s que realizar una solicitud por escrito y acompa\u00f1arla de una copia de su DNI. ICA LUGO dispone de formularios adecuados al respecto. No tiene m\u00e1s que solicitarlos o bien presentar su propio escrito en icalugo@avogacia.org<\/p><p><b>MEDIDAS DE SEGURIDAD<\/b><\/p><p>ICA LUGO tiene implantadas las medidas t\u00e9cnicas y organizativas necesarias para garantizar la seguridad de sus datos de car\u00e1cter personal y evitar su alteraci\u00f3n, la p\u00e9rdida y el tratamiento y\/o el acceso no autorizado, teniendo en cuenta el estado de la tecnolog\u00eda, la naturaleza de los datos almacenados y los riesgos provenientes de la acci\u00f3n humana o del medio f\u00edsico y natural a que est\u00e1n expuestas.<\/p>\t\t\t\t\t\t\t\t<\/div>\n\t\t\t\t<\/div>\n\t\t\t\t<div class=\"elementor-element elementor-element-41bcd70e elementor-widget elementor-widget-heading\" data-id=\"41bcd70e\" data-element_type=\"widget\" data-e-type=\"widget\" data-widget_type=\"heading.default\">\n\t\t\t\t<div class=\"elementor-widget-container\">\n\t\t\t\t\t<h2 class=\"elementor-heading-title elementor-size-default\">Pol\u00edtica de Cookies<\/h2>\t\t\t\t<\/div>\n\t\t\t\t<\/div>\n\t\t\t\t<div class=\"elementor-element elementor-element-468f2e7a elementor-widget elementor-widget-text-editor\" data-id=\"468f2e7a\" data-element_type=\"widget\" data-e-type=\"widget\" data-widget_type=\"text-editor.default\">\n\t\t\t\t<div class=\"elementor-widget-container\">\n\t\t\t\t\t\t\t\t\t<p>Una cookie es un fichero que se descarga en su ordenador al acceder a determinadas p\u00e1ginas web. Las cookies permiten a las p\u00e1ginas web, entre otras cosas, almacenar y recuperar informaci\u00f3n sobre los h\u00e1bitos de navegaci\u00f3n de un usuario o de su equipo y, dependiendo de la informaci\u00f3n que contengan y de la forma en que utilice su equipo, pueden utilizarse para reconocer al usuario.<\/p><p>Cookies t\u00e9cnicas: Son aqu\u00e9llas que permiten al usuario la navegaci\u00f3n a trav\u00e9s de una p\u00e1gina web, plataforma o aplicaci\u00f3n y la utilizaci\u00f3n de las diferentes opciones o servicios que en ella existan como, por ejemplo, controlar el tr\u00e1fico y la comunicaci\u00f3n de datos, identificar la sesi\u00f3n, acceder a partes de acceso restringido, recordar los elementos que integran un pedido, realizar el proceso de compra de un pedido, realizar la solicitud de inscripci\u00f3n o participaci\u00f3n en un evento, utilizar elementos de seguridad durante la navegaci\u00f3n, almacenar contenidos para la difusi\u00f3n de videos o sonido o compartir contenidos a trav\u00e9s de redes sociales.<\/p><p>Cookies de personalizaci\u00f3n: Son aqu\u00e9llas que permiten al usuario acceder al servicio con algunas caracter\u00edsticas de car\u00e1cter general predefinidas en funci\u00f3n de una serie de criterios en el terminal del usuario como por ejemplo serian el idioma, el tipo de navegador a trav\u00e9s del cual accede al servicio, la configuraci\u00f3n regional desde donde accede al servicio, etc.<\/p><p>Cookies de an\u00e1lisis: Son aqu\u00e9llas que permiten al responsable de las mismas, el seguimiento y an\u00e1lisis del comportamiento de los usuarios de los sitios web a los que est\u00e1n vinculadas. La informaci\u00f3n recogida mediante este tipo de cookies se utiliza en la medici\u00f3n de la actividad de los sitios web, aplicaci\u00f3n o plataforma y para la elaboraci\u00f3n de perfiles de navegaci\u00f3n de los usuarios de dichos sitios, aplicaciones y plataformas, con el fin de introducir mejoras en funci\u00f3n del an\u00e1lisis de los datos de uso que hacen los usuarios del servicio.<\/p><p>Cookies publicitarias: Son aqu\u00e9llas que permiten la gesti\u00f3n, de la forma m\u00e1s eficaz posible, de los espacios publicitarios que, en su caso, el editor haya incluido en una p\u00e1gina web, aplicaci\u00f3n o plataforma desde la que presta el servicio solicitado en base a criterios como el contenido editado o la frecuencia en la que se muestran los anuncios.<\/p><p>Cookies de publicidad comportamental: Son aqu\u00e9llas que permiten la gesti\u00f3n, de la forma m\u00e1s eficaz posible, de los espacios publicitarios que, en su caso, el editor haya incluido en una p\u00e1gina web, aplicaci\u00f3n o plataforma desde la que presta el servicio solicitado. Estas cookies almacenan informaci\u00f3n del comportamiento de los usuarios obtenida a trav\u00e9s de la observaci\u00f3n continuada de sus h\u00e1bitos de navegaci\u00f3n, lo que permite desarrollar un perfil espec\u00edfico para mostrar publicidad en funci\u00f3n del mismo.<\/p><p>\u00a0<\/p><p><b>C\u00d3MO BLOQUEAR O ELIMINAR LAS COOKIES INSTALADAS EN SU EQUIPO<\/b><\/p><p>Si usted prefiere no habilitar las cookies, puede bloquearlas o eliminarlas en su navegador:<\/p><p>como administrar cookies en <a href=\"https:\/\/support.google.com\/chrome\/answer\/95647?hl=es\">Google Chrome<\/a><\/p><p>como administrar cookies en <a href=\"https:\/\/support.microsoft.com\/es-es\/windows\/eliminar-y-administrar-cookies-168dab11-0753-043d-7c16-ede5947fc64d#ie=ie-10\">Microsoft Internet Explorer<\/a><\/p><p>como administrar cookies en <a href=\"https:\/\/support.mozilla.org\/es\/kb\/habilitar-y-deshabilitar-cookies-sitios-web-rastrear-preferencias?s=cookie&amp;r=1&amp;e=es&amp;as=s7&amp;redirectslug=Habilitar+y+deshabilitar+cookies&amp;redirectlocale=es\">Mozilla FireFox<\/a><\/p><p>como administrar cookies en <a href=\"http:\/\/safari.helpmax.net\/es\/privacidad-y-seguridad\/como-gestionar-las-cookies\/\">Apple Safari<\/a><\/p>\t\t\t\t\t\t\t\t<\/div>\n\t\t\t\t<\/div>\n\t\t\t\t\t<\/div>\n\t\t\t\t<\/div>\n\t\t\t\t<\/div>\n\t\t","protected":false},"excerpt":{"rendered":"<p>Aviso Legal y Pol\u00edtica de Privacidad De acuerdo con lo establecido por la normativa de Protecci\u00f3n de Datos de Car\u00e1cter Personal, le informamos que est\u00e1 facilitando sus datos de car\u00e1cter personal al Responsable de Tratamiento: ICA LUGO (en adelante LA ENTIDAD), con direcci\u00f3n en Pascual de Veiga, 2 &#8211; 27002 Lugo y correo electr\u00f3nico icalugo@avogacia.org [&hellip;]<\/p>\n","protected":false},"author":5,"featured_media":0,"parent":0,"menu_order":0,"comment_status":"closed","ping_status":"closed","template":"elementor_header_footer","meta":{"footnotes":""},"class_list":["post-142","page","type-page","status-publish","hentry"],"_links":{"self":[{"href":"https:\/\/icalugo.org\/es\/wp-json\/wp\/v2\/pages\/142","targetHints":{"allow":["GET"]}}],"collection":[{"href":"https:\/\/icalugo.org\/es\/wp-json\/wp\/v2\/pages"}],"about":[{"href":"https:\/\/icalugo.org\/es\/wp-json\/wp\/v2\/types\/page"}],"author":[{"embeddable":true,"href":"https:\/\/icalugo.org\/es\/wp-json\/wp\/v2\/users\/5"}],"replies":[{"embeddable":true,"href":"https:\/\/icalugo.org\/es\/wp-json\/wp\/v2\/comments?post=142"}],"version-history":[{"count":34,"href":"https:\/\/icalugo.org\/es\/wp-json\/wp\/v2\/pages\/142\/revisions"}],"predecessor-version":[{"id":4752,"href":"https:\/\/icalugo.org\/es\/wp-json\/wp\/v2\/pages\/142\/revisions\/4752"}],"wp:attachment":[{"href":"https:\/\/icalugo.org\/es\/wp-json\/wp\/v2\/media?parent=142"}],"curies":[{"name":"wp","href":"https:\/\/api.w.org\/{rel}","templated":true}]}}