{"id":1992,"date":"2024-09-12T15:03:27","date_gmt":"2024-09-12T15:03:27","guid":{"rendered":"https:\/\/icalugo.org\/?page_id=1992"},"modified":"2025-12-02T10:53:22","modified_gmt":"2025-12-02T10:53:22","slug":"portal-de-transparencia","status":"publish","type":"page","link":"https:\/\/icalugo.org\/es\/portal-de-transparencia\/","title":{"rendered":"Portal de transparencia"},"content":{"rendered":"\t\t<div data-elementor-type=\"wp-page\" data-elementor-id=\"1992\" class=\"elementor elementor-1992\" data-elementor-post-type=\"page\">\n\t\t\t\t\t\t<section class=\"elementor-section elementor-top-section elementor-element elementor-element-703fa01 elementor-section-content-middle elementor-section-boxed elementor-section-height-default elementor-section-height-default\" data-id=\"703fa01\" data-element_type=\"section\" data-e-type=\"section\" data-settings=\"{&quot;background_background&quot;:&quot;classic&quot;}\">\n\t\t\t\t\t\t\t<div class=\"elementor-background-overlay\"><\/div>\n\t\t\t\t\t\t\t<div class=\"elementor-container elementor-column-gap-wide\">\n\t\t\t\t\t<div class=\"elementor-column elementor-col-100 elementor-top-column elementor-element elementor-element-a737a0f\" data-id=\"a737a0f\" data-element_type=\"column\" data-e-type=\"column\">\n\t\t\t<div class=\"elementor-widget-wrap elementor-element-populated\">\n\t\t\t\t\t\t<div class=\"elementor-element elementor-element-df02bc1 animated-slow elementor-invisible elementor-widget elementor-widget-heading\" data-id=\"df02bc1\" data-element_type=\"widget\" data-e-type=\"widget\" data-settings=\"{&quot;_animation_delay&quot;:100,&quot;_animation&quot;:&quot;fadeInUp&quot;}\" data-widget_type=\"heading.default\">\n\t\t\t\t<div class=\"elementor-widget-container\">\n\t\t\t\t\t<h2 class=\"elementor-heading-title elementor-size-default\">Portal de Transparencia<\/h2>\t\t\t\t<\/div>\n\t\t\t\t<\/div>\n\t\t\t\t<div class=\"elementor-element elementor-element-e9a1492 elementor-widget-divider--view-line elementor-invisible elementor-widget elementor-widget-divider\" data-id=\"e9a1492\" data-element_type=\"widget\" data-e-type=\"widget\" data-settings=\"{&quot;_animation&quot;:&quot;fadeIn&quot;,&quot;_animation_delay&quot;:200}\" data-widget_type=\"divider.default\">\n\t\t\t\t<div class=\"elementor-widget-container\">\n\t\t\t\t\t\t\t<div class=\"elementor-divider\">\n\t\t\t<span class=\"elementor-divider-separator\">\n\t\t\t\t\t\t<\/span>\n\t\t<\/div>\n\t\t\t\t\t\t<\/div>\n\t\t\t\t<\/div>\n\t\t\t\t<div class=\"elementor-element elementor-element-c5f66fe elementor-widget elementor-widget-heading\" data-id=\"c5f66fe\" data-element_type=\"widget\" data-e-type=\"widget\" data-widget_type=\"heading.default\">\n\t\t\t\t<div class=\"elementor-widget-container\">\n\t\t\t\t\t<h2 class=\"elementor-heading-title elementor-size-default\">Ventanilla \u00fanica<\/h2>\t\t\t\t<\/div>\n\t\t\t\t<\/div>\n\t\t\t\t<div class=\"elementor-element elementor-element-57fa693 elementor-align-left elementor-widget elementor-widget-button\" data-id=\"57fa693\" data-element_type=\"widget\" data-e-type=\"widget\" data-widget_type=\"button.default\">\n\t\t\t\t<div class=\"elementor-widget-container\">\n\t\t\t\t\t\t\t\t\t<div class=\"elementor-button-wrapper\">\n\t\t\t\t\t<a class=\"elementor-button elementor-button-link elementor-size-sm\" href=\"https:\/\/www.ventanillaunicaabogados.org\/VentanillaUnica\/faces\/html\/publico\/abogacia\/home.xhtml\" target=\"_blank\">\n\t\t\t\t\t\t<span class=\"elementor-button-content-wrapper\">\n\t\t\t\t\t\t<span class=\"elementor-button-icon\">\n\t\t\t\t<svg aria-hidden=\"true\" class=\"e-font-icon-svg e-far-folder-open\" viewBox=\"0 0 576 512\" xmlns=\"http:\/\/www.w3.org\/2000\/svg\"><path d=\"M527.9 224H480v-48c0-26.5-21.5-48-48-48H272l-64-64H48C21.5 64 0 85.5 0 112v288c0 26.5 21.5 48 48 48h400c16.5 0 31.9-8.5 40.7-22.6l79.9-128c20-31.9-3-73.4-40.7-73.4zM48 118c0-3.3 2.7-6 6-6h134.1l64 64H426c3.3 0 6 2.7 6 6v42H152c-16.8 0-32.4 8.8-41.1 23.2L48 351.4zm400 282H72l77.2-128H528z\"><\/path><\/svg>\t\t\t<\/span>\n\t\t\t\t\t\t\t\t\t<span class=\"elementor-button-text\">Acceder a Ventanilla \u00danica<\/span>\n\t\t\t\t\t<\/span>\n\t\t\t\t\t<\/a>\n\t\t\t\t<\/div>\n\t\t\t\t\t\t\t\t<\/div>\n\t\t\t\t<\/div>\n\t\t\t\t<div class=\"elementor-element elementor-element-182e374 elementor-widget elementor-widget-heading\" data-id=\"182e374\" data-element_type=\"widget\" data-e-type=\"widget\" data-widget_type=\"heading.default\">\n\t\t\t\t<div class=\"elementor-widget-container\">\n\t\t\t\t\t<h2 class=\"elementor-heading-title elementor-size-default\">Quejas y Reclamaciones<\/h2>\t\t\t\t<\/div>\n\t\t\t\t<\/div>\n\t\t\t\t<div class=\"elementor-element elementor-element-36c190a elementor-widget elementor-widget-text-editor\" data-id=\"36c190a\" data-element_type=\"widget\" data-e-type=\"widget\" data-widget_type=\"text-editor.default\">\n\t\t\t\t<div class=\"elementor-widget-container\">\n\t\t\t\t\t\t\t\t\t<div class=\"article-content\"><p><a href=\"https:\/\/icalugo.org\/wp-content\/uploads\/2025\/10\/hoja_quejas_reclamaciones.docx\" rel=\"noopener\">Descargar Hoja de quejas y reclamaciones<\/a><\/p><\/div>\t\t\t\t\t\t\t\t<\/div>\n\t\t\t\t<\/div>\n\t\t\t\t\t<\/div>\n\t\t<\/div>\n\t\t\t\t\t<\/div>\n\t\t<\/section>\n\t\t\t\t<section class=\"elementor-section elementor-top-section elementor-element elementor-element-fc945c0 elementor-section-content-middle elementor-section-boxed elementor-section-height-default elementor-section-height-default\" data-id=\"fc945c0\" data-element_type=\"section\" data-e-type=\"section\" data-settings=\"{&quot;background_background&quot;:&quot;classic&quot;}\">\n\t\t\t\t\t\t\t<div class=\"elementor-background-overlay\"><\/div>\n\t\t\t\t\t\t\t<div class=\"elementor-container elementor-column-gap-wide\">\n\t\t\t\t\t<div class=\"elementor-column elementor-col-100 elementor-top-column elementor-element elementor-element-5a08bf0\" data-id=\"5a08bf0\" data-element_type=\"column\" data-e-type=\"column\">\n\t\t\t<div class=\"elementor-widget-wrap elementor-element-populated\">\n\t\t\t\t\t\t<div class=\"elementor-element elementor-element-42e1e5c animated-slow elementor-invisible elementor-widget elementor-widget-heading\" data-id=\"42e1e5c\" data-element_type=\"widget\" data-e-type=\"widget\" data-settings=\"{&quot;_animation_delay&quot;:100,&quot;_animation&quot;:&quot;fadeInUp&quot;}\" data-widget_type=\"heading.default\">\n\t\t\t\t<div class=\"elementor-widget-container\">\n\t\t\t\t\t<h2 class=\"elementor-heading-title elementor-size-default\">Convenios<\/h2>\t\t\t\t<\/div>\n\t\t\t\t<\/div>\n\t\t\t\t<div class=\"elementor-element elementor-element-2fae746 elementor-widget-divider--view-line elementor-invisible elementor-widget elementor-widget-divider\" data-id=\"2fae746\" data-element_type=\"widget\" data-e-type=\"widget\" data-settings=\"{&quot;_animation&quot;:&quot;fadeIn&quot;,&quot;_animation_delay&quot;:200}\" data-widget_type=\"divider.default\">\n\t\t\t\t<div class=\"elementor-widget-container\">\n\t\t\t\t\t\t\t<div class=\"elementor-divider\">\n\t\t\t<span class=\"elementor-divider-separator\">\n\t\t\t\t\t\t<\/span>\n\t\t<\/div>\n\t\t\t\t\t\t<\/div>\n\t\t\t\t<\/div>\n\t\t\t\t<div class=\"elementor-element elementor-element-48059c4 elementor-widget elementor-widget-text-editor\" data-id=\"48059c4\" data-element_type=\"widget\" data-e-type=\"widget\" data-widget_type=\"text-editor.default\">\n\t\t\t\t<div class=\"elementor-widget-container\">\n\t\t\t\t\t\t\t\t\t<div class=\"article-content\"><p class=\"rtecenter\"><strong>El Consello da Avogac\u00eda Galega &#8211; CAG &#8211; pone en marcha un \u201cServicio de Intermediacion\u201d entre grandes tenedores de inmuebles y personas vulnerables en riesgo de perder su vivienda habitual<\/strong><\/p><p class=\"rtecenter\"><a href=\"https:\/\/icalugo.org\/wp-content\/uploads\/2025\/10\/Nota_CAG_Servicio-de-intermediacion.pdf\" target=\"_blank\" rel=\"noopener\">Descargar nota completa (PDF)<\/a><\/p><\/div>\t\t\t\t\t\t\t\t<\/div>\n\t\t\t\t<\/div>\n\t\t\t\t<div class=\"elementor-element elementor-element-eb76c91 elementor-widget elementor-widget-heading\" data-id=\"eb76c91\" data-element_type=\"widget\" data-e-type=\"widget\" data-widget_type=\"heading.default\">\n\t\t\t\t<div class=\"elementor-widget-container\">\n\t\t\t\t\t<h2 class=\"elementor-heading-title elementor-size-default\">Convenio del consello da avogac\u00eda con la Axencia TRIBUTARIA DE GALICIA<\/h2>\t\t\t\t<\/div>\n\t\t\t\t<\/div>\n\t\t\t\t<div class=\"elementor-element elementor-element-89ab405 elementor-widget elementor-widget-text-editor\" data-id=\"89ab405\" data-element_type=\"widget\" data-e-type=\"widget\" data-widget_type=\"text-editor.default\">\n\t\t\t\t<div class=\"elementor-widget-container\">\n\t\t\t\t\t\t\t\t\t<div class=\"article-content\"><p class=\"rtecenter\">Os informamos de las novedades y mejoras que encontrar\u00e1n en la Oficina Virtual de la Agencia Tributaria de Galicia (OVT), con la que el consejo de la Abogac\u00eda Gallega mantiene un convenio de colaboraci\u00f3n.<\/p><p class=\"rtecenter\"><a href=\"https:\/\/icalugo.org\/wp-content\/uploads\/2025\/10\/Convenio_consello_da-avogaciacoa-Axencia-tributaria.pdf\" target=\"_blank\" rel=\"noopener\">Descargar convenio (PDF)<\/a><\/p><\/div>\t\t\t\t\t\t\t\t<\/div>\n\t\t\t\t<\/div>\n\t\t\t\t<div class=\"elementor-element elementor-element-4f91c65 elementor-widget elementor-widget-heading\" data-id=\"4f91c65\" data-element_type=\"widget\" data-e-type=\"widget\" data-widget_type=\"heading.default\">\n\t\t\t\t<div class=\"elementor-widget-container\">\n\t\t\t\t\t<h2 class=\"elementor-heading-title elementor-size-default\">CONVENIO SUSCRITO POR EL CONSEJO GENERAL DE LA ABOGAC\u00cdA ESPA\u00d1OLA CON EL MINISTERIO DE INDUSTRIA Y TURISMO Y COMERCIO<\/h2>\t\t\t\t<\/div>\n\t\t\t\t<\/div>\n\t\t\t\t<div class=\"elementor-element elementor-element-7b6e677 elementor-widget elementor-widget-text-editor\" data-id=\"7b6e677\" data-element_type=\"widget\" data-e-type=\"widget\" data-widget_type=\"text-editor.default\">\n\t\t\t\t<div class=\"elementor-widget-container\">\n\t\t\t\t\t\t\t\t\t<div class=\"article-content\"><p class=\"rtecenter\">Solicitar condici\u00f3n de PAE (Punto de atenci\u00f3n al emprendedor) en la Red CIRCE<\/p><p>ADHESI\u00d3N DEL COLEGIO DE LA ABOGAC\u00cdA DE LUGO AL CONVENIO SUSCRITO POR EL CONSEJO GENERAL DE LA ABOGAC\u00cdA ESPA\u00d1OLA CON EL MINISTERIO DE INDUSTRIA Y TURISMO Y COMERCIO.<\/p><p class=\"rtecenter\"><em><strong>Objeto del Convenio<\/strong><\/em><\/p><p class=\"rtecenter\">Los PAE son oficinas pertenecientes a organismos p\u00fablicos y privados, as\u00ed como puntos virtuales de informaci\u00f3n y tramitaci\u00f3n telem\u00e1tica de solicitudes, en los que se facilita la creaci\u00f3n de nuevas empresas, el inicio efectivo de su actividad y su desarrollo, a trav\u00e9s de la prestaci\u00f3n de servicios de informaci\u00f3n, tramitaci\u00f3n de documentaci\u00f3n, asesoramiento, formaci\u00f3n y apoyo a la financiaci\u00f3n empresarial.<br \/>Mediante la firma de este convenio, los abogados\/as y las sociedades profesionales (inscritas en el Registro de Sociedades Profesionales) podr\u00e9is solicitar ser PAE (Punto de atenci\u00f3n al emprendedor), y asesorar a vuestros clientes a la hora de constituir y poner en funcionamiento sus empresas.<\/p><p class=\"rtecenter\"><strong><em>Tr\u00e1mites para ser PAE<\/em><\/strong><\/p><p class=\"rtecenter\">\u00a0Estas situaciones se enmarcan dentro de la red CIRCE (Centro de Informaci\u00f3n y Red de Creaci\u00f3n de Empresas) y tienen por objeto favorecer la constituci\u00f3n de nuevas empresas a trav\u00e9s de una red de oficinas denominadas PAE. Para crear dichas empresas, el emprendedor deber\u00e1 rellenar el Documento \u00danico Electr\u00f3nico (DUE). Para ser punto PAE, hay que cumplimentar el formulario que encontrareis en la p\u00e1gina web:\u00a0<a href=\"http:\/\/www.circe.es\/\" target=\"_blank\" rel=\"noopener\">www.circe.es<\/a>, en concreto en el enlace:\u00a0<a href=\"https:\/\/gestor.circe.es\/SolicitudPAEPrivado\" target=\"_blank\" rel=\"noopener\">https:\/\/gestor.circe.es\/SolicitudPAEPrivado<\/a>\u00a0 especificando Organismo=CGAE &#8211; ILUSTRE COLEGIO PROVINCIAL DE LA ABOGAC\u00cdA DE LUGO para darse de alta como PAEs.<\/p><p>Para mayor informaci\u00f3n, os facilitamos el enlace del ministerio de Industria y turismo\u00a0\u00a0<a href=\"https:\/\/paeelectronico.es\/es-es\/Paginas\/Home.aspx\" target=\"_blank\" rel=\"noopener\">\u00bfQu\u00e9 es un Punto de Atenci\u00f3n al Emprendedor? (paeelectronico.es)<\/a><\/p><\/div>\t\t\t\t\t\t\t\t<\/div>\n\t\t\t\t<\/div>\n\t\t\t\t<div class=\"elementor-element elementor-element-d5af5bc elementor-widget elementor-widget-heading\" data-id=\"d5af5bc\" data-element_type=\"widget\" data-e-type=\"widget\" data-widget_type=\"heading.default\">\n\t\t\t\t<div class=\"elementor-widget-container\">\n\t\t\t\t\t<h2 class=\"elementor-heading-title elementor-size-default\">CONVENIO PARA GARANTIZAR LA ATENCION JURIDICA DE MENORES DE EDAD QUE SEAN VICTIMAS DE SITUACIONES DE VIOLENCIA (19\/05\/2023)<\/h2>\t\t\t\t<\/div>\n\t\t\t\t<\/div>\n\t\t\t\t<div class=\"elementor-element elementor-element-229c591 elementor-widget elementor-widget-text-editor\" data-id=\"229c591\" data-element_type=\"widget\" data-e-type=\"widget\" data-widget_type=\"text-editor.default\">\n\t\t\t\t<div class=\"elementor-widget-container\">\n\t\t\t\t\t\t\t\t\t<div class=\"article-content\"><p class=\"rtecenter\">Se acaba de firmar un Convenio entre el Consello da Avogac\u00eda Galega y la Xunta de Galicia, para garantizar la atenci\u00f3n jur\u00eddica de menores de edad que sean v\u00edctimas de situaciones de violencia.<\/p><p class=\"rtecenter\">El objeto del convenio es garantizar que dichos menores dispongan de un abogado especializado que las asista, en el momento inicial, en relaci\u00f3n con la interposici\u00f3n de denuncia, les preste asesoramiento jur\u00eddico y efect\u00fae el acompa\u00f1amiento inicial y ello con independencia de que la v\u00edctima tenga o no recursos para litigar.<\/p><p class=\"rtecenter\"><a href=\"https:\/\/icalugo.org\/wp-content\/uploads\/2025\/10\/20230519-CONVENIO-ATENCION-MENORES-VICTIMAS-DE-VIOLENCIA.pdf\" target=\"_blank\" rel=\"noopener\">Descargar convenio<\/a><\/p><p><a href=\"https:\/\/icalugo.org\/wp-content\/uploads\/2025\/10\/20230519-MODELO-PARTE-ASISTENCIA-MENORES-VICTIMAS-VIOLENCIA-.pdf\" target=\"_blank\" rel=\"noopener\">Descargar modelo parte de asistencia<\/a><\/p><\/div>\t\t\t\t\t\t\t\t<\/div>\n\t\t\t\t<\/div>\n\t\t\t\t<div class=\"elementor-element elementor-element-984772d elementor-widget elementor-widget-heading\" data-id=\"984772d\" data-element_type=\"widget\" data-e-type=\"widget\" data-widget_type=\"heading.default\">\n\t\t\t\t<div class=\"elementor-widget-container\">\n\t\t\t\t\t<h2 class=\"elementor-heading-title elementor-size-default\">Convenio Consello da Avogac\u00eda Galega e IGVS<\/h2>\t\t\t\t<\/div>\n\t\t\t\t<\/div>\n\t\t\t\t<div class=\"elementor-element elementor-element-de96c2c elementor-widget elementor-widget-text-editor\" data-id=\"de96c2c\" data-element_type=\"widget\" data-e-type=\"widget\" data-widget_type=\"text-editor.default\">\n\t\t\t\t<div class=\"elementor-widget-container\">\n\t\t\t\t\t\t\t\t\t<p><a href=\"https:\/\/icalugo.org\/wp-content\/uploads\/2025\/10\/2023-Convenio-IGVS2023.pdf\" target=\"_blank\" rel=\"noopener\">Descargar convenio (PDF)<\/a><\/p>\t\t\t\t\t\t\t\t<\/div>\n\t\t\t\t<\/div>\n\t\t\t\t<div class=\"elementor-element elementor-element-057f268 elementor-widget elementor-widget-heading\" data-id=\"057f268\" data-element_type=\"widget\" data-e-type=\"widget\" data-widget_type=\"heading.default\">\n\t\t\t\t<div class=\"elementor-widget-container\">\n\t\t\t\t\t<h2 class=\"elementor-heading-title elementor-size-default\">Convenio para env\u00edo de burofax online<\/h2>\t\t\t\t<\/div>\n\t\t\t\t<\/div>\n\t\t\t\t<div class=\"elementor-element elementor-element-e080c27 elementor-widget elementor-widget-text-editor\" data-id=\"e080c27\" data-element_type=\"widget\" data-e-type=\"widget\" data-widget_type=\"text-editor.default\">\n\t\t\t\t<div class=\"elementor-widget-container\">\n\t\t\t\t\t\t\t\t\t<p class=\"rtecenter\">Os informamos que el Colegio ha firmado un convenio con la empresa SERMOGA OSSORIO FRANQUEO S.L., empresa colaboradora de Correos, mediante el cual se ofrece un descuento exclusivo de un 10% sobre la tarifa oficial de Correos para todos los colegiados y colegiadas en env\u00edos de BUROFAX ONLINE.<\/p><p class=\"rtecenter\">Para consultar la presentaci\u00f3n de la operativa y las tarifas de este a\u00f1o 2022 de los env\u00edos de los burofax podr\u00e1n realizarlo por medio del correo electr\u00f3nico\u00a0<a href=\"mailto:javiertizon@sermoga.es\">javiertizon@sermoga.es<\/a>\u00a0o bien en el tel\u00e9fono 610554017<\/p><p class=\"rtecenter\"><a href=\"https:\/\/icalugo.org\/wp-content\/uploads\/2025\/10\/burofax-convenio.pdf\" target=\"_blank\" rel=\"noopener\">Descargar convenio (PDF)<\/a><\/p><p class=\"rtecenter\"><a href=\"https:\/\/icalugo.org\/wp-content\/uploads\/2025\/10\/burofax-tarifas.pdf\" target=\"_blank\" rel=\"noopener\">Descargar tarifas (PDF)<\/a><\/p>\t\t\t\t\t\t\t\t<\/div>\n\t\t\t\t<\/div>\n\t\t\t\t<div class=\"elementor-element elementor-element-145cfde elementor-widget elementor-widget-heading\" data-id=\"145cfde\" data-element_type=\"widget\" data-e-type=\"widget\" data-widget_type=\"heading.default\">\n\t\t\t\t<div class=\"elementor-widget-container\">\n\t\t\t\t\t<h2 class=\"elementor-heading-title elementor-size-default\">Convenio con el Ilustre Colegio de Abogados de Madrid<\/h2>\t\t\t\t<\/div>\n\t\t\t\t<\/div>\n\t\t\t\t<div class=\"elementor-element elementor-element-0d5e05f elementor-widget elementor-widget-text-editor\" data-id=\"0d5e05f\" data-element_type=\"widget\" data-e-type=\"widget\" data-widget_type=\"text-editor.default\">\n\t\t\t\t<div class=\"elementor-widget-container\">\n\t\t\t\t\t\t\t\t\t<p class=\"rtecenter\">Convenio con el Ilustre Colegio de Abogados de Madrid para el uso de la biblioteca y del espacio abogac\u00eda del ICAM y adquisici\u00f3n de publicaciones por parte de los\/las Colegiados\/as de este Ilustre Colegio.<\/p><p class=\"rtecenter\"><img decoding=\"async\" src=\"http:\/\/icalugo.org\/sites\/default\/files\/PHOTO%201.jpg\" alt=\"\" \/><\/p><p class=\"rtecenter\"><a href=\"http:\/\/icalugo.org\/sites\/default\/files\/20220523%20CONVENIO.pdf\" target=\"_blank\" rel=\"noopener\">Descargar convenio (PDF)<\/a><\/p>\t\t\t\t\t\t\t\t<\/div>\n\t\t\t\t<\/div>\n\t\t\t\t\t<\/div>\n\t\t<\/div>\n\t\t\t\t\t<\/div>\n\t\t<\/section>\n\t\t\t\t<\/div>\n\t\t","protected":false},"excerpt":{"rendered":"<p>Portal de Transparencia Ventanilla \u00fanica Acceder a Ventanilla \u00danica Quejas y Reclamaciones Descargar Hoja de quejas y reclamaciones Convenios El Consello da Avogac\u00eda Galega &#8211; CAG &#8211; pone en marcha un \u201cServicio de Intermediacion\u201d entre grandes tenedores de inmuebles y personas vulnerables en riesgo de perder su vivienda habitual Descargar nota completa (PDF) Convenio del [&hellip;]<\/p>\n","protected":false},"author":5,"featured_media":0,"parent":0,"menu_order":0,"comment_status":"closed","ping_status":"closed","template":"elementor_header_footer","meta":{"footnotes":""},"class_list":["post-1992","page","type-page","status-publish","hentry"],"_links":{"self":[{"href":"https:\/\/icalugo.org\/es\/wp-json\/wp\/v2\/pages\/1992","targetHints":{"allow":["GET"]}}],"collection":[{"href":"https:\/\/icalugo.org\/es\/wp-json\/wp\/v2\/pages"}],"about":[{"href":"https:\/\/icalugo.org\/es\/wp-json\/wp\/v2\/types\/page"}],"author":[{"embeddable":true,"href":"https:\/\/icalugo.org\/es\/wp-json\/wp\/v2\/users\/5"}],"replies":[{"embeddable":true,"href":"https:\/\/icalugo.org\/es\/wp-json\/wp\/v2\/comments?post=1992"}],"version-history":[{"count":118,"href":"https:\/\/icalugo.org\/es\/wp-json\/wp\/v2\/pages\/1992\/revisions"}],"predecessor-version":[{"id":5042,"href":"https:\/\/icalugo.org\/es\/wp-json\/wp\/v2\/pages\/1992\/revisions\/5042"}],"wp:attachment":[{"href":"https:\/\/icalugo.org\/es\/wp-json\/wp\/v2\/media?parent=1992"}],"curies":[{"name":"wp","href":"https:\/\/api.w.org\/{rel}","templated":true}]}}