{"id":2157,"date":"2024-09-12T16:33:23","date_gmt":"2024-09-12T16:33:23","guid":{"rendered":"https:\/\/icalugo.org\/?page_id=2157"},"modified":"2026-02-23T10:28:37","modified_gmt":"2026-02-23T10:28:37","slug":"asistencia-juridica-gratuita","status":"publish","type":"page","link":"https:\/\/icalugo.org\/es\/asistencia-juridica-gratuita\/","title":{"rendered":"Asistencia jur\u00eddica gratuita"},"content":{"rendered":"\t\t<div data-elementor-type=\"wp-page\" data-elementor-id=\"2157\" class=\"elementor elementor-2157\" data-elementor-post-type=\"page\">\n\t\t\t\t\t\t<section class=\"elementor-section elementor-top-section elementor-element elementor-element-3e1f0b3 elementor-section-content-middle elementor-section-boxed elementor-section-height-default elementor-section-height-default\" data-id=\"3e1f0b3\" data-element_type=\"section\" data-e-type=\"section\" data-settings=\"{&quot;background_background&quot;:&quot;classic&quot;}\">\n\t\t\t\t\t\t\t<div class=\"elementor-background-overlay\"><\/div>\n\t\t\t\t\t\t\t<div class=\"elementor-container elementor-column-gap-wide\">\n\t\t\t\t\t<div class=\"elementor-column elementor-col-100 elementor-top-column elementor-element elementor-element-3214c6a\" data-id=\"3214c6a\" data-element_type=\"column\" data-e-type=\"column\">\n\t\t\t<div class=\"elementor-widget-wrap elementor-element-populated\">\n\t\t\t\t\t\t<div class=\"elementor-element elementor-element-471b009 animated-slow elementor-invisible elementor-widget elementor-widget-heading\" data-id=\"471b009\" data-element_type=\"widget\" data-e-type=\"widget\" data-settings=\"{&quot;_animation_delay&quot;:100,&quot;_animation&quot;:&quot;fadeInUp&quot;}\" data-widget_type=\"heading.default\">\n\t\t\t\t<div class=\"elementor-widget-container\">\n\t\t\t\t\t<h2 class=\"elementor-heading-title elementor-size-default\">Asistencia Jur\u00eddica Gratuita<\/h2>\t\t\t\t<\/div>\n\t\t\t\t<\/div>\n\t\t\t\t<div class=\"elementor-element elementor-element-05f78ae elementor-widget-divider--view-line elementor-invisible elementor-widget elementor-widget-divider\" data-id=\"05f78ae\" data-element_type=\"widget\" data-e-type=\"widget\" data-settings=\"{&quot;_animation&quot;:&quot;fadeIn&quot;,&quot;_animation_delay&quot;:200}\" data-widget_type=\"divider.default\">\n\t\t\t\t<div class=\"elementor-widget-container\">\n\t\t\t\t\t\t\t<div class=\"elementor-divider\">\n\t\t\t<span class=\"elementor-divider-separator\">\n\t\t\t\t\t\t<\/span>\n\t\t<\/div>\n\t\t\t\t\t\t<\/div>\n\t\t\t\t<\/div>\n\t\t\t\t<div class=\"elementor-element elementor-element-b1917e4 elementor-icon-list--layout-traditional elementor-list-item-link-full_width elementor-widget elementor-widget-icon-list\" data-id=\"b1917e4\" data-element_type=\"widget\" data-e-type=\"widget\" data-widget_type=\"icon-list.default\">\n\t\t\t\t<div class=\"elementor-widget-container\">\n\t\t\t\t\t\t\t<ul class=\"elementor-icon-list-items\">\n\t\t\t\t\t\t\t<li class=\"elementor-icon-list-item\">\n\t\t\t\t\t\t\t\t\t\t\t<a href=\"https:\/\/icalugo.org\/wp-content\/uploads\/2025\/10\/solicitud_asist_juridi_gratuita_AnexoII.pdf\" target=\"_blank\">\n\n\t\t\t\t\t\t\t\t\t\t\t\t<span class=\"elementor-icon-list-icon\">\n\t\t\t\t\t\t\t<svg aria-hidden=\"true\" class=\"e-font-icon-svg e-fas-file-signature\" viewBox=\"0 0 576 512\" xmlns=\"http:\/\/www.w3.org\/2000\/svg\"><path d=\"M218.17 424.14c-2.95-5.92-8.09-6.52-10.17-6.52s-7.22.59-10.02 6.19l-7.67 15.34c-6.37 12.78-25.03 11.37-29.48-2.09L144 386.59l-10.61 31.88c-5.89 17.66-22.38 29.53-41 29.53H80c-8.84 0-16-7.16-16-16s7.16-16 16-16h12.39c4.83 0 9.11-3.08 10.64-7.66l18.19-54.64c3.3-9.81 12.44-16.41 22.78-16.41s19.48 6.59 22.77 16.41l13.88 41.64c19.75-16.19 54.06-9.7 66 14.16 1.89 3.78 5.49 5.95 9.36 6.26v-82.12l128-127.09V160H248c-13.2 0-24-10.8-24-24V0H24C10.7 0 0 10.7 0 24v464c0 13.3 10.7 24 24 24h336c13.3 0 24-10.7 24-24v-40l-128-.11c-16.12-.31-30.58-9.28-37.83-23.75zM384 121.9c0-6.3-2.5-12.4-7-16.9L279.1 7c-4.5-4.5-10.6-7-17-7H256v128h128v-6.1zm-96 225.06V416h68.99l161.68-162.78-67.88-67.88L288 346.96zm280.54-179.63l-31.87-31.87c-9.94-9.94-26.07-9.94-36.01 0l-27.25 27.25 67.88 67.88 27.25-27.25c9.95-9.94 9.95-26.07 0-36.01z\"><\/path><\/svg>\t\t\t\t\t\t<\/span>\n\t\t\t\t\t\t\t\t\t\t<span class=\"elementor-icon-list-text\">Solicitud de Asistencia Jur\u00eddica Gratuita\u00a0(Anexo I)<\/span>\n\t\t\t\t\t\t\t\t\t\t\t<\/a>\n\t\t\t\t\t\t\t\t\t<\/li>\n\t\t\t\t\t\t<\/ul>\n\t\t\t\t\t\t<\/div>\n\t\t\t\t<\/div>\n\t\t\t\t<div class=\"elementor-element elementor-element-9e25264 elementor-icon-list--layout-traditional elementor-list-item-link-full_width elementor-widget elementor-widget-icon-list\" data-id=\"9e25264\" data-element_type=\"widget\" data-e-type=\"widget\" data-widget_type=\"icon-list.default\">\n\t\t\t\t<div class=\"elementor-widget-container\">\n\t\t\t\t\t\t\t<ul class=\"elementor-icon-list-items\">\n\t\t\t\t\t\t\t<li class=\"elementor-icon-list-item\">\n\t\t\t\t\t\t\t\t\t\t\t<a href=\"https:\/\/icalugo.org\/wp-content\/uploads\/2026\/02\/NOVA-SOLICITUDE-AXG-GALEGO.pdf\" target=\"_blank\">\n\n\t\t\t\t\t\t\t\t\t\t\t\t<span class=\"elementor-icon-list-icon\">\n\t\t\t\t\t\t\t<svg aria-hidden=\"true\" class=\"e-font-icon-svg e-fas-file-signature\" viewBox=\"0 0 576 512\" xmlns=\"http:\/\/www.w3.org\/2000\/svg\"><path d=\"M218.17 424.14c-2.95-5.92-8.09-6.52-10.17-6.52s-7.22.59-10.02 6.19l-7.67 15.34c-6.37 12.78-25.03 11.37-29.48-2.09L144 386.59l-10.61 31.88c-5.89 17.66-22.38 29.53-41 29.53H80c-8.84 0-16-7.16-16-16s7.16-16 16-16h12.39c4.83 0 9.11-3.08 10.64-7.66l18.19-54.64c3.3-9.81 12.44-16.41 22.78-16.41s19.48 6.59 22.77 16.41l13.88 41.64c19.75-16.19 54.06-9.7 66 14.16 1.89 3.78 5.49 5.95 9.36 6.26v-82.12l128-127.09V160H248c-13.2 0-24-10.8-24-24V0H24C10.7 0 0 10.7 0 24v464c0 13.3 10.7 24 24 24h336c13.3 0 24-10.7 24-24v-40l-128-.11c-16.12-.31-30.58-9.28-37.83-23.75zM384 121.9c0-6.3-2.5-12.4-7-16.9L279.1 7c-4.5-4.5-10.6-7-17-7H256v128h128v-6.1zm-96 225.06V416h68.99l161.68-162.78-67.88-67.88L288 346.96zm280.54-179.63l-31.87-31.87c-9.94-9.94-26.07-9.94-36.01 0l-27.25 27.25 67.88 67.88 27.25-27.25c9.95-9.94 9.95-26.07 0-36.01z\"><\/path><\/svg>\t\t\t\t\t\t<\/span>\n\t\t\t\t\t\t\t\t\t\t<span class=\"elementor-icon-list-text\">Solicitude de Asistencia Xur\u00eddica Gratuita Galego\u00a0(Anexo I)<\/span>\n\t\t\t\t\t\t\t\t\t\t\t<\/a>\n\t\t\t\t\t\t\t\t\t<\/li>\n\t\t\t\t\t\t<\/ul>\n\t\t\t\t\t\t<\/div>\n\t\t\t\t<\/div>\n\t\t\t\t<div class=\"elementor-element elementor-element-d600e72 elementor-widget elementor-widget-heading\" data-id=\"d600e72\" data-element_type=\"widget\" data-e-type=\"widget\" data-widget_type=\"heading.default\">\n\t\t\t\t<div class=\"elementor-widget-container\">\n\t\t\t\t\t<h2 class=\"elementor-heading-title elementor-size-default\">Informaci\u00f3n<\/h2>\t\t\t\t<\/div>\n\t\t\t\t<\/div>\n\t\t\t\t<div class=\"elementor-element elementor-element-42197fc elementor-widget elementor-widget-text-editor\" data-id=\"42197fc\" data-element_type=\"widget\" data-e-type=\"widget\" data-widget_type=\"text-editor.default\">\n\t\t\t\t<div class=\"elementor-widget-container\">\n\t\t\t\t\t\t\t\t\t<p><strong>ACCESO A LA JUSTICIA Y JUSTICIA GRATUITA<\/strong><\/p><p>El acceso a la Justicia es un derecho b\u00e1sico reconocido tanto en la Declaraci\u00f3n Universal de los Derechos Humanos, como en el Convenio Europeo de Derechos Humanos.<\/p><p>Es un derecho constitucional que comprende la asistencia jur\u00eddica gratuita de quienes carecen de recursos suficientes para litigar y afecta a otros fundamentales como los de igualdad, asistencia letrada al detenido, defensa y tutela judicial efectiva.<\/p><p>Es un servicio p\u00fablico cuya gesti\u00f3n est\u00e1 encomendada legalmente a la Abogac\u00eda de forma exclusiva, respecto de la defensa jur\u00eddica, y a la Procurador\u00eda, para la representaci\u00f3n del ciudadano.<\/p><p><strong>\u00a0<\/strong><\/p><p><strong>\u00bfQUI\u00c9NES TIENEN DERECHO A LA JUSTICIA GRATUITA?<\/strong><\/p><p>Tendr\u00e1n derecho a la asistencia jur\u00eddica gratuita:<\/p><p>Personas f\u00edsicas:<\/p><ul><li>Los ciudadanos espa\u00f1oles, los nacionales de los dem\u00e1s Estados miembros de la Uni\u00f3n Europea y los extranjeros que residan en Espa\u00f1a, cuando acrediten insuficiencia de recursos para litigar.<\/li><li>En el orden jurisdiccional social: los trabajadores y los beneficiarios del sistema de Seguridad Social.<\/li><li>Todos los ciudadanos extranjeros tendr\u00e1n derecho a la asistencia letrada y a la defensa y representaci\u00f3n gratuitas, aun cuando no residan legalmente en territorio espa\u00f1ol, cuando acrediten insuficiencia de recursos para litigar, tanto en el orden jurisdiccional penal como en el orden contencioso \u2013 administrativo, en todos aquellos procesos relativos a su solicitud de asilo y Ley de Extranjer\u00eda, (incluida v\u00eda administrativa previa).<\/li><\/ul><p>\u00a0<\/p><p>Igualmente, adem\u00e1s de ciertas entidades de utilidad p\u00fablica, las siguientes personas jur\u00eddicas, cuando acrediten insuficiencia de recursos para litigar:<\/p><ul><li>Las Entidades Gestoras y Servicios Comunes de la Seguridad Social.<\/li><li>Asociaciones de utilidad p\u00fablica.<\/li><li>Fundaciones inscritas en el Registro Administrativo correspondiente.<\/li><li>Con independencia de la existencia de recursos para litigar, a las asociaciones que tengan como fin la promoci\u00f3n y defensa de los derechos de las v\u00edctimas del terrorismo, se\u00f1aladas en la Ley 29\/2011, de 22 de septiembre, de reconocimiento y protecci\u00f3n integral a las v\u00edctimas del terrorismo.<\/li><\/ul><p><strong>\u00a0<\/strong><\/p><p><strong>REQUISITOS ECON\u00d3MICOS PARA EL RECONOCIMIENTO DEL DERECHO<\/strong><\/p><p>Pueden solicitarlo aquellos ciudadanos que, estando inmersos en cualquier tipo de procedimiento judicial o pretendiendo iniciarlo, carezcan de patrimonio suficiente para litigar y\/o cuenten con unos recursos e ingresos econ\u00f3micos brutos, computados anualmente, por todos los conceptos y por unidad familiar, que no superen los siguientes umbrales:<\/p><ul><li>Dos veces el indicador p\u00fablico de renta de efectos m\u00faltiples vigente en el momento de efectuar la solicitud cuando se trate de personas no integradas en ninguna unidad familiar. (En 2023: 12 pagas: 14.400 euros brutos\/14 pagas: 16800 euros brutos)<\/li><li>Dos veces y medio el indicador p\u00fablico de renta de efectos m\u00faltiples vigente en el momento de efectuar la solicitud cuando se trate de personas integradas en algunas de las modalidades de unidad familiar con menos de cuatro miembros. (En 2023: 12 pagas: 18.000 euros brutos\/14 pagas: 21.000 euros brutos)<\/li><li>El triple de dicho indicador cuando se trate de unidades familiares integradas por cuatro o m\u00e1s miembros. (En 2023: 12 pagas: 21.600 euros brutos\/14 pagas: 25.200 euros brutos)<\/li><\/ul><p>\u00a0<\/p><p>A tal efecto, constituyen\u00a0<strong><em>modalidades de unidad familiar<\/em><\/strong>:<\/p><ul><li>La integrada por los c\u00f3nyuges no separados legalmente y, si los hubiere, los hijos menores con excepci\u00f3n de los que se hallaren emancipados.<\/li><li>La formada por el padre o la madre y los hijos que re\u00fanan los requisitos a que se refiere la regla anterior.<\/li><\/ul><p><strong>\u00a0<\/strong><\/p><p><strong>De manera excepcional, y con independencia de la existencia de recursos para litigar, se reconoce el derecho de asistencia jur\u00eddica gratuita, que se les prestar\u00e1 de inmediato:<\/strong><\/p><ul><li>A las v\u00edctimas de violencia de g\u00e9nero, de terrorismo y de trata de seres humanos en aquellos procesos que tengan vinculaci\u00f3n, deriven o sean consecuencia de su condici\u00f3n de v\u00edctimas, as\u00ed como a los menores de edad y las personas con discapacidad ps\u00edquica cuando sean v\u00edctimas de situaciones de abuso o maltrato.<\/li><li>A quienes a causa de un accidente acrediten secuelas permanentes que les impidan totalmente la realizaci\u00f3n de las tareas de su ocupaci\u00f3n laboral o profesional habitual y requieran la ayuda de otras personas para realizar las actividades m\u00e1s esenciales de la vida diaria, cuando el objeto del litigio sea la reclamaci\u00f3n de indemnizaci\u00f3n por los da\u00f1os personales y morales sufridos.<\/li><li>Excepcionalmente, puede reconocerse el derecho a personas que superen el indicador p\u00fablico de rentas, sin exceder del doble, si tienen cargas econ\u00f3micas o familiares extraordinarias. Y, por contra, puede denegarse a\u00fan sin alcanzar tales ingresos, s\u00ed existen signos de riqueza que deban tenerse en cuenta.<\/li><li>La Comisi\u00f3n de Justicia Gratuita podr\u00e1 conceder, excepcionalmente, mediante resoluci\u00f3n motivada, el reconocimiento del derecho a la asistencia jur\u00eddica gratuita a aquellas personas cuyos recursos e ingresos, aun superando los l\u00edmites legalmente establecidos, no excedan del qu\u00edntuplo del indicador p\u00fablico de renta a efectos m\u00faltiples (IPREM), y en todo caso, cuando el solicitante ostente la condici\u00f3n de ascendiente de una familia numerosa de categor\u00eda especial, teniendo en cuenta la carencia de patrimonio suficiente.<\/li><li>Igualmente la Comisi\u00f3n de Justicia Gratuita podr\u00e1 de manera excepcional y mediante resoluci\u00f3n motivada conceder el reconocimiento del derecho a la asistencia jur\u00eddica gratuita atendiendo a las circunstancias de salud del solicitante y a las personas con discapacidad se\u00f1aladas en el art. 1.2 Ley 51\/2003 de 2 de diciembre, (<em>aquellas personas que padezcan deficiencias f\u00edsicas, mentales, intelectuales o sensoriales a largo plazo y que tengan reconocido un grado de discapacidad igual o superior a un 33%, equiparando a ese porcentaje a las personas que tengan reconocida pensi\u00f3n por incapacidad permanente en grado de total, absoluta o gran invalidad y a los pensionistas de clases pasivas que tengan reconocido pensi\u00f3n de jubilaci\u00f3n o retiro por incapacidad permanente para el servicio o inutilidad<\/em>) as\u00ed como a las personas que los tengan a su cargo cuando act\u00faen en un proceso en su nombre e inter\u00e9s y siempre que se trate de procedimientos que tengan relaci\u00f3n con la salud y su discapacidad.<\/li><\/ul><p><strong>\u00a0<\/strong><\/p><p><strong>\u00bfC\u00d3MO SOLICITAR EL DERECHO?<\/strong><\/p><p>Para solicitar el beneficio de justicia gratuita es necesario que el interesado cumplimente un impreso normalizado de solicitud, que se puede descargar en esta p\u00e1gina web, y aporte la documentaci\u00f3n, que se detalla en el modelo facilitado, acreditativa de la insuficiencia de recursos para litigar. El solicitante del derecho deber\u00e1 indicar cu\u00e1les son las pretensiones cuyo reconocimiento pide.<\/p><p>Dichos impresos tambi\u00e9n se facilitar\u00e1n en:<\/p><ul><li>Los Servicios de Orientaci\u00f3n Jur\u00eddica de los Colegios de Abogados.<\/li><li>Comisiones de Asistencia Jur\u00eddica Gratuita.<\/li><li>Las dependencias judiciales.<\/li><\/ul><p><strong>\u00a0<\/strong><\/p><p><strong>LUGAR DE PRESENTACI\u00d3N DE LA SOLICITUD<\/strong><\/p><p>Las solicitudes de asistencia jur\u00eddica gratuita, junto con la correspondiente documentaci\u00f3n, se presentar\u00e1n ante los Servicios de Orientaci\u00f3n Jur\u00eddica del Colegio de la Abogac\u00eda del lugar en que se halle el Juzgado o Tribunal que haya de conocer del proceso principal o ante el Juzgado del domicilio del solicitante si el proceso no se hubiera iniciado. Tambi\u00e9n podr\u00e1 remitirse la solicitud, por correo, a las dependencias colegiales.<\/p><p><strong>\u00a0<\/strong><\/p><p><strong>\u00bfQU\u00c9 CONLLEVA EL RECONOCIMIENTO DEL DERECHO A JUSTICIA GRATUITA?<\/strong><\/p><p>El derecho a la asistencia jur\u00eddica gratuita comprende las siguientes prestaciones:<\/p><p><span style=\"background-color: transparent;\">1.- El servicio de asesoramiento y orientaci\u00f3n gratuitos previos al proceso a quienes pretendan reclamar la tutela judicial de sus derechos e intereses, as\u00ed como informaci\u00f3n sobre la posibilidad de recurrir a la mediaci\u00f3n u otros medios extrajudiciales de soluci\u00f3n de conflictos cuando tengan por objeto evitar el conflicto procesal o analizar la viabilidad de la pretensi\u00f3n.<\/span><\/p><p>Cuando se trate de v\u00edctimas de violencia de g\u00e9nero, de terrorismo y de trata de seres humanos, as\u00ed como de menores de edad y las personas con discapacidad intelectual o enfermedad mental, la asistencia jur\u00eddica gratuita comprender\u00e1 asesoramiento y orientaci\u00f3n gratuitos en el momento inmediatamente previo a la interposici\u00f3n de denuncia o querella.<\/p><p>2.- Asistencia de abogado al detenido, preso o imputado que no lo hubiera designado, para cualquier diligencia policial que no sea consecuencia de un procedimiento penal en curso o en su primera comparecencia ante un \u00f3rgano jurisdiccional, o cuando \u00e9sta se lleve a cabo por medio de auxilio judicial y el detenido, preso o imputado no hubiere designado abogado en el lugar donde se preste.<\/p><p>3.- Designaci\u00f3n de Abogado y Procurador de Oficio en procedimientos en que sea obligatoria su intervenci\u00f3n. Si la intervenci\u00f3n letrada no fuese preceptiva, puede solicitar del Juzgado que, motivadamente, conmine al Colegio de Abogados su designaci\u00f3n o bien, la designaci\u00f3n sea expresamente requerida por el Juzgado o Tribunal mediante auto motivado para garantizar la igualdad de las partes en el proceso.<\/p><p>Tambi\u00e9n puede acudir al procedimiento con profesionales de su confianza, bien abon\u00e1ndoles sus honorarios, bien renunciando \u00e9stos a su cobro, sin perder el resto de los beneficios de la Justicia Gratuita.<\/p><p>4.- Asistencia pericial gratuita cuando fuera necesaria.<\/p><p>5.- Derecho a disponer de int\u00e9rprete en su lengua originaria.<\/p><p>6.- Exoneraci\u00f3n del pago de costas procesales de serle impuestas en juicio, salvo que en plazo de tres a\u00f1os venga mejor fortuna (cu\u00e1druplo del IPREM).<\/p><p>7.- Exenci\u00f3n del pago de tasas para interponer recursos.<\/p><p>8.- Inserci\u00f3n gratuita de edictos o anuncios en boletines oficiales.<\/p><p>9.- Reducci\u00f3n de aranceles de Notar\u00edas y Registros, y en caso de que los ingresos anuales del ciudadano sean inferiores al IPREM, su exenci\u00f3n, para la obtenci\u00f3n de copias, testimonios, instrumentos y actas notariales, certificaciones, anotaciones, asientos e inscripciones en los Registros de la Propiedad y Mercantil, cuando tengan relaci\u00f3n directa con el proceso.<\/p><p>La asistencia Jur\u00eddica Gratuita se extiende a todos los tr\u00e1mites, incidencias y recursos en relaci\u00f3n con el procedimiento para el que le fue reconocida, incluida la ejecuci\u00f3n de la resoluci\u00f3n judicial durante dos a\u00f1os.<\/p><p><strong>\u00a0<\/strong><\/p><p><strong>DERECHOS CON RESPETO A LA ASISTENCIA LETRADA<\/strong><\/p><p>1.- A ser nombrado un Abogado de Oficio, designado por el Colegio de la Abogac\u00eda, que deber\u00e1 reunir los requisitos de experiencia y de formaci\u00f3n que les son exigidos previamente.<\/p><p>2.- La asistencia letrada ser\u00e1 gratuita, salvo en los siguientes casos, en que deber\u00e1 abonar al profesional sus honorarios por el trabajo realizado:<\/p><ul><li>Que no se le reconozca el derecho a la Asistencia Jur\u00eddica Gratuita.<\/li><li>Que venza en el pleito sin imposici\u00f3n de costas procesales. En ese caso deber\u00e1 abonar tales honorarios siempre que no excedan de la tercera parte de lo obtenido. Si excedieran se reducir\u00e1n al importe dicha tercera parte, atendi\u00e9ndose, a prorrata, sus diversas partidas.<\/li><li>Que venga mejor fortuna dentro de los 3 a\u00f1os siguientes a la finalizaci\u00f3n del proceso.\u00a0\u00a0<\/li><\/ul><p>\u00a0<\/p><p>3.- A recibir atenci\u00f3n con la inmediatez que el caso requiera, en forma y lugar adecuados. A tal fin, deber\u00e1 poner cuanto antes a disposici\u00f3n del profesional toda la informaci\u00f3n y documentaci\u00f3n con la que cuente, prestarle su colaboraci\u00f3n diligente y facilitarle su localizaci\u00f3n y cualquier cambio de domicilio o tel\u00e9fono de contacto.<\/p><p>4.- A ser informado por el profesional sobre si su pretensi\u00f3n es viable y, si \u00e9ste la considera inviable, a que emitan un dictamen al Ministerio Fiscal y al Colegio de la Abogac\u00eda. Si alguno de ellos considera que la pretensi\u00f3n es posible tendr\u00e1 derecho a la designaci\u00f3n de un segundo profesional para quien ser\u00e1 obligatoria la defensa del caso; si ambos confirman que es inviable, se desestimar\u00e1 la solicitud.<\/p><p>5.- A ser informado sobre el estado del procedimiento, y de las resoluciones dictadas en el mismo y, en su caso, sobre la procedencia de los recursos que puedan interponerse.<\/p><p>6.- A formular ante el Colegio de la Abogac\u00eda cualquier queja que pudiese suscitar el Servicio de Orientaci\u00f3n Jur\u00eddica o la intervenci\u00f3n del profesional asignado.<\/p><p>7.- Los Colegios de la Abogac\u00eda velar\u00e1n por el correcto funcionamiento, calidad y continuidad del servicio y deben resolver las quejas que reciban y comunicar al afectado la decisi\u00f3n adoptada.<\/p><p><strong>\u00a0<\/strong><\/p><p><strong>DEBERES DE LA CIUDADAN\u00cdA ANTE LA JUSTICIA GRATUITA<\/strong><\/p><p>La Asistencia Jur\u00eddica Gratuita es un servicio p\u00fablico financiado con fondos p\u00fablicos, por lo que:<\/p><p>1.- No se debe solicitar el beneficio de la Justicia Gratuita en caso de no cumplir los requisitos legales anteriormente expuestos y debe hacerse siempre sobre la base del fiel reflejo de su situaci\u00f3n econ\u00f3mica real.<\/p><p>2.- Este derecho debe utilizarse con responsabilidad con la finalidad de que puedan beneficiarse del mismo todas las personas que realmente lo necesiten<\/p><p>3.- Obligaci\u00f3n de entregar toda la informaci\u00f3n y documentaci\u00f3n requerida por el SOJ o servicios colegiales para tramitar la solicitud de Justicia Gratuita.<\/p><p>4.- Debe guardar respeto y la debida consideraci\u00f3n al profesional designado.<\/p><p>5.- Debe facilitar la informaci\u00f3n y documentaci\u00f3n que necesite para cumplir su funci\u00f3n, prestarle diligente colaboraci\u00f3n y facilitarle su localizaci\u00f3n en todo momento.<\/p><p>6.- Debe abonar el coste de los honorarios profesionales por los servicios recibidos en los casos en que legalmente proceda, anteriormente indicados.<\/p><p>7.- Debe poner en conocimiento del Colegio de Abogados el incorrecto funcionamiento de cualquiera de los servicios o actuaciones que integran la asistencia jur\u00eddica gratuita.<\/p>\t\t\t\t\t\t\t\t<\/div>\n\t\t\t\t<\/div>\n\t\t\t\t<div class=\"elementor-element elementor-element-3310e56 elementor-widget elementor-widget-heading\" data-id=\"3310e56\" data-element_type=\"widget\" data-e-type=\"widget\" data-widget_type=\"heading.default\">\n\t\t\t\t<div class=\"elementor-widget-container\">\n\t\t\t\t\t<h2 class=\"elementor-heading-title elementor-size-default\">Informaci\u00f3n Complementaria<\/h2>\t\t\t\t<\/div>\n\t\t\t\t<\/div>\n\t\t\t\t<div class=\"elementor-element elementor-element-a3c81f8 elementor-widget elementor-widget-text-editor\" data-id=\"a3c81f8\" data-element_type=\"widget\" data-e-type=\"widget\" data-widget_type=\"text-editor.default\">\n\t\t\t\t<div class=\"elementor-widget-container\">\n\t\t\t\t\t\t\t\t\t<div class=\"article-content\"><p class=\"rtejustify\">Para m\u00e1s informaci\u00f3n\u00a0<a href=\"http:\/\/www.xustiza.gal\/asistencia-xuridica-gratuita\/introducion\" target=\"_blank\" rel=\"noopener\">http:\/\/www.xustiza.gal\/asistencia-xuridica-gratuita\/introducion<\/a><\/p><\/div>\t\t\t\t\t\t\t\t<\/div>\n\t\t\t\t<\/div>\n\t\t\t\t<div class=\"elementor-element elementor-element-5218d9c elementor-widget elementor-widget-heading\" data-id=\"5218d9c\" data-element_type=\"widget\" data-e-type=\"widget\" data-widget_type=\"heading.default\">\n\t\t\t\t<div class=\"elementor-widget-container\">\n\t\t\t\t\t<h2 class=\"elementor-heading-title elementor-size-default\">Servicio Orientaci\u00f3n Jur\u00eddica<\/h2>\t\t\t\t<\/div>\n\t\t\t\t<\/div>\n\t\t\t\t<div class=\"elementor-element elementor-element-c2b0e1e elementor-widget elementor-widget-text-editor\" data-id=\"c2b0e1e\" data-element_type=\"widget\" data-e-type=\"widget\" data-widget_type=\"text-editor.default\">\n\t\t\t\t<div class=\"elementor-widget-container\">\n\t\t\t\t\t\t\t\t\t<div class=\"article-content\"><p>Armando Dur\u00e1n, s\/n (edificio juzgados) Tlfno. 982 221 997<\/p><p>De lunes a viernes, de 08:30h a 14:30 h.<\/p><p>Pueden remitirse las solicitudes de asistencia jur\u00eddica gratuita por correo postal (C\/ Pascual Veiga, n\u00ba 2, Lugo) o mediante correo electr\u00f3nico (<a href=\"mailto:icalugo@avogacia.org\">icalugo@avogacia.org<\/a>)<\/p><p class=\"rtejustify\">El Servicios de Orientaci\u00f3n Jur\u00eddica (SOJ) de este Colegio de la Abogac\u00eda se encarga de atender a los ciudadanos que precisen orientaci\u00f3n sobre el derecho a la asistencia jur\u00eddica gratuita, as\u00ed como de informar sobre el cumplimiento de los requisitos necesarios para el reconocimiento de dicho derecho, la competencia para tramitar el proceso judicial y el auxilio en la redacci\u00f3n y\/o cumplimentaci\u00f3n de los impresos normalizados de solicitud.<\/p><p class=\"rtejustify\">El personal del SOJ es igualmente el encargado de indicar a los solicitantes la documentaci\u00f3n necesaria que precisa aportar junto con el impreso de solicitud y los que a la vista de la solicitud y documentaci\u00f3n resuelven provisionalmente la concesi\u00f3n o no de la asistencia jur\u00eddica gratuita.<\/p><\/div>\t\t\t\t\t\t\t\t<\/div>\n\t\t\t\t<\/div>\n\t\t\t\t\t<\/div>\n\t\t<\/div>\n\t\t\t\t\t<\/div>\n\t\t<\/section>\n\t\t\t\t<\/div>\n\t\t","protected":false},"excerpt":{"rendered":"<p>Asistencia Jur\u00eddica Gratuita Solicitud de Asistencia Jur\u00eddica Gratuita\u00a0(Anexo I) Solicitude de Asistencia Xur\u00eddica Gratuita Galego\u00a0(Anexo I) Informaci\u00f3n ACCESO A LA JUSTICIA Y JUSTICIA GRATUITA El acceso a la Justicia es un derecho b\u00e1sico reconocido tanto en la Declaraci\u00f3n Universal de los Derechos Humanos, como en el Convenio Europeo de Derechos Humanos. Es un derecho constitucional [&hellip;]<\/p>\n","protected":false},"author":5,"featured_media":0,"parent":0,"menu_order":0,"comment_status":"closed","ping_status":"closed","template":"elementor_header_footer","meta":{"footnotes":""},"class_list":["post-2157","page","type-page","status-publish","hentry"],"_links":{"self":[{"href":"https:\/\/icalugo.org\/es\/wp-json\/wp\/v2\/pages\/2157","targetHints":{"allow":["GET"]}}],"collection":[{"href":"https:\/\/icalugo.org\/es\/wp-json\/wp\/v2\/pages"}],"about":[{"href":"https:\/\/icalugo.org\/es\/wp-json\/wp\/v2\/types\/page"}],"author":[{"embeddable":true,"href":"https:\/\/icalugo.org\/es\/wp-json\/wp\/v2\/users\/5"}],"replies":[{"embeddable":true,"href":"https:\/\/icalugo.org\/es\/wp-json\/wp\/v2\/comments?post=2157"}],"version-history":[{"count":157,"href":"https:\/\/icalugo.org\/es\/wp-json\/wp\/v2\/pages\/2157\/revisions"}],"predecessor-version":[{"id":5208,"href":"https:\/\/icalugo.org\/es\/wp-json\/wp\/v2\/pages\/2157\/revisions\/5208"}],"wp:attachment":[{"href":"https:\/\/icalugo.org\/es\/wp-json\/wp\/v2\/media?parent=2157"}],"curies":[{"name":"wp","href":"https:\/\/api.w.org\/{rel}","templated":true}]}}