{"id":3864,"date":"2025-10-18T13:02:01","date_gmt":"2025-10-18T13:02:01","guid":{"rendered":"https:\/\/icalugo.org\/?page_id=3864"},"modified":"2025-12-02T10:56:05","modified_gmt":"2025-12-02T10:56:05","slug":"servicio-de-masc","status":"publish","type":"page","link":"https:\/\/icalugo.org\/es\/servicio-de-masc\/","title":{"rendered":"Servicio de MASC"},"content":{"rendered":"\t\t<div data-elementor-type=\"wp-page\" data-elementor-id=\"3864\" class=\"elementor elementor-3864\" data-elementor-post-type=\"page\">\n\t\t\t\t\t\t<section class=\"elementor-section elementor-top-section elementor-element elementor-element-20ee4e1 elementor-section-content-middle elementor-section-boxed elementor-section-height-default elementor-section-height-default\" data-id=\"20ee4e1\" data-element_type=\"section\" data-e-type=\"section\" data-settings=\"{&quot;background_background&quot;:&quot;classic&quot;}\">\n\t\t\t\t\t\t\t<div class=\"elementor-background-overlay\"><\/div>\n\t\t\t\t\t\t\t<div class=\"elementor-container elementor-column-gap-wide\">\n\t\t\t\t\t<div class=\"elementor-column elementor-col-100 elementor-top-column elementor-element elementor-element-478f1d6\" data-id=\"478f1d6\" data-element_type=\"column\" data-e-type=\"column\">\n\t\t\t<div class=\"elementor-widget-wrap elementor-element-populated\">\n\t\t\t\t\t\t<div class=\"elementor-element elementor-element-ae251d9 animated-slow elementor-invisible elementor-widget elementor-widget-heading\" data-id=\"ae251d9\" data-element_type=\"widget\" data-e-type=\"widget\" data-settings=\"{&quot;_animation_delay&quot;:100,&quot;_animation&quot;:&quot;fadeInUp&quot;}\" data-widget_type=\"heading.default\">\n\t\t\t\t<div class=\"elementor-widget-container\">\n\t\t\t\t\t<h2 class=\"elementor-heading-title elementor-size-default\">Servicio de MASC<\/h2>\t\t\t\t<\/div>\n\t\t\t\t<\/div>\n\t\t\t\t<div class=\"elementor-element elementor-element-8010a0d elementor-widget-divider--view-line elementor-invisible elementor-widget elementor-widget-divider\" data-id=\"8010a0d\" data-element_type=\"widget\" data-e-type=\"widget\" data-settings=\"{&quot;_animation&quot;:&quot;fadeIn&quot;,&quot;_animation_delay&quot;:200}\" data-widget_type=\"divider.default\">\n\t\t\t\t<div class=\"elementor-widget-container\">\n\t\t\t\t\t\t\t<div class=\"elementor-divider\">\n\t\t\t<span class=\"elementor-divider-separator\">\n\t\t\t\t\t\t<\/span>\n\t\t<\/div>\n\t\t\t\t\t\t<\/div>\n\t\t\t\t<\/div>\n\t\t\t\t<div class=\"elementor-element elementor-element-ae7cff3 elementor-widget elementor-widget-text-editor\" data-id=\"ae7cff3\" data-element_type=\"widget\" data-e-type=\"widget\" data-widget_type=\"text-editor.default\">\n\t\t\t\t<div class=\"elementor-widget-container\">\n\t\t\t\t\t\t\t\t\t<div class=\"article-content\"><p>Estimado\/a compa\u00f1ero\/a:<\/p><p>Tal y como os informamos en una circular reciente, con motivo de la entrada en vigor el pasado 3 de abril de 2025 de Ley Org\u00e1nica 1\/2025, de 2 de enero, de medidas en materia de eficiencia del Servicio P\u00fablico de Justicia (L.O 1\/2025) y el establecimiento como requisito de procedibilidad en los procesos civiles y mercantiles, incluidos los conflictos transfronterizos, el tener que acudir previamente a alg\u00fan medio adecuado para resoluci\u00f3n de controversias (MASC), que se definen por la LO 1\/2025 como cualquier tipo de actividad negociadora, reconocida en esa u otras leyes; por parte de este Ilustre Colegio de la Abogac\u00eda ha decidido crear el servicio de MASC para ofrecer una soluci\u00f3n a nuestros colegiados\/as con el fin de facilitar el cumplimiento del requisito de procedibilidad.<\/p><p>Tal y como se contiene en el protocolo enviado, los MASC que este Ilustre Colegio va a ofrecer inicialmente son la mediaci\u00f3n y la conciliaci\u00f3n privada. Para ello se ha elaborado el listado de abogados\/as que se han inscrito para llevar a cabo la funci\u00f3n de conciliadores y se ha actualizado el listado de mediadores ya existentes en esta Corporaci\u00f3n. Est\u00e1 previsto que estos servicios se puedan realizar en todos los partidos judiciales de la provincia y se podr\u00e1 solicitar la celebraci\u00f3n del MASC v\u00eda telem\u00e1tica.\u00a0<\/p><p>Igualmente, se est\u00e1 preparando la habilitaci\u00f3n de una plataforma en l\u00ednea para la presentaci\u00f3n de las solicitudes de la que se os informar\u00e1 pr\u00f3ximamente. En tanto no se finalice el desarrollo de la misma, la presentaci\u00f3n de las peticiones de MASC se podr\u00e1 realizar enviando un correo electr\u00f3nico a la cuenta de correo <a href=\"mailto:masc@icalugo.org\">masc@icalugo.org<\/a> o de manera presencial en las dependencias colegiales sitas en la c\/ Pascual Veiga,2; cumplimentando, en ambos casos, el formulario de solicitud que os adjuntamos.<\/p><p>En unos d\u00edas, cuando se active la plataforma tambi\u00e9n dispondr\u00e9is de otros formularios para celebrar los MASC como la remisi\u00f3n de las ofertas vinculantes y la certificaci\u00f3n de haber intentado su celebraci\u00f3n entre profesionales.<\/p><p><u>Importante<\/u>: Previa admisi\u00f3n y registro de cualquier solicitud de celebraci\u00f3n de MASC, y su posterior tramitaci\u00f3n, se deber\u00e1 efectuar el pago de las tasas fijadas para su tramitaci\u00f3n que figuran en el Anexo I del Protocolo remitido y que son los siguientes:<\/p><p>\u00a0Los costes del servicio incluir\u00e1n los derechos de gesti\u00f3n y administraci\u00f3n as\u00ed como los honorarios y gastos debidamente justificados de las personas conciliadoras y mediadoras ser\u00e1n.<\/p><table><tbody><tr><td width=\"397\"><p><strong>TASA INICIAL:<\/strong><\/p><\/td><td width=\"102\">\u00a0<\/td><\/tr><tr><td width=\"397\"><p>Tasa inicial para del servicio con profesionales adscritos al Registro de Conciliadores y Mediadores del ICA Lugo:<\/p><\/td><td width=\"102\"><p>40 \u20ac<\/p><\/td><\/tr><\/tbody><\/table><table><tbody><tr><td width=\"397\"><p><strong>TASA DE GESTI\u00d3N Y ADMINISTRACI\u00d3N MEDIACI\u00d3N:<\/strong><\/p><\/td><td width=\"102\">\u00a0<\/td><\/tr><tr><td width=\"397\"><p>(Apertura, registro y tramitaci\u00f3n de expediente)<\/p><\/td><td width=\"102\">\u00a0<\/td><\/tr><tr><td width=\"397\"><p>Mediaciones llevadas a cabo por adscritos al Registro del ICA LUGO:<\/p><\/td><td width=\"102\"><p>60 \u20ac.<\/p><\/td><\/tr><\/tbody><\/table><table><tbody><tr><td width=\"397\"><p><strong>HONORARIOS DE CONCILIADORES DESIGNADOS POR EL SERVICIO:<\/strong><\/p><\/td><td width=\"102\">\u00a0<\/td><\/tr><tr><td width=\"397\"><p>Por intervenci\u00f3n sin avenencia:<\/p><p>(Cada parte abonar\u00e1 30 euros por la redacci\u00f3n del acta)<\/p><\/td><td width=\"102\"><p>60 \u20ac<\/p><\/td><\/tr><tr><td width=\"397\"><p>Por intervenci\u00f3n con avenencia:<\/p><p>(Cada parte abonar\u00e1 50 euros por la redacci\u00f3n del acta)<\/p><\/td><td width=\"102\"><p>\u00a0 100 \u20ac<\/p><\/td><\/tr><\/tbody><\/table><table><tbody><tr><td width=\"397\"><p><strong>HONORARIOS DE LOS MEDIADORES DESIGNADOS POR EL SERVICIO:<\/strong><\/p><\/td><td width=\"102\">\u00a0<\/td><\/tr><tr><td width=\"397\"><p>Por cada sesi\u00f3n, desde la primera hasta la tercera:<\/p><\/td><td width=\"102\"><p>\u00a0120 \u20ac<\/p><\/td><\/tr><tr><td width=\"397\"><p>Por cada sesi\u00f3n, a partir de la cuarta:<\/p><\/td><td width=\"102\"><p>80 \u20ac<\/p><\/td><\/tr><tr><td width=\"397\"><p>Para conflictos cuya cuant\u00eda sea superior a 24.000 euros podr\u00e1n incrementar sus honorarios en<\/p><\/td><td width=\"102\"><p>0,5%<\/p><\/td><\/tr><\/tbody><\/table><p>A dichos importes se les aplicar\u00e1 el IVA correspondiente (21%)<\/p><p>El pago de las tasas se podr\u00e1 efectuar mediante transferencia bancaria a la cuenta de la entidad CaixaBank ES33 2100 8685 3902 0001 0636 estableciendo como concepto MASC o a trav\u00e9s de este enlace virtual en el que ha de consignarse el c\u00f3digo 0852190:<\/p><p><a href=\"https:\/\/www3.caixabank.es\/apl\/pagos\/index_es.html?CODCPR=90VPA003\" target=\"_blank\" rel=\"noopener\">https:\/\/www3.caixabank.es\/apl\/pagos\/index_es.html?CODCPR=90VPA003\u00a0<\/a><\/p><\/div>\t\t\t\t\t\t\t\t<\/div>\n\t\t\t\t<\/div>\n\t\t\t\t<div class=\"elementor-element elementor-element-b717493 elementor-widget elementor-widget-heading\" data-id=\"b717493\" data-element_type=\"widget\" data-e-type=\"widget\" data-widget_type=\"heading.default\">\n\t\t\t\t<div class=\"elementor-widget-container\">\n\t\t\t\t\t<h2 class=\"elementor-heading-title elementor-size-default\">Enlaces a documentaci\u00f3n<\/h2>\t\t\t\t<\/div>\n\t\t\t\t<\/div>\n\t\t\t\t<div class=\"elementor-element elementor-element-3ea1bbe elementor-widget elementor-widget-text-editor\" data-id=\"3ea1bbe\" data-element_type=\"widget\" data-e-type=\"widget\" data-widget_type=\"text-editor.default\">\n\t\t\t\t<div class=\"elementor-widget-container\">\n\t\t\t\t\t\t\t\t\t<div class=\"article-content\"><p><a href=\"https:\/\/icalugo.org\/wp-content\/uploads\/2025\/10\/PROTOCOLO-DEL-SERVICIO-COLEGIAL-DE-MEDIACION-Y-GESTION-AMISTOSA-MASC.pdf\" target=\"_blank\" rel=\"noopener\"><u>Protocolo del servicio colegial MASC<\/u><\/a><\/p><a href=\"https:\/\/icalugo.org\/wp-content\/uploads\/2025\/10\/PROTOCOLO-DEL-SERVICIO-COLEGIAL-DE-MEDIACION-Y-GESTION-AMISTOSA-MASC_GALEGO.pdf\" target=\"_blank\" rel=\"noopener\"><u>Protocolo del servicio colegial MASC Galego<\/u><\/a><\/div><div class=\"article-content\"><br \/><p><a href=\"https:\/\/icalugo.org\/wp-content\/uploads\/2025\/10\/mediacion-.docx\" target=\"_blank\" rel=\"noopener\"><u>Modelo de solicitud de conciliaci\u00f3n\/mediaci\u00f3n MASC ICA Lugo<\/u><\/a><\/p><p><a href=\"https:\/\/icalugo.org\/wp-content\/uploads\/2025\/10\/mediacion-galego.doc\" target=\"_blank\" rel=\"noopener\"><u>Modelo de solicitud de conciliaci\u00f3n\/mediaci\u00f3n MASC ICA Lugo Galego<\/u><\/a><\/p><br \/><br \/><\/div>\t\t\t\t\t\t\t\t<\/div>\n\t\t\t\t<\/div>\n\t\t\t\t\t<\/div>\n\t\t<\/div>\n\t\t\t\t\t<\/div>\n\t\t<\/section>\n\t\t\t\t<\/div>\n\t\t","protected":false},"excerpt":{"rendered":"<p>Servicio de MASC Estimado\/a compa\u00f1ero\/a: Tal y como os informamos en una circular reciente, con motivo de la entrada en vigor el pasado 3 de abril de 2025 de Ley Org\u00e1nica 1\/2025, de 2 de enero, de medidas en materia de eficiencia del Servicio P\u00fablico de Justicia (L.O 1\/2025) y el establecimiento como requisito de [&hellip;]<\/p>\n","protected":false},"author":5,"featured_media":0,"parent":0,"menu_order":0,"comment_status":"closed","ping_status":"closed","template":"elementor_header_footer","meta":{"footnotes":""},"class_list":["post-3864","page","type-page","status-publish","hentry"],"_links":{"self":[{"href":"https:\/\/icalugo.org\/es\/wp-json\/wp\/v2\/pages\/3864","targetHints":{"allow":["GET"]}}],"collection":[{"href":"https:\/\/icalugo.org\/es\/wp-json\/wp\/v2\/pages"}],"about":[{"href":"https:\/\/icalugo.org\/es\/wp-json\/wp\/v2\/types\/page"}],"author":[{"embeddable":true,"href":"https:\/\/icalugo.org\/es\/wp-json\/wp\/v2\/users\/5"}],"replies":[{"embeddable":true,"href":"https:\/\/icalugo.org\/es\/wp-json\/wp\/v2\/comments?post=3864"}],"version-history":[{"count":37,"href":"https:\/\/icalugo.org\/es\/wp-json\/wp\/v2\/pages\/3864\/revisions"}],"predecessor-version":[{"id":5045,"href":"https:\/\/icalugo.org\/es\/wp-json\/wp\/v2\/pages\/3864\/revisions\/5045"}],"wp:attachment":[{"href":"https:\/\/icalugo.org\/es\/wp-json\/wp\/v2\/media?parent=3864"}],"curies":[{"name":"wp","href":"https:\/\/api.w.org\/{rel}","templated":true}]}}