{"id":142,"date":"2024-09-12T10:22:50","date_gmt":"2024-09-12T10:22:50","guid":{"rendered":"https:\/\/icalugo.org\/?page_id=142"},"modified":"2025-11-26T19:36:25","modified_gmt":"2025-11-26T19:36:25","slug":"aviso-legal-y-politicas-de-privacidad-y-cookies","status":"publish","type":"page","link":"https:\/\/icalugo.org\/gl\/aviso-legal-y-politicas-de-privacidad-y-cookies\/","title":{"rendered":"Aviso Legal y Pol\u00edticas de Privacidad y Cookies"},"content":{"rendered":"<div data-elementor-type=\"wp-page\" data-elementor-id=\"142\" class=\"elementor elementor-142\" data-elementor-post-type=\"page\">\n\t\t\t\t<div class=\"elementor-element elementor-element-e55f34d e-flex e-con-boxed e-con e-parent\" data-id=\"e55f34d\" data-element_type=\"container\" data-e-type=\"container\" data-settings=\"{&quot;background_background&quot;:&quot;classic&quot;}\">\n\t\t\t\t\t<div class=\"e-con-inner\">\n\t\t\t\t<div class=\"elementor-element elementor-element-23e7b174 animated-slow elementor-invisible elementor-widget elementor-widget-heading\" data-id=\"23e7b174\" data-element_type=\"widget\" data-e-type=\"widget\" data-settings=\"{&quot;_animation&quot;:&quot;fadeInUp&quot;}\" data-widget_type=\"heading.default\">\n\t\t\t\t<div class=\"elementor-widget-container\">\n\t\t\t\t\t<h2 class=\"elementor-heading-title elementor-size-default\">Aviso Legal e Pol\u00edtica de Privacidade<\/h2>\t\t\t\t<\/div>\n\t\t\t\t<\/div>\n\t\t\t\t<div class=\"elementor-element elementor-element-2428d1f6 elementor-widget elementor-widget-text-editor\" data-id=\"2428d1f6\" data-element_type=\"widget\" data-e-type=\"widget\" data-widget_type=\"text-editor.default\">\n\t\t\t\t<div class=\"elementor-widget-container\">\n\t\t\t\t\t\t\t\t\t<p>De acordo co establecido pola normativa de Protecci\u00f3n de Datos de Car\u00e1cter Persoal, inform\u00e1moslle que est\u00e1 a facilitar os seus datos de car\u00e1cter persoal ao Responsable de Tratamento: ICA LUGO (en diante A ENTIDADE), con direcci\u00f3n en Pascual de Veiga, 2 \u2013 27002 Lugo e correo electr\u00f3nico icalugo@avogacia.org<\/p><p><b>FINALIDADE DO TRATAMENTO<\/b><\/p><p>Os datos recompilados ser\u00e1n unicamente os detallados no formulario de contacto, as\u00ed como aqueles que vostede mesmo facil\u00edtenos nos apartado \u201cComentarios\u201d. A ENTIDADE poder\u00e1 tratar os seus datos de car\u00e1cter persoal de acordo coas seguintes finalidades:<\/p><p>Xestionar a s\u00faa navegaci\u00f3n a trav\u00e9s do Sitio web.<\/p><p>Xestionar o servizo de Atenci\u00f3n ao Cliente, para dar resposta \u00e1s d\u00fabidas, queixas, comentarios ou inquietudes que poida ter relativas \u00e1 informaci\u00f3n inclu\u00edda no Sitio web, as\u00ed como calquera outras consultas que poida ter.<\/p><p>Xestionar o cumprimento, mantemento, desenvolvemento e control de calquera relaci\u00f3ns que a ENTIDADE mante\u00f1a con vostede.<\/p><p>O feito de non facilitar certa informaci\u00f3n sinalada como obrigatoria, pode conlevar que non sexa posible xestionar a s\u00faa petici\u00f3n a trav\u00e9s do formulario de contacto.<\/p><p>No caso de que nos achegue Datos Persoais de terceiros, vostede responsabil\u00edzase de informar e obter o consentimento destes para ser achegados coas finalidades indicadas nos apartados correspondentes da presente Pol\u00edtica de Privacidade e Cookies.<\/p><p><b>LEXITIMACI\u00d3N DO TRATAMENTO DOS seus DATOS DE CAR\u00c1CTER PERSOAL<\/b><\/p><p>A lexitimaci\u00f3n bas\u00e9ase no consentimento que vostede nos outorga ao clicar o bot\u00f3n \u201cAcepto o tratamento dos datos facilitados para xestionar a solicitude de informaci\u00f3n conforme a Pol\u00edtica\u00a0 de Privacidade\u201d.<\/p><p>DESTINATARIOS DE CESI\u00d3NS<\/p><p>Non cederemos os seus datos a terceiros.<\/p><p>DEREITOS<\/p><p>Por \u00faltimo, inform\u00e1moslle dos seus dereitos en materia de protecci\u00f3n de datos.<\/p><p>Dereito a solicitar o acceso aos seus datos persoais.<\/p><p>Dereito a solicitar a s\u00faa rectificaci\u00f3n ou supresi\u00f3n (dereito ao esquecemento).<\/p><p>Dereito a solicitar a limitaci\u00f3n do seu tratamento, e a opo\u00f1erse ao tratamento.<\/p><p>Dereito \u00e1 portabilidad dos datos.<\/p><p>Para exercer os seus dereitos non ten m\u00e1is que realizar unha solicitude por escrito e acompa\u00f1ala dunha copia do seu DNI. ICA LUGO disp\u00f3n de formularios adecuados respecto diso. Non ten m\u00e1is que solicitalos ou ben presentar o seu propio escrito en icalugo@avogacia.org<\/p><p><b>MEDIDAS DE SEGURIDADE<\/b><\/p><p>ICA LUGO ten implantadas as medidas t\u00e9cnicas e organizativas necesarias para garantir a seguridade dos seus datos de car\u00e1cter persoal e evitar a s\u00faa alteraci\u00f3n, a perda e o tratamento e\/ou o acceso non autorizado, tendo en conta o estado da tecnolox\u00eda, a natureza dos datos almacenados e os riscos provenientes da acci\u00f3n humana ou do medio f\u00edsico e natural a que est\u00e1n expostas.<\/p>\t\t\t\t\t\t\t\t<\/div>\n\t\t\t\t<\/div>\n\t\t\t\t<div class=\"elementor-element elementor-element-41bcd70e elementor-widget elementor-widget-heading\" data-id=\"41bcd70e\" data-element_type=\"widget\" data-e-type=\"widget\" data-widget_type=\"heading.default\">\n\t\t\t\t<div class=\"elementor-widget-container\">\n\t\t\t\t\t<h2 class=\"elementor-heading-title elementor-size-default\">Pol\u00edtica de Cookies<\/h2>\t\t\t\t<\/div>\n\t\t\t\t<\/div>\n\t\t\t\t<div class=\"elementor-element elementor-element-468f2e7a elementor-widget elementor-widget-text-editor\" data-id=\"468f2e7a\" data-element_type=\"widget\" data-e-type=\"widget\" data-widget_type=\"text-editor.default\">\n\t\t\t\t<div class=\"elementor-widget-container\">\n\t\t\t\t\t\t\t\t\t<p>Unha cookie \u00e9 un ficheiro que se descarga no seu computador ao acceder a determinadas p\u00e1xinas web. As cookies permiten \u00e1s p\u00e1xinas web, entre outras cousas, almacenar e recuperar informaci\u00f3n sobre os h\u00e1bitos de navegaci\u00f3n dun usuario ou do seu equipo e, dependendo da informaci\u00f3n que conte\u00f1an e da forma en que utilice o seu equipo, poden utilizarse para reco\u00f1ecer ao usuario.<\/p><p>Cookies t\u00e9cnicas: Son aquelas que permiten ao usuario a navegaci\u00f3n a trav\u00e9s dunha p\u00e1xina web, plataforma ou aplicaci\u00f3n e a utilizaci\u00f3n das diferentes opci\u00f3ns ou servizos que nela existan como, por exemplo, controlar o tr\u00e1fico e a comunicaci\u00f3n de datos, identificar a sesi\u00f3n, acceder a partes de acceso restrinxido, lembrar os elementos que integran un pedido, realizar o proceso de compra dun pedido, realizar a solicitude de inscrici\u00f3n ou participaci\u00f3n nun evento, utilizar elementos de seguridade durante a navegaci\u00f3n, almacenar contidos para a difusi\u00f3n de v\u00eddeos ou son ou compartir contidos a trav\u00e9s de redes sociais.<\/p><p>Cookies de personalizaci\u00f3n: Son aquelas que permiten ao usuario acceder ao servizo con algunhas caracter\u00edsticas de car\u00e1cter xeral predefinidas en funci\u00f3n dunha serie de criterios no terminal do usuario como por exemplo serian o idioma, o tipo de navegador a trav\u00e9s do cal accede ao servizo, a configuraci\u00f3n rexional desde onde accede ao servizo, etc.<\/p><p>Cookies de an\u00e1lise: Son aquelas que permiten ao responsable das mesmas, o seguimento e an\u00e1lise do comportamento dos usuarios dos sitios web aos que est\u00e1n vinculadas. A informaci\u00f3n recollida mediante este tipo de cookies util\u00edzase na medici\u00f3n da actividade dos sitios web, aplicaci\u00f3n ou plataforma e para a elaboraci\u00f3n de perf\u00eds de navegaci\u00f3n dos usuarios dos devanditos sitios, aplicaci\u00f3ns e plataformas, co fin de introducir melloras en funci\u00f3n da an\u00e1lise dos datos de uso que fan os usuarios do servizo.<\/p><p>Cookies publicitarias: Son aquelas que permiten a xesti\u00f3n, da forma m\u00e1is eficaz posible, dos espazos publicitarios que, no seu caso, o editor inclu\u00edse nunha p\u00e1xina web, aplicaci\u00f3n ou plataforma desde a que presta o servizo solicitado en base a criterios como o contido editado ou a frecuencia na que se mostran os anuncios.<\/p><p>Cookies de publicidade comportamental: Son aquelas que permiten a xesti\u00f3n, da forma m\u00e1is eficaz posible, dos espazos publicitarios que, no seu caso, o editor inclu\u00edse nunha p\u00e1xina web, aplicaci\u00f3n ou plataforma desde a que presta o servizo solicitado. Estas cookies almacenan informaci\u00f3n do comportamento dos usuarios obtida a trav\u00e9s da observaci\u00f3n continuada dos seus h\u00e1bitos de navegaci\u00f3n, o que permite desenvolver un perfil espec\u00edfico para mostrar publicidade en funci\u00f3n do mesmo.<\/p><p>\u00a0<\/p><p><b>COMO BLOQUEAR Ou ELIMINAR As COOKIES INSTALADAS NO seu EQUIPO<\/b><\/p><p>Se vostede prefire non habilitar as cookies, pode bloquealas ou eliminalas no seu navegador:<\/p><p>como administrar cookies en <a href=\"https:\/\/support.google.com\/chrome\/answer\/95647?hl=es\">Google Chrome<\/a><\/p><p>como administrar cookies en <a href=\"https:\/\/support.microsoft.com\/es-es\/windows\/eliminar-y-administrar-cookies-168dab11-0753-043d-7c16-ede5947fc64d#ie=ie-10\">Microsoft Internet Explorer<\/a><\/p><p>como administrar cookies en <a href=\"https:\/\/support.mozilla.org\/es\/kb\/habilitar-y-deshabilitar-cookies-sitios-web-rastrear-preferencias?s=cookie&amp;r=1&amp;e=es&amp;as=s7&amp;redirectslug=Habilitar+y+deshabilitar+cookies&amp;redirectlocale=es\">Mozilla FireFox<\/a><\/p><p>como administrar cookies en <a href=\"http:\/\/safari.helpmax.net\/es\/privacidad-y-seguridad\/como-gestionar-las-cookies\/\">Apple Safari<\/a><\/p>\t\t\t\t\t\t\t\t<\/div>\n\t\t\t\t<\/div>\n\t\t\t\t\t<\/div>\n\t\t\t\t<\/div>\n\t\t\t\t<\/div>","protected":false},"excerpt":{"rendered":"<p>Aviso Legal y Pol\u00edtica de Privacidad De acuerdo con lo establecido por la normativa de Protecci\u00f3n de Datos de Car\u00e1cter Personal, le informamos que est\u00e1 facilitando sus datos de car\u00e1cter personal al Responsable de Tratamiento: ICA LUGO (en adelante LA ENTIDAD), con direcci\u00f3n en Pascual de Veiga, 2 &#8211; 27002 Lugo y correo electr\u00f3nico icalugo@avogacia.org [&hellip;]<\/p>\n","protected":false},"author":5,"featured_media":0,"parent":0,"menu_order":0,"comment_status":"closed","ping_status":"closed","template":"elementor_header_footer","meta":{"footnotes":""},"class_list":["post-142","page","type-page","status-publish","hentry"],"_links":{"self":[{"href":"https:\/\/icalugo.org\/gl\/wp-json\/wp\/v2\/pages\/142","targetHints":{"allow":["GET"]}}],"collection":[{"href":"https:\/\/icalugo.org\/gl\/wp-json\/wp\/v2\/pages"}],"about":[{"href":"https:\/\/icalugo.org\/gl\/wp-json\/wp\/v2\/types\/page"}],"author":[{"embeddable":true,"href":"https:\/\/icalugo.org\/gl\/wp-json\/wp\/v2\/users\/5"}],"replies":[{"embeddable":true,"href":"https:\/\/icalugo.org\/gl\/wp-json\/wp\/v2\/comments?post=142"}],"version-history":[{"count":34,"href":"https:\/\/icalugo.org\/gl\/wp-json\/wp\/v2\/pages\/142\/revisions"}],"predecessor-version":[{"id":4752,"href":"https:\/\/icalugo.org\/gl\/wp-json\/wp\/v2\/pages\/142\/revisions\/4752"}],"wp:attachment":[{"href":"https:\/\/icalugo.org\/gl\/wp-json\/wp\/v2\/media?parent=142"}],"curies":[{"name":"wp","href":"https:\/\/api.w.org\/{rel}","templated":true}]}}