{"id":174,"date":"2024-09-12T10:33:44","date_gmt":"2024-09-12T10:33:44","guid":{"rendered":"https:\/\/icalugo.org\/?page_id=174"},"modified":"2025-05-07T10:25:22","modified_gmt":"2025-05-07T10:25:22","slug":"enlaces","status":"publish","type":"page","link":"https:\/\/icalugo.org\/gl\/enlaces\/","title":{"rendered":"Ligaz\u00f3ns"},"content":{"rendered":"<div data-elementor-type=\"wp-page\" data-elementor-id=\"174\" class=\"elementor elementor-174\" data-elementor-post-type=\"page\">\n\t\t\t\t\t\t<section class=\"elementor-section elementor-top-section elementor-element elementor-element-645152a3 elementor-section-content-middle elementor-section-boxed elementor-section-height-default elementor-section-height-default\" data-id=\"645152a3\" data-element_type=\"section\" data-e-type=\"section\" data-settings=\"{&quot;background_background&quot;:&quot;classic&quot;}\">\n\t\t\t\t\t\t\t<div class=\"elementor-background-overlay\"><\/div>\n\t\t\t\t\t\t\t<div class=\"elementor-container elementor-column-gap-wide\">\n\t\t\t\t\t<div class=\"elementor-column elementor-col-100 elementor-top-column elementor-element elementor-element-11d28542\" data-id=\"11d28542\" data-element_type=\"column\" data-e-type=\"column\">\n\t\t\t<div class=\"elementor-widget-wrap elementor-element-populated\">\n\t\t\t\t\t\t<div class=\"elementor-element elementor-element-5ebc6323 animated-slow elementor-invisible elementor-widget elementor-widget-heading\" data-id=\"5ebc6323\" data-element_type=\"widget\" data-e-type=\"widget\" data-settings=\"{&quot;_animation_delay&quot;:100,&quot;_animation&quot;:&quot;fadeInUp&quot;}\" data-widget_type=\"heading.default\">\n\t\t\t\t<div class=\"elementor-widget-container\">\n\t\t\t\t\t<h2 class=\"elementor-heading-title elementor-size-default\">Ligaz\u00f3ns de utilidade<\/h2>\t\t\t\t<\/div>\n\t\t\t\t<\/div>\n\t\t\t\t<div class=\"elementor-element elementor-element-384652fc elementor-widget-divider--view-line elementor-invisible elementor-widget elementor-widget-divider\" data-id=\"384652fc\" data-element_type=\"widget\" data-e-type=\"widget\" data-settings=\"{&quot;_animation&quot;:&quot;fadeIn&quot;,&quot;_animation_delay&quot;:200}\" data-widget_type=\"divider.default\">\n\t\t\t\t<div class=\"elementor-widget-container\">\n\t\t\t\t\t\t\t<div class=\"elementor-divider\">\n\t\t\t<span class=\"elementor-divider-separator\">\n\t\t\t\t\t\t<\/span>\n\t\t<\/div>\n\t\t\t\t\t\t<\/div>\n\t\t\t\t<\/div>\n\t\t\t\t<div class=\"elementor-element elementor-element-33bf8ca elementor-widget elementor-widget-text-editor\" data-id=\"33bf8ca\" data-element_type=\"widget\" data-e-type=\"widget\" data-widget_type=\"text-editor.default\">\n\t\t\t\t<div class=\"elementor-widget-container\">\n\t\t\t\t\t\t\t\t\t<div class=\"article-content\"><p><a title=\"Boleti\u00edn Oficial do Estado\" href=\"http:\/\/www.boe.es\/index.php?lang=gl\" target=\"_blank\" rel=\"noopener\">BOE (en galego)<\/a><\/p><p><a href=\"http:\/\/www.boe.es\/g\/es\/boe\/dias\/ultimo.php\" target=\"_blank\" rel=\"noopener\">BOE (en castel\u00e1n)<\/a><\/p><p><a title=\"Diario Oficial de Galicia\" href=\"http:\/\/www.xunta.es\/Dog\/Dog.nsf\" target=\"_blank\" rel=\"noopener\">DOG<\/a><\/p><p><a title=\"Diario Oficial da Uni\u00f3n Europea\" href=\"http:\/\/eur-lex.europa.eu\/oj\/direct-access.html?locale=es\" target=\"_blank\" rel=\"noopener\">DOUE (Diario Oficial da Uni\u00f3n Europea)<\/a><\/p><p><a title=\"Bolet\u00edn Oficial da Provincia Lugo\" href=\"http:\/\/bop.deputacionlugo.org\/\" target=\"_blank\" rel=\"noopener\">BOP Lugo<\/a><\/p><p><a title=\"Bolet\u00edn Oficial da Provincia A Coru\u00f1a\" href=\"https:\/\/bop.dicoruna.es\/bopportal\/\" target=\"_blank\" rel=\"noopener\">BOP A Coru\u00f1a<\/a><\/p><p><a title=\"Bolet\u00edn Oficial da Provincia Ourense\" href=\"https:\/\/bop.depourense.es\/\" target=\"_blank\" rel=\"noopener\">BOP Ourense<\/a><\/p><p><a title=\"Bolet\u00edn Oficial da Provincia Pontevedra\" href=\"https:\/\/boppo.depo.gal\/es\" target=\"_blank\" rel=\"noopener\">BOP Pontevedra<\/a><\/p><p><a href=\"https:\/\/www.catastro.hacienda.gob.es\" target=\"_blank\" rel=\"noopener\">Catastro<\/a><\/p><p><a href=\"https:\/\/sede.agenciatributaria.gob.es\/\" target=\"_blank\" rel=\"noopener\">Axencia Tributaria<\/a><\/p><p><a href=\"http:\/\/www.seg-social.es\/\" target=\"_blank\" rel=\"noopener\">Seguridade Social<\/a><\/p><p><a href=\"http:\/\/www.dgt.es\/\" target=\"_blank\" rel=\"noopener\">Direcci\u00f3n Xeral de Tr\u00e1fico<\/a><\/p><p><a href=\"http:\/\/www.xunta.es\/\" target=\"_blank\" rel=\"noopener\">Xunta de Galicia<\/a><\/p><p><a href=\"http:\/\/www.conselleriadefacenda.es\/\" target=\"_blank\" rel=\"noopener\">Facenda<\/a><\/p><p><a href=\"http:\/\/igvs.xunta.es\/\" target=\"_blank\" rel=\"noopener\">Instituto Galego de Vivenda e Solo<\/a><\/p><p><a href=\"http:\/\/www.deputacionlugo.org\/\" target=\"_blank\" rel=\"noopener\">Deputaci\u00f3n de Lugo<\/a><\/p><p><a href=\"http:\/\/www.lugo.es\/\" target=\"_blank\" rel=\"noopener\">Concello de Lugo<\/a><\/p><\/div>\t\t\t\t\t\t\t\t<\/div>\n\t\t\t\t<\/div>\n\t\t\t\t\t<\/div>\n\t\t<\/div>\n\t\t\t\t\t<\/div>\n\t\t<\/section>\n\t\t\t\t<\/div>","protected":false},"excerpt":{"rendered":"<p>Enlaces de utilidad BOE (en gallego) BOE (en castellano) DOG DOUE (Diario Oficial de la Uni\u00f3n Europea) BOP Lugo BOP A Coru\u00f1a BOP Ourense BOP Pontevedra Catastro Agencia Tributaria Seguridad Social Direcci\u00f3n General de Tr\u00e1fico Xunta de Galicia Hacienda Instituto Galego de Vivenda e Solo Diputaci\u00f3n de Lugo Ayuntamiento de Lugo<\/p>","protected":false},"author":5,"featured_media":0,"parent":0,"menu_order":0,"comment_status":"closed","ping_status":"closed","template":"elementor_header_footer","meta":{"footnotes":""},"class_list":["post-174","page","type-page","status-publish","hentry"],"_links":{"self":[{"href":"https:\/\/icalugo.org\/gl\/wp-json\/wp\/v2\/pages\/174","targetHints":{"allow":["GET"]}}],"collection":[{"href":"https:\/\/icalugo.org\/gl\/wp-json\/wp\/v2\/pages"}],"about":[{"href":"https:\/\/icalugo.org\/gl\/wp-json\/wp\/v2\/types\/page"}],"author":[{"embeddable":true,"href":"https:\/\/icalugo.org\/gl\/wp-json\/wp\/v2\/users\/5"}],"replies":[{"embeddable":true,"href":"https:\/\/icalugo.org\/gl\/wp-json\/wp\/v2\/comments?post=174"}],"version-history":[{"count":22,"href":"https:\/\/icalugo.org\/gl\/wp-json\/wp\/v2\/pages\/174\/revisions"}],"predecessor-version":[{"id":3518,"href":"https:\/\/icalugo.org\/gl\/wp-json\/wp\/v2\/pages\/174\/revisions\/3518"}],"wp:attachment":[{"href":"https:\/\/icalugo.org\/gl\/wp-json\/wp\/v2\/media?parent=174"}],"curies":[{"name":"wp","href":"https:\/\/api.w.org\/{rel}","templated":true}]}}