{"id":181,"date":"2024-09-12T10:38:02","date_gmt":"2024-09-12T10:38:02","guid":{"rendered":"https:\/\/icalugo.org\/?page_id=181"},"modified":"2025-05-07T10:33:28","modified_gmt":"2025-05-07T10:33:28","slug":"master-en-abogacia","status":"publish","type":"page","link":"https:\/\/icalugo.org\/gl\/master-en-abogacia\/","title":{"rendered":"M\u00e1ster en Avogac\u00eda"},"content":{"rendered":"<div data-elementor-type=\"wp-page\" data-elementor-id=\"181\" class=\"elementor elementor-181\" data-elementor-post-type=\"page\">\n\t\t\t\t\t\t<section class=\"elementor-section elementor-top-section elementor-element elementor-element-3560abe1 elementor-section-content-middle elementor-section-boxed elementor-section-height-default elementor-section-height-default\" data-id=\"3560abe1\" data-element_type=\"section\" data-e-type=\"section\" data-settings=\"{&quot;background_background&quot;:&quot;classic&quot;}\">\n\t\t\t\t\t\t\t<div class=\"elementor-background-overlay\"><\/div>\n\t\t\t\t\t\t\t<div class=\"elementor-container elementor-column-gap-wide\">\n\t\t\t\t\t<div class=\"elementor-column elementor-col-100 elementor-top-column elementor-element elementor-element-7ff479f5\" data-id=\"7ff479f5\" data-element_type=\"column\" data-e-type=\"column\">\n\t\t\t<div class=\"elementor-widget-wrap elementor-element-populated\">\n\t\t\t\t\t\t<div class=\"elementor-element elementor-element-4e94eff8 animated-slow elementor-invisible elementor-widget elementor-widget-heading\" data-id=\"4e94eff8\" data-element_type=\"widget\" data-e-type=\"widget\" data-settings=\"{&quot;_animation_delay&quot;:100,&quot;_animation&quot;:&quot;fadeInUp&quot;}\" data-widget_type=\"heading.default\">\n\t\t\t\t<div class=\"elementor-widget-container\">\n\t\t\t\t\t<h2 class=\"elementor-heading-title elementor-size-default\">M\u00e1ster en Avogac\u00eda<\/h2>\t\t\t\t<\/div>\n\t\t\t\t<\/div>\n\t\t\t\t<div class=\"elementor-element elementor-element-4f2b9af2 elementor-widget-divider--view-line elementor-invisible elementor-widget elementor-widget-divider\" data-id=\"4f2b9af2\" data-element_type=\"widget\" data-e-type=\"widget\" data-settings=\"{&quot;_animation&quot;:&quot;fadeIn&quot;,&quot;_animation_delay&quot;:200}\" data-widget_type=\"divider.default\">\n\t\t\t\t<div class=\"elementor-widget-container\">\n\t\t\t\t\t\t\t<div class=\"elementor-divider\">\n\t\t\t<span class=\"elementor-divider-separator\">\n\t\t\t\t\t\t<\/span>\n\t\t<\/div>\n\t\t\t\t\t\t<\/div>\n\t\t\t\t<\/div>\n\t\t\t\t<div class=\"elementor-element elementor-element-5abc4900 elementor-widget elementor-widget-heading\" data-id=\"5abc4900\" data-element_type=\"widget\" data-e-type=\"widget\" data-widget_type=\"heading.default\">\n\t\t\t\t<div class=\"elementor-widget-container\">\n\t\t\t\t\t<h2 class=\"elementor-heading-title elementor-size-default\">Organizaci\u00f3n<\/h2>\t\t\t\t<\/div>\n\t\t\t\t<\/div>\n\t\t\t\t<div class=\"elementor-element elementor-element-40a9f8fb elementor-widget elementor-widget-text-editor\" data-id=\"40a9f8fb\" data-element_type=\"widget\" data-e-type=\"widget\" data-widget_type=\"text-editor.default\">\n\t\t\t\t<div class=\"elementor-widget-container\">\n\t\t\t\t\t\t\t\t\t<div class=\"article-content\"><p>DIRECTORA DA ESCOLA DE PR\u00c1CTICA XUR\u00cdDICA \u201c DECANO PEDRO GONZ\u00c1LEZ\u201d<\/p><p><strong>D\u00aa Pilar M\u00aa Ba\u00f1os Rico<\/strong><\/p><\/div>\t\t\t\t\t\t\t\t<\/div>\n\t\t\t\t<\/div>\n\t\t\t\t\t<\/div>\n\t\t<\/div>\n\t\t\t\t\t<\/div>\n\t\t<\/section>\n\t\t\t\t<\/div>","protected":false},"excerpt":{"rendered":"<p>M\u00e1ster en Abogac\u00eda Organizaci\u00f3n DIRECTORA DA ESCOLA DE PR\u00c1CTICA XUR\u00cdDICA \u201c DECANO PEDRO GONZ\u00c1LEZ\u201d D\u00aa Pilar M\u00aa Ba\u00f1os Rico<\/p>","protected":false},"author":5,"featured_media":0,"parent":0,"menu_order":0,"comment_status":"closed","ping_status":"closed","template":"elementor_header_footer","meta":{"footnotes":""},"class_list":["post-181","page","type-page","status-publish","hentry"],"_links":{"self":[{"href":"https:\/\/icalugo.org\/gl\/wp-json\/wp\/v2\/pages\/181","targetHints":{"allow":["GET"]}}],"collection":[{"href":"https:\/\/icalugo.org\/gl\/wp-json\/wp\/v2\/pages"}],"about":[{"href":"https:\/\/icalugo.org\/gl\/wp-json\/wp\/v2\/types\/page"}],"author":[{"embeddable":true,"href":"https:\/\/icalugo.org\/gl\/wp-json\/wp\/v2\/users\/5"}],"replies":[{"embeddable":true,"href":"https:\/\/icalugo.org\/gl\/wp-json\/wp\/v2\/comments?post=181"}],"version-history":[{"count":22,"href":"https:\/\/icalugo.org\/gl\/wp-json\/wp\/v2\/pages\/181\/revisions"}],"predecessor-version":[{"id":3543,"href":"https:\/\/icalugo.org\/gl\/wp-json\/wp\/v2\/pages\/181\/revisions\/3543"}],"wp:attachment":[{"href":"https:\/\/icalugo.org\/gl\/wp-json\/wp\/v2\/media?parent=181"}],"curies":[{"name":"wp","href":"https:\/\/api.w.org\/{rel}","templated":true}]}}