{"id":188,"date":"2024-09-12T10:39:41","date_gmt":"2024-09-12T10:39:41","guid":{"rendered":"https:\/\/icalugo.org\/?page_id=188"},"modified":"2025-12-02T10:47:38","modified_gmt":"2025-12-02T10:47:38","slug":"normativa-colegial","status":"publish","type":"page","link":"https:\/\/icalugo.org\/gl\/normativa-colegial\/","title":{"rendered":"Normativa Colegial"},"content":{"rendered":"<div data-elementor-type=\"wp-page\" data-elementor-id=\"188\" class=\"elementor elementor-188\" data-elementor-post-type=\"page\">\n\t\t\t\t\t\t<section class=\"elementor-section elementor-top-section elementor-element elementor-element-2d54c0c4 elementor-section-content-middle elementor-section-boxed elementor-section-height-default elementor-section-height-default\" data-id=\"2d54c0c4\" data-element_type=\"section\" data-e-type=\"section\" data-settings=\"{&quot;background_background&quot;:&quot;classic&quot;}\">\n\t\t\t\t\t\t\t<div class=\"elementor-background-overlay\"><\/div>\n\t\t\t\t\t\t\t<div class=\"elementor-container elementor-column-gap-wide\">\n\t\t\t\t\t<div class=\"elementor-column elementor-col-100 elementor-top-column elementor-element elementor-element-74fe2beb\" data-id=\"74fe2beb\" data-element_type=\"column\" data-e-type=\"column\">\n\t\t\t<div class=\"elementor-widget-wrap elementor-element-populated\">\n\t\t\t\t\t\t<div class=\"elementor-element elementor-element-13805ad2 animated-slow elementor-invisible elementor-widget elementor-widget-heading\" data-id=\"13805ad2\" data-element_type=\"widget\" data-e-type=\"widget\" data-settings=\"{&quot;_animation_delay&quot;:100,&quot;_animation&quot;:&quot;fadeInUp&quot;}\" data-widget_type=\"heading.default\">\n\t\t\t\t<div class=\"elementor-widget-container\">\n\t\t\t\t\t<h2 class=\"elementor-heading-title elementor-size-default\">Normativa colegial<\/h2>\t\t\t\t<\/div>\n\t\t\t\t<\/div>\n\t\t\t\t<div class=\"elementor-element elementor-element-27545701 elementor-widget-divider--view-line elementor-invisible elementor-widget elementor-widget-divider\" data-id=\"27545701\" data-element_type=\"widget\" data-e-type=\"widget\" data-settings=\"{&quot;_animation&quot;:&quot;fadeIn&quot;,&quot;_animation_delay&quot;:200}\" data-widget_type=\"divider.default\">\n\t\t\t\t<div class=\"elementor-widget-container\">\n\t\t\t\t\t\t\t<div class=\"elementor-divider\">\n\t\t\t<span class=\"elementor-divider-separator\">\n\t\t\t\t\t\t<\/span>\n\t\t<\/div>\n\t\t\t\t\t\t<\/div>\n\t\t\t\t<\/div>\n\t\t\t\t<div class=\"elementor-element elementor-element-4460ccec elementor-widget elementor-widget-text-editor\" data-id=\"4460ccec\" data-element_type=\"widget\" data-e-type=\"widget\" data-widget_type=\"text-editor.default\">\n\t\t\t\t<div class=\"elementor-widget-container\">\n\t\t\t\t\t\t\t\t\t<p><a href=\"https:\/\/icalugo.org\/wp-content\/uploads\/2025\/10\/01_NUEVO-ESTATUTO-ABOGACIA-2021.pdf\" target=\"_blank\" rel=\"noopener\">Estatuto General de la Abogac\u00eda (entrada en vigor 01\/07\/2021)<\/a>\u00a0&#8211;\u00a0<a href=\"https:\/\/icalugo.org\/wp-content\/uploads\/2025\/10\/02_Estatuto_general_abogaciaAntiguo.pdf\" target=\"_blank\" rel=\"noopener\">Ver Estatuto antiguo<\/a><\/p><p><a href=\"https:\/\/icalugo.org\/wp-content\/uploads\/2025\/10\/03_a_estatutos_colegiales-2023.pdf\" target=\"_blank\" rel=\"noopener\">Estatutos Colegiales<\/a><\/p><p><a href=\"https:\/\/icalugo.org\/wp-content\/uploads\/2025\/10\/03_codigo_deontologico.pdf\" target=\"_blank\" rel=\"noopener\">C\u00f3digo Deontol\u00f3gico<\/a><\/p><p><a href=\"https:\/\/icalugo.org\/wp-content\/uploads\/2025\/10\/04_Nuevo-Codigo-Deontologico2019.pdf\" target=\"_blank\" rel=\"noopener\">Nuevo C\u00f3digo Deontol\u00f3gico (2019)<\/a><\/p><p><a href=\"https:\/\/icalugo.org\/wp-content\/uploads\/2025\/10\/04_reglamento_disciplinario.pdf\" target=\"_blank\" rel=\"noopener\">Reglamento Disciplinario<\/a><\/p><p><a href=\"https:\/\/icalugo.org\/wp-content\/uploads\/2025\/10\/05_Ley_1-1996_Asistencia_Juridica_Gratuita_23-06-2017.pdf\" target=\"_blank\" rel=\"noopener\">Ley 1\/96, de 10 de enero,\u00a0de Asistencia Jur\u00eddica Gratuita<\/a><\/p><p><a href=\"https:\/\/icalugo.org\/wp-content\/uploads\/2025\/10\/06_NUEVO-REGLAMENTO-JUSTICIA-GRATUITA-2018.pdf\" target=\"_blank\" rel=\"noopener\">Reglamento de Asistencia Jur\u00eddica Gratuita de Galicia 2018<\/a><\/p><p><a href=\"https:\/\/icalugo.org\/wp-content\/uploads\/2025\/10\/07_requisitos_minimos_asistencia_juri_gratuita.pdf\" target=\"_blank\" rel=\"noopener\">Requisitos m\u00ednimos para la prestaci\u00f3n de Servicios de\u00a0Asistencia Jur\u00eddica Gratuita<\/a><\/p><p><a href=\"https:\/\/icalugo.org\/wp-content\/uploads\/2025\/10\/08_ley_acceso_profesiones_abogado_procurador.pdf\" target=\"_blank\" rel=\"noopener\">Ley 34\/2006 de Acceso a las Profesiones de Abogado y Procurador<\/a><\/p><p><a href=\"https:\/\/icalugo.org\/wp-content\/uploads\/2025\/10\/09_reglamento_acceso_profesiones_abogado_procurador.pdf\" target=\"_blank\" rel=\"noopener\">Reglamento de\u00a0Acceso a las Profesiones de Abogado y Procurador<\/a><\/p><p><a href=\"http:\/\/noticias.juridicas.com\/base_datos\/Admin\/l2-1974.html\" target=\"_blank\" rel=\"noopener\">Ley de Colegios Profesionales<\/a><\/p><p><a href=\"http:\/\/noticias.juridicas.com\/base_datos\/CCAA\/ga-l11-2001.html\" target=\"_blank\" rel=\"noopener\">Ley de Colegios Profesionales de Galicia<\/a><\/p><p><a href=\"https:\/\/icalugo.org\/wp-content\/uploads\/2025\/10\/10_regulacion_contratacion_letrados.pdf\" target=\"_blank\" rel=\"noopener\">Regulaci\u00f3n de Contrataci\u00f3n de Letrados<\/a><\/p><p><a href=\"https:\/\/icalugo.org\/wp-content\/uploads\/2025\/10\/11_reglamento_turno_oficio.pdf\" target=\"_blank\" rel=\"noopener\">Reglamento del Turno Penal y Asistencia al Detenido<\/a><\/p><p><a href=\"https:\/\/icalugo.org\/wp-content\/uploads\/2025\/10\/12_Protocolo_conformidades_fiscalia.pdf\" target=\"_blank\" rel=\"noopener\">Protocolo provincial de conformidades entre la Fiscal\u00eda Provincial de Lugo y el Ilustre Colegio de Abogados de Lugo<\/a><\/p><p>Requisitos exigidos para solicitar la incorporaci\u00f3n al Listado de Administradores Concursales:<br \/><a href=\"https:\/\/icalugo.org\/wp-content\/uploads\/2025\/10\/13_Inclusion-de-Persona-Fisica-2023.docx\" target=\"_blank\" rel=\"noopener\">Inclusi\u00f3n de Persona F\u00edsica<\/a><br \/><a href=\"https:\/\/icalugo.org\/wp-content\/uploads\/2025\/10\/14_Inclusion-de-Persona-Juridica-2023.docx\" target=\"_blank\" rel=\"noopener\">Inclusi\u00f3n de Persona Jur\u00eddica<\/a><\/p>\t\t\t\t\t\t\t\t<\/div>\n\t\t\t\t<\/div>\n\t\t\t\t<div class=\"elementor-element elementor-element-7c57749a elementor-widget elementor-widget-heading\" data-id=\"7c57749a\" data-element_type=\"widget\" data-e-type=\"widget\" data-widget_type=\"heading.default\">\n\t\t\t\t<div class=\"elementor-widget-container\">\n\t\t\t\t\t<h2 class=\"elementor-heading-title elementor-size-default\">Otras Normativas de Inter\u00e9s<\/h2>\t\t\t\t<\/div>\n\t\t\t\t<\/div>\n\t\t\t\t<div class=\"elementor-element elementor-element-2e685c6a elementor-widget elementor-widget-text-editor\" data-id=\"2e685c6a\" data-element_type=\"widget\" data-e-type=\"widget\" data-widget_type=\"text-editor.default\">\n\t\t\t\t<div class=\"elementor-widget-container\">\n\t\t\t\t\t\t\t\t\t<div class=\"article-content\"><p class=\"rtejustify\"><a href=\"https:\/\/icalugo.org\/wp-content\/uploads\/2025\/10\/15_libre_acceso_actividades_servicio.pdf\" target=\"_blank\" rel=\"noopener\">Ley 17\/2009 sobre el Libre Acceso a las Actividades de Servicios y su Ejercicio<\/a><\/p><p class=\"rtejustify\"><a href=\"https:\/\/icalugo.org\/wp-content\/uploads\/2025\/10\/16_ley_omnibus.pdf\" target=\"_blank\" rel=\"noopener\">Ley 25\/2009 de Modificaci\u00f3n de Diversas Leyes (Ley \u00d3mnibus)<\/a><\/p><p class=\"rtejustify\"><a href=\"https:\/\/icalugo.org\/wp-content\/uploads\/2025\/10\/17_competencia_desleal.pdf\" target=\"_blank\" rel=\"noopener\">Ley 29\/2009 de Modificaci\u00f3n del R\u00e9gimen Legal de Competencia Desleal<\/a><\/p><p class=\"rtejustify\"><a href=\"https:\/\/icalugo.org\/wp-content\/uploads\/2025\/10\/18_modificacion_ley_acceso-asuntos_civilesymercantiles.pdf\" target=\"_blank\" rel=\"noopener\">Ley 05\/2012 de Mediaci\u00f3n en Asuntos Civiles y Mercantiles<\/a><\/p><p class=\"rtejustify\"><a href=\"https:\/\/icalugo.org\/wp-content\/uploads\/2025\/10\/19_Reglamento_Procedimiento_tribunal_justicia.pdf\" target=\"_blank\" rel=\"noopener\">Reglamento de Procedimiento del Tribunal de Justicia de la Uni\u00f3n Europea (2012\/C 337\/01)<\/a><\/p><p class=\"rtejustify\"><a href=\"https:\/\/icalugo.org\/wp-content\/uploads\/2025\/10\/20_ORDEN-22-DE-DICIEMBRE-DE-2017.pdf\" target=\"_blank\" rel=\"noopener\">Orden de 22 de diciembre de 2017 por la que se establece la compensaci\u00f3n econ\u00f3mica a los Colegios de Abogados de Galicia por las actuaciones de sus colegiados en el \u00e1mbito de las asistencia jur\u00eddica gratuita durante el cuarto trimestre de 2017 y el primer, segundo y tercer trimestre de 2018<\/a><\/p><p><a href=\"https:\/\/icalugo.org\/wp-content\/uploads\/2025\/10\/21_Modificacion_asist_jurid_gratuita_BOE-A-2022-14682.pdf\" target=\"_blank\" rel=\"noopener\">Modificaci\u00f3n del reglamento de asistencia jur\u00eddica gratuita &#8211; Real Decreto 586\/2022<\/a><\/p><p><a href=\"https:\/\/icalugo.org\/wp-content\/uploads\/2025\/10\/22_BOE-A-629-2022-12504-.pdf\" target=\"_blank\" rel=\"noopener\">Real Decreto 629\/2022, de 26 de julio, por el que se modifica el Reglamento de la Ley Org\u00e1nica 4\/2000, sobre derechos y libertades de los extranjeros en Espa\u00f1a y su integraci\u00f3n social, tras su reforma por Ley Org\u00e1nica 2\/2009, aprobado por el Real Decreto 557\/2011, de 20 de abril.<\/a><\/p><\/div>\t\t\t\t\t\t\t\t<\/div>\n\t\t\t\t<\/div>\n\t\t\t\t\t<\/div>\n\t\t<\/div>\n\t\t\t\t\t<\/div>\n\t\t<\/section>\n\t\t\t\t<\/div>","protected":false},"excerpt":{"rendered":"<p>Normativa colegial Estatuto General de la Abogac\u00eda (entrada en vigor 01\/07\/2021)\u00a0&#8211;\u00a0Ver Estatuto antiguo Estatutos Colegiales C\u00f3digo Deontol\u00f3gico Nuevo C\u00f3digo Deontol\u00f3gico (2019) Reglamento Disciplinario Ley 1\/96, de 10 de enero,\u00a0de Asistencia Jur\u00eddica Gratuita Reglamento de Asistencia Jur\u00eddica Gratuita de Galicia 2018 Requisitos m\u00ednimos para la prestaci\u00f3n de Servicios de\u00a0Asistencia Jur\u00eddica Gratuita Ley 34\/2006 de Acceso a [&hellip;]<\/p>\n","protected":false},"author":5,"featured_media":0,"parent":0,"menu_order":0,"comment_status":"closed","ping_status":"closed","template":"elementor_header_footer","meta":{"footnotes":""},"class_list":["post-188","page","type-page","status-publish","hentry"],"_links":{"self":[{"href":"https:\/\/icalugo.org\/gl\/wp-json\/wp\/v2\/pages\/188","targetHints":{"allow":["GET"]}}],"collection":[{"href":"https:\/\/icalugo.org\/gl\/wp-json\/wp\/v2\/pages"}],"about":[{"href":"https:\/\/icalugo.org\/gl\/wp-json\/wp\/v2\/types\/page"}],"author":[{"embeddable":true,"href":"https:\/\/icalugo.org\/gl\/wp-json\/wp\/v2\/users\/5"}],"replies":[{"embeddable":true,"href":"https:\/\/icalugo.org\/gl\/wp-json\/wp\/v2\/comments?post=188"}],"version-history":[{"count":58,"href":"https:\/\/icalugo.org\/gl\/wp-json\/wp\/v2\/pages\/188\/revisions"}],"predecessor-version":[{"id":5018,"href":"https:\/\/icalugo.org\/gl\/wp-json\/wp\/v2\/pages\/188\/revisions\/5018"}],"wp:attachment":[{"href":"https:\/\/icalugo.org\/gl\/wp-json\/wp\/v2\/media?parent=188"}],"curies":[{"name":"wp","href":"https:\/\/api.w.org\/{rel}","templated":true}]}}