{"id":195,"date":"2024-09-12T10:41:08","date_gmt":"2024-09-12T10:41:08","guid":{"rendered":"https:\/\/icalugo.org\/?page_id=195"},"modified":"2025-10-18T18:59:08","modified_gmt":"2025-10-18T18:59:08","slug":"noticias","status":"publish","type":"page","link":"https:\/\/icalugo.org\/gl\/noticias\/","title":{"rendered":"Novas"},"content":{"rendered":"<div data-elementor-type=\"wp-page\" data-elementor-id=\"195\" class=\"elementor elementor-195\" data-elementor-post-type=\"page\">\n\t\t\t\t<div class=\"elementor-element elementor-element-52b43abf e-flex e-con-boxed e-con e-parent\" data-id=\"52b43abf\" data-element_type=\"container\" data-e-type=\"container\" data-settings=\"{&quot;background_background&quot;:&quot;classic&quot;}\">\n\t\t\t\t\t<div class=\"e-con-inner\">\n\t\t\t\t<div class=\"elementor-element elementor-element-128738c2 animated-slow elementor-invisible elementor-widget elementor-widget-heading\" data-id=\"128738c2\" data-element_type=\"widget\" data-e-type=\"widget\" data-settings=\"{&quot;_animation_delay&quot;:100,&quot;_animation&quot;:&quot;fadeInUp&quot;}\" data-widget_type=\"heading.default\">\n\t\t\t\t<div class=\"elementor-widget-container\">\n\t\t\t\t\t<h2 class=\"elementor-heading-title elementor-size-default\">Novas de Interese<\/h2>\t\t\t\t<\/div>\n\t\t\t\t<\/div>\n\t\t\t\t<div class=\"elementor-element elementor-element-3f4d1994 elementor-widget-divider--view-line elementor-invisible elementor-widget elementor-widget-divider\" data-id=\"3f4d1994\" data-element_type=\"widget\" data-e-type=\"widget\" data-settings=\"{&quot;_animation&quot;:&quot;fadeIn&quot;,&quot;_animation_delay&quot;:200}\" data-widget_type=\"divider.default\">\n\t\t\t\t<div class=\"elementor-widget-container\">\n\t\t\t\t\t\t\t<div class=\"elementor-divider\">\n\t\t\t<span class=\"elementor-divider-separator\">\n\t\t\t\t\t\t<\/span>\n\t\t<\/div>\n\t\t\t\t\t\t<\/div>\n\t\t\t\t<\/div>\n\t\t\t\t\t<\/div>\n\t\t\t\t<\/div>\n\t\t<div class=\"elementor-element elementor-element-7fc94cdf e-flex e-con-boxed e-con e-parent\" data-id=\"7fc94cdf\" data-element_type=\"container\" data-e-type=\"container\" data-settings=\"{&quot;background_background&quot;:&quot;classic&quot;}\">\n\t\t\t\t\t<div class=\"e-con-inner\">\n\t\t\t\t<div class=\"elementor-element elementor-element-ccebbe9 elementor-posts--thumbnail-none elementor-grid-3 elementor-grid-tablet-2 elementor-grid-mobile-1 elementor-posts__hover-gradient elementor-widget elementor-widget-posts\" data-id=\"ccebbe9\" data-element_type=\"widget\" data-e-type=\"widget\" data-settings=\"{&quot;cards_row_gap&quot;:{&quot;unit&quot;:&quot;px&quot;,&quot;size&quot;:44,&quot;sizes&quot;:[]},&quot;pagination_type&quot;:&quot;numbers_and_prev_next&quot;,&quot;cards_columns&quot;:&quot;3&quot;,&quot;cards_columns_tablet&quot;:&quot;2&quot;,&quot;cards_columns_mobile&quot;:&quot;1&quot;,&quot;cards_row_gap_tablet&quot;:{&quot;unit&quot;:&quot;px&quot;,&quot;size&quot;:&quot;&quot;,&quot;sizes&quot;:[]},&quot;cards_row_gap_mobile&quot;:{&quot;unit&quot;:&quot;px&quot;,&quot;size&quot;:&quot;&quot;,&quot;sizes&quot;:[]}}\" data-widget_type=\"posts.cards\">\n\t\t\t\t<div class=\"elementor-widget-container\">\n\t\t\t\t\t\t\t<div class=\"elementor-posts-container elementor-posts elementor-posts--skin-cards elementor-grid\" role=\"list\">\n\t\t\t\t<article class=\"elementor-post elementor-grid-item post-5283 post type-post status-publish format-standard hentry category-noticias\" role=\"listitem\">\n\t\t\t<div class=\"elementor-post__card\">\n\t\t\t\t<div class=\"elementor-post__text\">\n\t\t\t\t<h3 class=\"elementor-post__title\">\n\t\t\t<a href=\"https:\/\/icalugo.org\/gl\/iii-encuentro-nacional-de-secciones-colegiales-de-derecho-mercantil-y-concursal\/\" >\n\t\t\t\tIII Encontro Nacional de Seccions Colexiais de Dereito Mercantil e Concursal\t\t\t<\/a>\n\t\t<\/h3>\n\t\t\t\t<div class=\"elementor-post__excerpt\">\n\t\t\t<p>Anexo a esta comunicaci\u00f3n ach\u00e9gase o programa do III Encontro Nacional de Secci\u00f3ns Colexiais de Dereito Mercantil e Concursal, a celebrar na Coru\u00f1a os pr\u00f3ximos d\u00edas 7 e<\/p>\n\t\t<\/div>\n\t\t\t\t\t<div class=\"elementor-post__read-more-wrapper\">\n\t\t\n\t\t<a class=\"elementor-post__read-more\" href=\"https:\/\/icalugo.org\/gl\/iii-encuentro-nacional-de-secciones-colegiales-de-derecho-mercantil-y-concursal\/\" aria-label=\"Read more about III ENCUENTRO NACIONAL DE SECCIONES COLEGIALES DE DERECHO MERCANTIL Y CONCURSAL\" tabindex=\"-1\" >\n\t\t\tLeer m\u00e1is \u00bb\t\t<\/a>\n\n\t\t\t\t\t<\/div>\n\t\t\t\t<\/div>\n\t\t\t\t<div class=\"elementor-post__meta-data\">\n\t\t\t\t\t<span class=\"elementor-post-date\">\n\t\t\t01\/04\/2026\t\t<\/span>\n\t\t\t\t<\/div>\n\t\t\t\t\t<\/div>\n\t\t<\/article>\n\t\t\t\t<article class=\"elementor-post elementor-grid-item post-5219 post type-post status-publish format-standard hentry category-noticias\" role=\"listitem\">\n\t\t\t<div class=\"elementor-post__card\">\n\t\t\t\t<div class=\"elementor-post__text\">\n\t\t\t\t<h3 class=\"elementor-post__title\">\n\t\t\t<a href=\"https:\/\/icalugo.org\/gl\/manifiesto-por-la-igualdad-2026\/\" >\n\t\t\t\tMANIFESTO POLA IGUALDADE 2026\t\t\t<\/a>\n\t\t<\/h3>\n\t\t\t\t<div class=\"elementor-post__excerpt\">\n\t\t\t<p>Con motivo do D\u00eda Internacional da Muller (8M), envi\u00e1mosvos o Manifesto da Avogac\u00eda Espa\u00f1ola elaborado pola Comisi\u00f3n de Igualdade. Descargar aqu\u00ed. O documento ten como obxectivo<\/p>\n\t\t<\/div>\n\t\t\t\t\t<div class=\"elementor-post__read-more-wrapper\">\n\t\t\n\t\t<a class=\"elementor-post__read-more\" href=\"https:\/\/icalugo.org\/gl\/manifiesto-por-la-igualdad-2026\/\" aria-label=\"Read more about MANIFIESTO POR LA IGUALDAD 2026\" tabindex=\"-1\" >\n\t\t\tLeer m\u00e1is \u00bb\t\t<\/a>\n\n\t\t\t\t\t<\/div>\n\t\t\t\t<\/div>\n\t\t\t\t<div class=\"elementor-post__meta-data\">\n\t\t\t\t\t<span class=\"elementor-post-date\">\n\t\t\t06\/03\/2026\t\t<\/span>\n\t\t\t\t<\/div>\n\t\t\t\t\t<\/div>\n\t\t<\/article>\n\t\t\t\t<article class=\"elementor-post elementor-grid-item post-5212 post type-post status-publish format-standard hentry category-noticias\" role=\"listitem\">\n\t\t\t<div class=\"elementor-post__card\">\n\t\t\t\t<div class=\"elementor-post__text\">\n\t\t\t\t<h3 class=\"elementor-post__title\">\n\t\t\t<a href=\"https:\/\/icalugo.org\/gl\/direccion-xeral-de-promocion-e-igualdade-da-conselleria-de-politica-social-e-igualdade-da-xunta-de-galicia-na-que-se-traslada-a-este-colexio-unha-iniciativa-destinada-a-dar-maior-visibilida\/\" >\n\t\t\t\tDirecci\u00f3n Xeral de Promoci\u00f3n e Igualdade da Conseller\u00eda de Pol\u00edtica Social e Igualdade da \u00a0Xunta de Galicia na que se traslada a este Colexio unha iniciativa destinada a\u00a0dar maior visibilidade \u00e1s mulleres profesionais de Galicia\t\t\t<\/a>\n\t\t<\/h3>\n\t\t\t\t<div class=\"elementor-post__excerpt\">\n\t\t\t<p>Enviamos a informaci\u00f3n recibida da Direcci\u00f3n Xeral de Promoci\u00f3n e Igualdade da Conseller\u00eda de Pol\u00edtica Social e Igualdade da &nbsp;Xunta de Galicia na que se traslada a este Colexio unha<\/p>\n\t\t<\/div>\n\t\t\t\t\t<div class=\"elementor-post__read-more-wrapper\">\n\t\t\n\t\t<a class=\"elementor-post__read-more\" href=\"https:\/\/icalugo.org\/gl\/direccion-xeral-de-promocion-e-igualdade-da-conselleria-de-politica-social-e-igualdade-da-xunta-de-galicia-na-que-se-traslada-a-este-colexio-unha-iniciativa-destinada-a-dar-maior-visibilida\/\" aria-label=\"Read more about Direcci\u00f3n Xeral de Promoci\u00f3n e Igualdade da Conseller\u00eda de Pol\u00edtica Social e Igualdade da \u00a0Xunta de Galicia na que se traslada a este Colexio unha iniciativa destinada a\u00a0dar maior visibilidade \u00e1s mulleres profesionais de Galicia\" tabindex=\"-1\" >\n\t\t\tLeer m\u00e1is \u00bb\t\t<\/a>\n\n\t\t\t\t\t<\/div>\n\t\t\t\t<\/div>\n\t\t\t\t<div class=\"elementor-post__meta-data\">\n\t\t\t\t\t<span class=\"elementor-post-date\">\n\t\t\t27\/02\/2026\t\t<\/span>\n\t\t\t\t<\/div>\n\t\t\t\t\t<\/div>\n\t\t<\/article>\n\t\t\t\t<article class=\"elementor-post elementor-grid-item post-5209 post type-post status-publish format-standard hentry category-noticias\" role=\"listitem\">\n\t\t\t<div class=\"elementor-post__card\">\n\t\t\t\t<div class=\"elementor-post__text\">\n\t\t\t\t<h3 class=\"elementor-post__title\">\n\t\t\t<a href=\"https:\/\/icalugo.org\/gl\/convocatoria-junta-general-ordinaria-16-03-2026-a-las-1900-horas\/\" >\n\t\t\t\tCONVOCATORIA XUNTA XENERAL ORDINARIA \u2013 16.03.2026 \u00c1s 19.00 HORAS\t\t\t<\/a>\n\t\t<\/h3>\n\t\t\t\t<div class=\"elementor-post__excerpt\">\n\t\t\t<p>Descarga aqu\u00ed.<\/p>\n\t\t<\/div>\n\t\t\t\t\t<div class=\"elementor-post__read-more-wrapper\">\n\t\t\n\t\t<a class=\"elementor-post__read-more\" href=\"https:\/\/icalugo.org\/gl\/convocatoria-junta-general-ordinaria-16-03-2026-a-las-1900-horas\/\" aria-label=\"Read more about CONVOCATORIA JUNTA GENERAL ORDINARIA &#8211; 16.03.2026 A LAS 19:00 HORAS\" tabindex=\"-1\" >\n\t\t\tLeer m\u00e1is \u00bb\t\t<\/a>\n\n\t\t\t\t\t<\/div>\n\t\t\t\t<\/div>\n\t\t\t\t<div class=\"elementor-post__meta-data\">\n\t\t\t\t\t<span class=\"elementor-post-date\">\n\t\t\t24\/02\/2026\t\t<\/span>\n\t\t\t\t<\/div>\n\t\t\t\t\t<\/div>\n\t\t<\/article>\n\t\t\t\t<article class=\"elementor-post elementor-grid-item post-5191 post type-post status-publish format-standard hentry category-noticias\" role=\"listitem\">\n\t\t\t<div class=\"elementor-post__card\">\n\t\t\t\t<div class=\"elementor-post__text\">\n\t\t\t\t<h3 class=\"elementor-post__title\">\n\t\t\t<a href=\"https:\/\/icalugo.org\/gl\/felix-bolanos-se-reune-con-salvador-gonzalez-para-abordar-mejoras-en-la-asistencia-juridica-gratuita\/\" >\n\t\t\t\tF\u00c9LIX BOLA\u00d1OS RE\u00daNESE CON SALVADOR GONZ\u00c1LEZ PARA ABORDAR MELLORAS NA ASISTENCIA XUR\u00cdDICA GRATU\u00cdTA\t\t\t<\/a>\n\t\t<\/h3>\n\t\t\t\t<div class=\"elementor-post__excerpt\">\n\t\t\t<p>Estimado\/a Colexiado\/a: Adxunto remitimos\u00a0comunicaci\u00f3n\u00a0aos oportunos efectos. Sen\u00a0outro particular, recibe un cordial sa\u00fado. Descarga aqu\u00ed<\/p>\n\t\t<\/div>\n\t\t\t\t\t<div class=\"elementor-post__read-more-wrapper\">\n\t\t\n\t\t<a class=\"elementor-post__read-more\" href=\"https:\/\/icalugo.org\/gl\/felix-bolanos-se-reune-con-salvador-gonzalez-para-abordar-mejoras-en-la-asistencia-juridica-gratuita\/\" aria-label=\"Read more about F\u00c9LIX BOLA\u00d1OS SE RE\u00daNE CON SALVADOR GONZ\u00c1LEZ PARA ABORDAR MEJORAS EN LA ASISTENCIA JUR\u00cdDICA GRATUITA\" tabindex=\"-1\" >\n\t\t\tLeer m\u00e1is \u00bb\t\t<\/a>\n\n\t\t\t\t\t<\/div>\n\t\t\t\t<\/div>\n\t\t\t\t<div class=\"elementor-post__meta-data\">\n\t\t\t\t\t<span class=\"elementor-post-date\">\n\t\t\t03\/02\/2026\t\t<\/span>\n\t\t\t\t<\/div>\n\t\t\t\t\t<\/div>\n\t\t<\/article>\n\t\t\t\t<article class=\"elementor-post elementor-grid-item post-5188 post type-post status-publish format-standard hentry category-noticias\" role=\"listitem\">\n\t\t\t<div class=\"elementor-post__card\">\n\t\t\t\t<div class=\"elementor-post__text\">\n\t\t\t\t<h3 class=\"elementor-post__title\">\n\t\t\t<a href=\"https:\/\/icalugo.org\/gl\/cgae-nota-de-prensa-sobre-validez-de-colegiaciones\/\" >\n\t\t\t\tCGAE: nota de prensa sobre validez de colexiaci\u00f3ns\t\t\t<\/a>\n\t\t<\/h3>\n\t\t\t\t<div class=\"elementor-post__excerpt\">\n\t\t\t<p>Para a t\u00faa informaci\u00f3n, adxunto remitimos nota de prensa emitida polo CGAE na que se manifesta que a Avogac\u00eda Espa\u00f1ola s\u00f3 considera v\u00e1lidas as colexiaci\u00f3ns que cumpran co<\/p>\n\t\t<\/div>\n\t\t\t\t\t<div class=\"elementor-post__read-more-wrapper\">\n\t\t\n\t\t<a class=\"elementor-post__read-more\" href=\"https:\/\/icalugo.org\/gl\/cgae-nota-de-prensa-sobre-validez-de-colegiaciones\/\" aria-label=\"Read more about CGAE: nota de prensa sobre validez de colegiaciones\" tabindex=\"-1\" >\n\t\t\tLeer m\u00e1is \u00bb\t\t<\/a>\n\n\t\t\t\t\t<\/div>\n\t\t\t\t<\/div>\n\t\t\t\t<div class=\"elementor-post__meta-data\">\n\t\t\t\t\t<span class=\"elementor-post-date\">\n\t\t\t29\/01\/2026\t\t<\/span>\n\t\t\t\t<\/div>\n\t\t\t\t\t<\/div>\n\t\t<\/article>\n\t\t\t\t<\/div>\n\t\t\n\t\t\t\t<div class=\"e-load-more-anchor\" data-page=\"1\" data-max-page=\"3\" data-next-page=\"https:\/\/icalugo.org\/gl\/wp-json\/wp\/v2\/pages\/195\/page\/2\/\"><\/div>\n\t\t\t\t<nav class=\"elementor-pagination\" aria-label=\"Pagination\">\n\t\t\t<span class=\"page-numbers prev\">&laquo; Anterior<\/span>\n<span aria-current=\"page\" class=\"page-numbers current\"><span class=\"elementor-screen-only\">Page<\/span>1<\/span>\n<a class=\"page-numbers\" href=\"https:\/\/icalugo.org\/gl\/wp-json\/wp\/v2\/pages\/195\/page\/2\/\"><span class=\"elementor-screen-only\">Page<\/span>2<\/a>\n<a class=\"page-numbers\" href=\"https:\/\/icalugo.org\/gl\/wp-json\/wp\/v2\/pages\/195\/page\/3\/\"><span class=\"elementor-screen-only\">Page<\/span>3<\/a>\n<a class=\"page-numbers next\" href=\"https:\/\/icalugo.org\/gl\/wp-json\/wp\/v2\/pages\/195\/page\/2\/\">Siguiente &raquo;<\/a>\t\t<\/nav>\n\t\t\t\t\t\t<\/div>\n\t\t\t\t<\/div>\n\t\t\t\t\t<\/div>\n\t\t\t\t<\/div>\n\t\t\t\t<\/div>","protected":false},"excerpt":{"rendered":"<p>Novas de Interese<\/p>","protected":false},"author":5,"featured_media":0,"parent":0,"menu_order":0,"comment_status":"closed","ping_status":"closed","template":"elementor_header_footer","meta":{"footnotes":""},"class_list":["post-195","page","type-page","status-publish","hentry"],"_links":{"self":[{"href":"https:\/\/icalugo.org\/gl\/wp-json\/wp\/v2\/pages\/195","targetHints":{"allow":["GET"]}}],"collection":[{"href":"https:\/\/icalugo.org\/gl\/wp-json\/wp\/v2\/pages"}],"about":[{"href":"https:\/\/icalugo.org\/gl\/wp-json\/wp\/v2\/types\/page"}],"author":[{"embeddable":true,"href":"https:\/\/icalugo.org\/gl\/wp-json\/wp\/v2\/users\/5"}],"replies":[{"embeddable":true,"href":"https:\/\/icalugo.org\/gl\/wp-json\/wp\/v2\/comments?post=195"}],"version-history":[{"count":16,"href":"https:\/\/icalugo.org\/gl\/wp-json\/wp\/v2\/pages\/195\/revisions"}],"predecessor-version":[{"id":4026,"href":"https:\/\/icalugo.org\/gl\/wp-json\/wp\/v2\/pages\/195\/revisions\/4026"}],"wp:attachment":[{"href":"https:\/\/icalugo.org\/gl\/wp-json\/wp\/v2\/media?parent=195"}],"curies":[{"name":"wp","href":"https:\/\/api.w.org\/{rel}","templated":true}]}}