{"id":1992,"date":"2024-09-12T15:03:27","date_gmt":"2024-09-12T15:03:27","guid":{"rendered":"https:\/\/icalugo.org\/?page_id=1992"},"modified":"2025-12-02T10:53:22","modified_gmt":"2025-12-02T10:53:22","slug":"portal-de-transparencia","status":"publish","type":"page","link":"https:\/\/icalugo.org\/gl\/portal-de-transparencia\/","title":{"rendered":"Portal de transparencia"},"content":{"rendered":"<div data-elementor-type=\"wp-page\" data-elementor-id=\"1992\" class=\"elementor elementor-1992\" data-elementor-post-type=\"page\">\n\t\t\t\t\t\t<section class=\"elementor-section elementor-top-section elementor-element elementor-element-703fa01 elementor-section-content-middle elementor-section-boxed elementor-section-height-default elementor-section-height-default\" data-id=\"703fa01\" data-element_type=\"section\" data-e-type=\"section\" data-settings=\"{&quot;background_background&quot;:&quot;classic&quot;}\">\n\t\t\t\t\t\t\t<div class=\"elementor-background-overlay\"><\/div>\n\t\t\t\t\t\t\t<div class=\"elementor-container elementor-column-gap-wide\">\n\t\t\t\t\t<div class=\"elementor-column elementor-col-100 elementor-top-column elementor-element elementor-element-a737a0f\" data-id=\"a737a0f\" data-element_type=\"column\" data-e-type=\"column\">\n\t\t\t<div class=\"elementor-widget-wrap elementor-element-populated\">\n\t\t\t\t\t\t<div class=\"elementor-element elementor-element-df02bc1 animated-slow elementor-invisible elementor-widget elementor-widget-heading\" data-id=\"df02bc1\" data-element_type=\"widget\" data-e-type=\"widget\" data-settings=\"{&quot;_animation_delay&quot;:100,&quot;_animation&quot;:&quot;fadeInUp&quot;}\" data-widget_type=\"heading.default\">\n\t\t\t\t<div class=\"elementor-widget-container\">\n\t\t\t\t\t<h2 class=\"elementor-heading-title elementor-size-default\">Portal de Transparencia<\/h2>\t\t\t\t<\/div>\n\t\t\t\t<\/div>\n\t\t\t\t<div class=\"elementor-element elementor-element-e9a1492 elementor-widget-divider--view-line elementor-invisible elementor-widget elementor-widget-divider\" data-id=\"e9a1492\" data-element_type=\"widget\" data-e-type=\"widget\" data-settings=\"{&quot;_animation&quot;:&quot;fadeIn&quot;,&quot;_animation_delay&quot;:200}\" data-widget_type=\"divider.default\">\n\t\t\t\t<div class=\"elementor-widget-container\">\n\t\t\t\t\t\t\t<div class=\"elementor-divider\">\n\t\t\t<span class=\"elementor-divider-separator\">\n\t\t\t\t\t\t<\/span>\n\t\t<\/div>\n\t\t\t\t\t\t<\/div>\n\t\t\t\t<\/div>\n\t\t\t\t<div class=\"elementor-element elementor-element-c5f66fe elementor-widget elementor-widget-heading\" data-id=\"c5f66fe\" data-element_type=\"widget\" data-e-type=\"widget\" data-widget_type=\"heading.default\">\n\t\t\t\t<div class=\"elementor-widget-container\">\n\t\t\t\t\t<h2 class=\"elementor-heading-title elementor-size-default\">Portelo \u00fanico<\/h2>\t\t\t\t<\/div>\n\t\t\t\t<\/div>\n\t\t\t\t<div class=\"elementor-element elementor-element-57fa693 elementor-align-left elementor-widget elementor-widget-button\" data-id=\"57fa693\" data-element_type=\"widget\" data-e-type=\"widget\" data-widget_type=\"button.default\">\n\t\t\t\t<div class=\"elementor-widget-container\">\n\t\t\t\t\t\t\t\t\t<div class=\"elementor-button-wrapper\">\n\t\t\t\t\t<a class=\"elementor-button elementor-button-link elementor-size-sm\" href=\"https:\/\/www.ventanillaunicaabogados.org\/VentanillaUnica\/faces\/html\/publico\/abogacia\/home.xhtml\" target=\"_blank\">\n\t\t\t\t\t\t<span class=\"elementor-button-content-wrapper\">\n\t\t\t\t\t\t<span class=\"elementor-button-icon\">\n\t\t\t\t<svg aria-hidden=\"true\" class=\"e-font-icon-svg e-far-folder-open\" viewbox=\"0 0 576 512\" xmlns=\"http:\/\/www.w3.org\/2000\/svg\"><path d=\"M527.9 224H480v-48c0-26.5-21.5-48-48-48H272l-64-64H48C21.5 64 0 85.5 0 112v288c0 26.5 21.5 48 48 48h400c16.5 0 31.9-8.5 40.7-22.6l79.9-128c20-31.9-3-73.4-40.7-73.4zM48 118c0-3.3 2.7-6 6-6h134.1l64 64H426c3.3 0 6 2.7 6 6v42H152c-16.8 0-32.4 8.8-41.1 23.2L48 351.4zm400 282H72l77.2-128H528z\"><\/path><\/svg>\t\t\t<\/span>\n\t\t\t\t\t\t\t\t\t<span class=\"elementor-button-text\">Acceder a Portelo \u00danico<\/span>\n\t\t\t\t\t<\/span>\n\t\t\t\t\t<\/a>\n\t\t\t\t<\/div>\n\t\t\t\t\t\t\t\t<\/div>\n\t\t\t\t<\/div>\n\t\t\t\t<div class=\"elementor-element elementor-element-182e374 elementor-widget elementor-widget-heading\" data-id=\"182e374\" data-element_type=\"widget\" data-e-type=\"widget\" data-widget_type=\"heading.default\">\n\t\t\t\t<div class=\"elementor-widget-container\">\n\t\t\t\t\t<h2 class=\"elementor-heading-title elementor-size-default\">Queixas e Reclamaci\u00f3ns<\/h2>\t\t\t\t<\/div>\n\t\t\t\t<\/div>\n\t\t\t\t<div class=\"elementor-element elementor-element-36c190a elementor-widget elementor-widget-text-editor\" data-id=\"36c190a\" data-element_type=\"widget\" data-e-type=\"widget\" data-widget_type=\"text-editor.default\">\n\t\t\t\t<div class=\"elementor-widget-container\">\n\t\t\t\t\t\t\t\t\t<div class=\"article-content\"><p><a href=\"https:\/\/icalugo.org\/wp-content\/uploads\/2025\/10\/hoja_quejas_reclamaciones.docx\" rel=\"noopener\">Descargar Folla de queixas e reclamaci\u00f3ns<\/a><\/p><\/div>\t\t\t\t\t\t\t\t<\/div>\n\t\t\t\t<\/div>\n\t\t\t\t\t<\/div>\n\t\t<\/div>\n\t\t\t\t\t<\/div>\n\t\t<\/section>\n\t\t\t\t<section class=\"elementor-section elementor-top-section elementor-element elementor-element-fc945c0 elementor-section-content-middle elementor-section-boxed elementor-section-height-default elementor-section-height-default\" data-id=\"fc945c0\" data-element_type=\"section\" data-e-type=\"section\" data-settings=\"{&quot;background_background&quot;:&quot;classic&quot;}\">\n\t\t\t\t\t\t\t<div class=\"elementor-background-overlay\"><\/div>\n\t\t\t\t\t\t\t<div class=\"elementor-container elementor-column-gap-wide\">\n\t\t\t\t\t<div class=\"elementor-column elementor-col-100 elementor-top-column elementor-element elementor-element-5a08bf0\" data-id=\"5a08bf0\" data-element_type=\"column\" data-e-type=\"column\">\n\t\t\t<div class=\"elementor-widget-wrap elementor-element-populated\">\n\t\t\t\t\t\t<div class=\"elementor-element elementor-element-42e1e5c animated-slow elementor-invisible elementor-widget elementor-widget-heading\" data-id=\"42e1e5c\" data-element_type=\"widget\" data-e-type=\"widget\" data-settings=\"{&quot;_animation_delay&quot;:100,&quot;_animation&quot;:&quot;fadeInUp&quot;}\" data-widget_type=\"heading.default\">\n\t\t\t\t<div class=\"elementor-widget-container\">\n\t\t\t\t\t<h2 class=\"elementor-heading-title elementor-size-default\">Convenios<\/h2>\t\t\t\t<\/div>\n\t\t\t\t<\/div>\n\t\t\t\t<div class=\"elementor-element elementor-element-2fae746 elementor-widget-divider--view-line elementor-invisible elementor-widget elementor-widget-divider\" data-id=\"2fae746\" data-element_type=\"widget\" data-e-type=\"widget\" data-settings=\"{&quot;_animation&quot;:&quot;fadeIn&quot;,&quot;_animation_delay&quot;:200}\" data-widget_type=\"divider.default\">\n\t\t\t\t<div class=\"elementor-widget-container\">\n\t\t\t\t\t\t\t<div class=\"elementor-divider\">\n\t\t\t<span class=\"elementor-divider-separator\">\n\t\t\t\t\t\t<\/span>\n\t\t<\/div>\n\t\t\t\t\t\t<\/div>\n\t\t\t\t<\/div>\n\t\t\t\t<div class=\"elementor-element elementor-element-48059c4 elementor-widget elementor-widget-text-editor\" data-id=\"48059c4\" data-element_type=\"widget\" data-e-type=\"widget\" data-widget_type=\"text-editor.default\">\n\t\t\t\t<div class=\"elementor-widget-container\">\n\t\t\t\t\t\t\t\t\t<div class=\"article-content\"><p class=\"rtecenter\"><strong>O Consello d\u00e1 Avogac\u00eda Galega \u2013 CAG \u2013 pon en marcha un \u201cServizo de Intermediacion\u201d entre grandes garfos de inmobles e persoas vulnerables en risco de perder a s\u00faa vivenda habitual<\/strong><\/p><p class=\"rtecenter\"><a href=\"https:\/\/icalugo.org\/wp-content\/uploads\/2025\/10\/Nota_CAG_Servicio-de-intermediacion.pdf\" target=\"_blank\" rel=\"noopener\">Descargar nota completa (PDF)<\/a><\/p><\/div>\t\t\t\t\t\t\t\t<\/div>\n\t\t\t\t<\/div>\n\t\t\t\t<div class=\"elementor-element elementor-element-eb76c91 elementor-widget elementor-widget-heading\" data-id=\"eb76c91\" data-element_type=\"widget\" data-e-type=\"widget\" data-widget_type=\"heading.default\">\n\t\t\t\t<div class=\"elementor-widget-container\">\n\t\t\t\t\t<h2 class=\"elementor-heading-title elementor-size-default\">Convenio do consello d\u00e1 avogac\u00eda coa Axencia TRIBUTARIA DE GALICIA<\/h2>\t\t\t\t<\/div>\n\t\t\t\t<\/div>\n\t\t\t\t<div class=\"elementor-element elementor-element-89ab405 elementor-widget elementor-widget-text-editor\" data-id=\"89ab405\" data-element_type=\"widget\" data-e-type=\"widget\" data-widget_type=\"text-editor.default\">\n\t\t\t\t<div class=\"elementor-widget-container\">\n\t\t\t\t\t\t\t\t\t<div class=\"article-content\"><p class=\"rtecenter\">Inf\u00f3rmamosvos das novidades e melloras que atopar\u00e1n na Oficina Virtual da Axencia Tributaria de Galicia (OVT), coa que o consello da Avogac\u00eda Galega mant\u00e9n un convenio de colaboraci\u00f3n.<\/p><p class=\"rtecenter\"><a href=\"https:\/\/icalugo.org\/wp-content\/uploads\/2025\/10\/Convenio_consello_da-avogaciacoa-Axencia-tributaria.pdf\" target=\"_blank\" rel=\"noopener\">Descargar convenio (PDF)<\/a><\/p><\/div>\t\t\t\t\t\t\t\t<\/div>\n\t\t\t\t<\/div>\n\t\t\t\t<div class=\"elementor-element elementor-element-4f91c65 elementor-widget elementor-widget-heading\" data-id=\"4f91c65\" data-element_type=\"widget\" data-e-type=\"widget\" data-widget_type=\"heading.default\">\n\t\t\t\t<div class=\"elementor-widget-container\">\n\t\t\t\t\t<h2 class=\"elementor-heading-title elementor-size-default\">CONVENIO SUBSCRIBIDO POLO CONSELLO XERAL DA AVOGAC\u00cdA ESPA\u00d1OLA CO MINISTERIO DE INDUSTRIA E TURISMO E COMERCIO<\/h2>\t\t\t\t<\/div>\n\t\t\t\t<\/div>\n\t\t\t\t<div class=\"elementor-element elementor-element-7b6e677 elementor-widget elementor-widget-text-editor\" data-id=\"7b6e677\" data-element_type=\"widget\" data-e-type=\"widget\" data-widget_type=\"text-editor.default\">\n\t\t\t\t<div class=\"elementor-widget-container\">\n\t\t\t\t\t\t\t\t\t<div class=\"article-content\"><p class=\"rtecenter\">Solicitar condici\u00f3n de PAE (Punto de atenci\u00f3n ao emprendedor) na Rede CIRCE<\/p><p>ADHESI\u00d3N DO COLEXIO DA AVOGAC\u00cdA DE LUGO Ao CONVENIO SUBSCRIBIDO POLO CONSELLO XERAL DA AVOGAC\u00cdA ESPA\u00d1OLA CO MINISTERIO DE INDUSTRIA E TURISMO E COMERCIO.<\/p><p class=\"rtecenter\"><em><strong>Obxecto do Convenio<\/strong><\/em><\/p><p class=\"rtecenter\">Os PAE son oficinas pertencentes a organismos p\u00fablicos e privados, as\u00ed como puntos virtuais de informaci\u00f3n e tramitaci\u00f3n telem\u00e1tica de solicitudes, nos que se facilita a creaci\u00f3n de novas empresas, o inicio efectivo da s\u00faa actividade e o seu desenvolvemento, a trav\u00e9s da prestaci\u00f3n de servizos de informaci\u00f3n, tramitaci\u00f3n de documentaci\u00f3n, asesoramento, formaci\u00f3n e apoio ao financiamento empresarial.<br \/>Mediante a firma deste convenio, os avogados\/as e as sociedades profesionais (inscritas no Rexistro de Sociedades Profesionais) poderedes solicitar ser PAE (Punto de atenci\u00f3n ao emprendedor), e asesorar aos vosos clientes \u00e1 hora de constitu\u00edr e po\u00f1er en funcionamento as s\u00faas empresas.<\/p><p class=\"rtecenter\"><strong><em>Tr\u00e1mites para ser PAE<\/em><\/strong><\/p><p class=\"rtecenter\">\u00a0Estas situaci\u00f3ns enm\u00e1rcanse dentro da rede CIRCE (Centro de Informaci\u00f3n e Rede de Creaci\u00f3n de Empresas) e te\u00f1en por obxecto favorecer a constituci\u00f3n de novas empresas a trav\u00e9s dunha rede de oficinas denominadas PAE. Para crear as devanditas empresas, o emprendedor deber\u00e1 encher o Documento \u00danico Electr\u00f3nico (DUE). Para ser punto PAE, hai que cumprimentar o formulario que atop\u00e1sedes na p\u00e1xina web:\u00a0<a href=\"http:\/\/www.circe.es\/\" target=\"_blank\" rel=\"noopener\">www.circe.es<\/a>, en concreto na ligaz\u00f3n:\u00a0<a href=\"https:\/\/gestor.circe.es\/SolicitudPAEPrivado\" target=\"_blank\" rel=\"noopener\">https:\/\/gestor.circe.es\/SolicitudPAEPrivado<\/a>\u00a0 especificando Organismo=CGAE \u2013 ILUSTRE COLEXIO PROVINCIAL DA AVOGAC\u00cdA DE LUGO para darse de alta como PAEs.<\/p><p>Para maior informaci\u00f3n, facilit\u00e1mosvos a ligaz\u00f3n do ministerio de Industria e turismo\u00a0\u00a0<a href=\"https:\/\/paeelectronico.es\/es-es\/Paginas\/Home.aspx\" target=\"_blank\" rel=\"noopener\">Que \u00e9 un Punto de Atenci\u00f3n ao Emprendedor? (paeelectronico.es)<\/a><\/p><\/div>\t\t\t\t\t\t\t\t<\/div>\n\t\t\t\t<\/div>\n\t\t\t\t<div class=\"elementor-element elementor-element-d5af5bc elementor-widget elementor-widget-heading\" data-id=\"d5af5bc\" data-element_type=\"widget\" data-e-type=\"widget\" data-widget_type=\"heading.default\">\n\t\t\t\t<div class=\"elementor-widget-container\">\n\t\t\t\t\t<h2 class=\"elementor-heading-title elementor-size-default\">CONVENIO PARA GARANTIR A ATENCION JURIDICA DE MENORES DE IDADE QUE SEXAN VICTIMAS DE SITUACI\u00d3NS DE VIOLENCIA (19\/05\/2023)<\/h2>\t\t\t\t<\/div>\n\t\t\t\t<\/div>\n\t\t\t\t<div class=\"elementor-element elementor-element-229c591 elementor-widget elementor-widget-text-editor\" data-id=\"229c591\" data-element_type=\"widget\" data-e-type=\"widget\" data-widget_type=\"text-editor.default\">\n\t\t\t\t<div class=\"elementor-widget-container\">\n\t\t\t\t\t\t\t\t\t<div class=\"article-content\"><p class=\"rtecenter\">Ac\u00e1base de asinar un Convenio entre o Consello d\u00e1 Avogac\u00eda Galega e a Xunta de Galicia, para garantir a atenci\u00f3n xur\u00eddica de menores de idade que sexan v\u00edtimas de situaci\u00f3ns de violencia.<\/p><p class=\"rtecenter\">O obxecto do convenio \u00e9 garantir que estes menores dispo\u00f1an dun avogado especializado que as asista, no momento inicial, en relaci\u00f3n coa interposici\u00f3n de denuncia, pr\u00e9stelles asesoramento xur\u00eddico e efect\u00fae o acompa\u00f1amento inicial e iso con independencia de que a v\u00edtima te\u00f1a ou non recursos para litigar.<\/p><p class=\"rtecenter\"><a href=\"https:\/\/icalugo.org\/wp-content\/uploads\/2025\/10\/20230519-CONVENIO-ATENCION-MENORES-VICTIMAS-DE-VIOLENCIA.pdf\" target=\"_blank\" rel=\"noopener\">Descargar convenio<\/a><\/p><p><a href=\"https:\/\/icalugo.org\/wp-content\/uploads\/2025\/10\/20230519-MODELO-PARTE-ASISTENCIA-MENORES-VICTIMAS-VIOLENCIA-.pdf\" target=\"_blank\" rel=\"noopener\">Descargar modelo parte de asistencia<\/a><\/p><\/div>\t\t\t\t\t\t\t\t<\/div>\n\t\t\t\t<\/div>\n\t\t\t\t<div class=\"elementor-element elementor-element-984772d elementor-widget elementor-widget-heading\" data-id=\"984772d\" data-element_type=\"widget\" data-e-type=\"widget\" data-widget_type=\"heading.default\">\n\t\t\t\t<div class=\"elementor-widget-container\">\n\t\t\t\t\t<h2 class=\"elementor-heading-title elementor-size-default\">Convenio Consello da Avogac\u00eda Galega e IGVS<\/h2>\t\t\t\t<\/div>\n\t\t\t\t<\/div>\n\t\t\t\t<div class=\"elementor-element elementor-element-de96c2c elementor-widget elementor-widget-text-editor\" data-id=\"de96c2c\" data-element_type=\"widget\" data-e-type=\"widget\" data-widget_type=\"text-editor.default\">\n\t\t\t\t<div class=\"elementor-widget-container\">\n\t\t\t\t\t\t\t\t\t<p><a href=\"https:\/\/icalugo.org\/wp-content\/uploads\/2025\/10\/2023-Convenio-IGVS2023.pdf\" target=\"_blank\" rel=\"noopener\">Descargar convenio (PDF)<\/a><\/p>\t\t\t\t\t\t\t\t<\/div>\n\t\t\t\t<\/div>\n\t\t\t\t<div class=\"elementor-element elementor-element-057f268 elementor-widget elementor-widget-heading\" data-id=\"057f268\" data-element_type=\"widget\" data-e-type=\"widget\" data-widget_type=\"heading.default\">\n\t\t\t\t<div class=\"elementor-widget-container\">\n\t\t\t\t\t<h2 class=\"elementor-heading-title elementor-size-default\">Convenio para env\u00edo de burofax online<\/h2>\t\t\t\t<\/div>\n\t\t\t\t<\/div>\n\t\t\t\t<div class=\"elementor-element elementor-element-e080c27 elementor-widget elementor-widget-text-editor\" data-id=\"e080c27\" data-element_type=\"widget\" data-e-type=\"widget\" data-widget_type=\"text-editor.default\">\n\t\t\t\t<div class=\"elementor-widget-container\">\n\t\t\t\t\t\t\t\t\t<p class=\"rtecenter\">Inform\u00e1mosvos que o Colexio asinou un convenio coa empresa SERMOGA OSSORIO FRANQUEO S.L., empresa colaboradora de Correos, mediante o cal se ofrece un desconto exclusivo dun 10% sobre a tarifa oficial de Correos para todos os colexiados e colexiadas en env\u00edos de BUROFAX ONLINE.<\/p><p class=\"rtecenter\">Para consultar a presentaci\u00f3n da operativa e as tarifas deste ano 2022 dos env\u00edos dos burofax poder\u00e1n realizalo por medio do correo electr\u00f3nico\u00a0<a href=\"mailto:javiertizon@sermoga.es\">javiertizon@sermoga.es<\/a>\u00a0ou ben no tel\u00e9fono 610554017<\/p><p class=\"rtecenter\"><a href=\"https:\/\/icalugo.org\/wp-content\/uploads\/2025\/10\/burofax-convenio.pdf\" target=\"_blank\" rel=\"noopener\">Descargar convenio (PDF)<\/a><\/p><p class=\"rtecenter\"><a href=\"https:\/\/icalugo.org\/wp-content\/uploads\/2025\/10\/burofax-tarifas.pdf\" target=\"_blank\" rel=\"noopener\">Descargar tarifas (PDF)<\/a><\/p>\t\t\t\t\t\t\t\t<\/div>\n\t\t\t\t<\/div>\n\t\t\t\t<div class=\"elementor-element elementor-element-145cfde elementor-widget elementor-widget-heading\" data-id=\"145cfde\" data-element_type=\"widget\" data-e-type=\"widget\" data-widget_type=\"heading.default\">\n\t\t\t\t<div class=\"elementor-widget-container\">\n\t\t\t\t\t<h2 class=\"elementor-heading-title elementor-size-default\">Convenio co Ilustre Colexio de Avogados de Madrid<\/h2>\t\t\t\t<\/div>\n\t\t\t\t<\/div>\n\t\t\t\t<div class=\"elementor-element elementor-element-0d5e05f elementor-widget elementor-widget-text-editor\" data-id=\"0d5e05f\" data-element_type=\"widget\" data-e-type=\"widget\" data-widget_type=\"text-editor.default\">\n\t\t\t\t<div class=\"elementor-widget-container\">\n\t\t\t\t\t\t\t\t\t<p class=\"rtecenter\">Convenio co Ilustre Colexio de Avogados de Madrid para o uso da biblioteca e do espazo avogac\u00eda do ICAM e adquisici\u00f3n de publicaci\u00f3ns por parte dos\/as Colexiados\/as deste Ilustre Colexio.<\/p><p class=\"rtecenter\"><img decoding=\"async\" src=\"http:\/\/icalugo.org\/sites\/default\/files\/PHOTO%201.jpg\" alt=\"\" \/><\/p><p class=\"rtecenter\"><a href=\"http:\/\/icalugo.org\/gl\/sites\/default\/files\/20220523%20CONVENIO.pdf\/\" target=\"_blank\" rel=\"noopener\">Descargar convenio (PDF)<\/a><\/p>\t\t\t\t\t\t\t\t<\/div>\n\t\t\t\t<\/div>\n\t\t\t\t\t<\/div>\n\t\t<\/div>\n\t\t\t\t\t<\/div>\n\t\t<\/section>\n\t\t\t\t<\/div>","protected":false},"excerpt":{"rendered":"<p>Portal de Transparencia Ventanilla \u00fanica Acceder a Ventanilla \u00danica Quejas y Reclamaciones Descargar Hoja de quejas y reclamaciones Convenios El Consello da Avogac\u00eda Galega &#8211; CAG &#8211; pone en marcha un \u201cServicio de Intermediacion\u201d entre grandes tenedores de inmuebles y personas vulnerables en riesgo de perder su vivienda habitual Descargar nota completa (PDF) Convenio del [&hellip;]<\/p>\n","protected":false},"author":5,"featured_media":0,"parent":0,"menu_order":0,"comment_status":"closed","ping_status":"closed","template":"elementor_header_footer","meta":{"footnotes":""},"class_list":["post-1992","page","type-page","status-publish","hentry"],"_links":{"self":[{"href":"https:\/\/icalugo.org\/gl\/wp-json\/wp\/v2\/pages\/1992","targetHints":{"allow":["GET"]}}],"collection":[{"href":"https:\/\/icalugo.org\/gl\/wp-json\/wp\/v2\/pages"}],"about":[{"href":"https:\/\/icalugo.org\/gl\/wp-json\/wp\/v2\/types\/page"}],"author":[{"embeddable":true,"href":"https:\/\/icalugo.org\/gl\/wp-json\/wp\/v2\/users\/5"}],"replies":[{"embeddable":true,"href":"https:\/\/icalugo.org\/gl\/wp-json\/wp\/v2\/comments?post=1992"}],"version-history":[{"count":118,"href":"https:\/\/icalugo.org\/gl\/wp-json\/wp\/v2\/pages\/1992\/revisions"}],"predecessor-version":[{"id":5042,"href":"https:\/\/icalugo.org\/gl\/wp-json\/wp\/v2\/pages\/1992\/revisions\/5042"}],"wp:attachment":[{"href":"https:\/\/icalugo.org\/gl\/wp-json\/wp\/v2\/media?parent=1992"}],"curies":[{"name":"wp","href":"https:\/\/api.w.org\/{rel}","templated":true}]}}