{"id":202,"date":"2024-09-12T10:42:42","date_gmt":"2024-09-12T10:42:42","guid":{"rendered":"https:\/\/icalugo.org\/?page_id=202"},"modified":"2026-03-23T11:06:00","modified_gmt":"2026-03-23T11:06:00","slug":"organizacion","status":"publish","type":"page","link":"https:\/\/icalugo.org\/gl\/organizacion\/","title":{"rendered":"Organizaci\u00f3n"},"content":{"rendered":"<div data-elementor-type=\"wp-page\" data-elementor-id=\"202\" class=\"elementor elementor-202\" data-elementor-post-type=\"page\">\n\t\t\t\t\t\t<section class=\"elementor-section elementor-top-section elementor-element elementor-element-13fbc9e1 envato-kit-141-top-0 elementor-section-boxed elementor-section-height-default elementor-section-height-default\" data-id=\"13fbc9e1\" data-element_type=\"section\" data-e-type=\"section\" data-settings=\"{&quot;background_background&quot;:&quot;classic&quot;}\">\n\t\t\t\t\t\t\t<div class=\"elementor-background-overlay\"><\/div>\n\t\t\t\t\t\t\t<div class=\"elementor-container elementor-column-gap-wider\">\n\t\t\t\t\t<div class=\"elementor-column elementor-col-100 elementor-top-column elementor-element elementor-element-7fcc4aa4\" data-id=\"7fcc4aa4\" data-element_type=\"column\" data-e-type=\"column\">\n\t\t\t<div class=\"elementor-widget-wrap elementor-element-populated\">\n\t\t\t\t\t\t<div class=\"elementor-element elementor-element-3baf6af2 animated-slow elementor-invisible elementor-widget elementor-widget-heading\" data-id=\"3baf6af2\" data-element_type=\"widget\" data-e-type=\"widget\" data-settings=\"{&quot;_animation_delay&quot;:100,&quot;_animation&quot;:&quot;fadeInUp&quot;}\" data-widget_type=\"heading.default\">\n\t\t\t\t<div class=\"elementor-widget-container\">\n\t\t\t\t\t<h2 class=\"elementor-heading-title elementor-size-default\">Xunta de Goberno<\/h2>\t\t\t\t<\/div>\n\t\t\t\t<\/div>\n\t\t\t\t<div class=\"elementor-element elementor-element-7884b9d0 elementor-widget-divider--view-line elementor-invisible elementor-widget elementor-widget-divider\" data-id=\"7884b9d0\" data-element_type=\"widget\" data-e-type=\"widget\" data-settings=\"{&quot;_animation&quot;:&quot;fadeIn&quot;,&quot;_animation_delay&quot;:200}\" data-widget_type=\"divider.default\">\n\t\t\t\t<div class=\"elementor-widget-container\">\n\t\t\t\t\t\t\t<div class=\"elementor-divider\">\n\t\t\t<span class=\"elementor-divider-separator\">\n\t\t\t\t\t\t<\/span>\n\t\t<\/div>\n\t\t\t\t\t\t<\/div>\n\t\t\t\t<\/div>\n\t\t\t\t\t<\/div>\n\t\t<\/div>\n\t\t\t\t\t<\/div>\n\t\t<\/section>\n\t\t<div class=\"elementor-element elementor-element-449e3d78 e-flex e-con-boxed e-con e-parent\" data-id=\"449e3d78\" data-element_type=\"container\" data-e-type=\"container\">\n\t\t\t\t\t<div class=\"e-con-inner\">\n\t\t\t\t\t<\/div>\n\t\t\t\t<\/div>\n\t\t<div class=\"elementor-element elementor-element-44dafa46 e-grid envato-kit-141-top-0 e-con-boxed e-con e-parent\" data-id=\"44dafa46\" data-element_type=\"container\" data-e-type=\"container\" data-settings=\"{&quot;background_background&quot;:&quot;classic&quot;,&quot;shape_divider_top&quot;:&quot;triangle&quot;}\">\n\t\t\t\t\t<div class=\"e-con-inner\">\n\t\t\t\t<div class=\"elementor-shape elementor-shape-top\" aria-hidden=\"true\" data-negative=\"false\">\n\t\t\t<svg xmlns=\"http:\/\/www.w3.org\/2000\/svg\" viewbox=\"0 0 1000 100\" preserveaspectratio=\"none\">\n\t<path class=\"elementor-shape-fill\" d=\"M500,98.9L0,6.1V0h1000v6.1L500,98.9z\"\/>\n<\/svg>\t\t<\/div>\n\t\t\t\t<div class=\"elementor-element elementor-element-f80a9a2 elementor-widget elementor-widget-image-box\" data-id=\"f80a9a2\" data-element_type=\"widget\" data-e-type=\"widget\" data-widget_type=\"image-box.default\">\n\t\t\t\t<div class=\"elementor-widget-container\">\n\t\t\t\t\t<div class=\"elementor-image-box-wrapper\"><div class=\"elementor-image-box-content\"><h3 class=\"elementor-image-box-title\"><a href=\"https:\/\/icalugo.org\/wp-content\/uploads\/2024\/09\/FELIX-MONDELO.jpg\">Decano<\/a><\/h3><\/div><\/div>\t\t\t\t<\/div>\n\t\t\t\t<\/div>\n\t\t\t\t<div class=\"elementor-element elementor-element-7a09eabf elementor-widget elementor-widget-image-box\" data-id=\"7a09eabf\" data-element_type=\"widget\" data-e-type=\"widget\" data-widget_type=\"image-box.default\">\n\t\t\t\t<div class=\"elementor-widget-container\">\n\t\t\t\t\t<div class=\"elementor-image-box-wrapper\"><div class=\"elementor-image-box-content\"><h3 class=\"elementor-image-box-title\"><a href=\"https:\/\/icalugo.org\/wp-content\/uploads\/2024\/09\/Oscar_nunez.jpg\" target=\"_blank\">Deputado 1\u00ba Vicedecano<\/a><\/h3><\/div><\/div>\t\t\t\t<\/div>\n\t\t\t\t<\/div>\n\t\t\t\t<div class=\"elementor-element elementor-element-2ea587a9 elementor-widget elementor-widget-image-box\" data-id=\"2ea587a9\" data-element_type=\"widget\" data-e-type=\"widget\" data-widget_type=\"image-box.default\">\n\t\t\t\t<div class=\"elementor-widget-container\">\n\t\t\t\t\t<div class=\"elementor-image-box-wrapper\"><div class=\"elementor-image-box-content\"><h3 class=\"elementor-image-box-title\"><a href=\"https:\/\/icalugo.org\/wp-content\/uploads\/2024\/09\/CRISTINA-PEREZ.jpg\" target=\"_blank\">Deputada 2\u00ba<\/a><\/h3><\/div><\/div>\t\t\t\t<\/div>\n\t\t\t\t<\/div>\n\t\t\t\t<div class=\"elementor-element elementor-element-1a141ba0 elementor-widget elementor-widget-image-box\" data-id=\"1a141ba0\" data-element_type=\"widget\" data-e-type=\"widget\" data-widget_type=\"image-box.default\">\n\t\t\t\t<div class=\"elementor-widget-container\">\n\t\t\t\t\t<div class=\"elementor-image-box-wrapper\"><div class=\"elementor-image-box-content\"><h3 class=\"elementor-image-box-title\"><a href=\"https:\/\/icalugo.org\/wp-content\/uploads\/2024\/09\/GARCIA-ROJO.jpg\" target=\"_blank\">Deputado 3\u00ba<\/a><\/h3><\/div><\/div>\t\t\t\t<\/div>\n\t\t\t\t<\/div>\n\t\t\t\t<div class=\"elementor-element elementor-element-2e8ead4c elementor-widget elementor-widget-image-box\" data-id=\"2e8ead4c\" data-element_type=\"widget\" data-e-type=\"widget\" data-widget_type=\"image-box.default\">\n\t\t\t\t<div class=\"elementor-widget-container\">\n\t\t\t\t\t<div class=\"elementor-image-box-wrapper\"><div class=\"elementor-image-box-content\"><h3 class=\"elementor-image-box-title\"><a href=\"https:\/\/icalugo.org\/wp-content\/uploads\/2024\/09\/PILAR-BANOS.jpg\" target=\"_blank\">Deputada 4\u00ba<\/a><\/h3><\/div><\/div>\t\t\t\t<\/div>\n\t\t\t\t<\/div>\n\t\t\t\t<div class=\"elementor-element elementor-element-7b13ae95 elementor-widget elementor-widget-image-box\" data-id=\"7b13ae95\" data-element_type=\"widget\" data-e-type=\"widget\" data-widget_type=\"image-box.default\">\n\t\t\t\t<div class=\"elementor-widget-container\">\n\t\t\t\t\t<div class=\"elementor-image-box-wrapper\"><div class=\"elementor-image-box-content\"><h3 class=\"elementor-image-box-title\"><a href=\"https:\/\/icalugo.org\/wp-content\/uploads\/2024\/09\/ROCIO-GARICA-PUERTAS.jpg\" target=\"_blank\">Deputada 5\u00ba<\/a><\/h3><\/div><\/div>\t\t\t\t<\/div>\n\t\t\t\t<\/div>\n\t\t\t\t<div class=\"elementor-element elementor-element-725f3c9b elementor-widget elementor-widget-image-box\" data-id=\"725f3c9b\" data-element_type=\"widget\" data-e-type=\"widget\" data-widget_type=\"image-box.default\">\n\t\t\t\t<div class=\"elementor-widget-container\">\n\t\t\t\t\t<div class=\"elementor-image-box-wrapper\"><div class=\"elementor-image-box-content\"><h3 class=\"elementor-image-box-title\"><a href=\"https:\/\/icalugo.org\/wp-content\/uploads\/2024\/09\/INMACULADA-MOURIN.jpg\" target=\"_blank\">Bibliotecaria-Contadora<\/a><\/h3><\/div><\/div>\t\t\t\t<\/div>\n\t\t\t\t<\/div>\n\t\t\t\t<div class=\"elementor-element elementor-element-c078cdb elementor-widget elementor-widget-image-box\" data-id=\"c078cdb\" data-element_type=\"widget\" data-e-type=\"widget\" data-widget_type=\"image-box.default\">\n\t\t\t\t<div class=\"elementor-widget-container\">\n\t\t\t\t\t<div class=\"elementor-image-box-wrapper\"><div class=\"elementor-image-box-content\"><h3 class=\"elementor-image-box-title\"><a href=\"https:\/\/icalugo.org\/wp-content\/uploads\/2024\/09\/JOSE-ANTONIO-ROJO.jpg\" target=\"_blank\">Tesoureiro<\/a><\/h3><\/div><\/div>\t\t\t\t<\/div>\n\t\t\t\t<\/div>\n\t\t\t\t<div class=\"elementor-element elementor-element-19f6e004 elementor-widget elementor-widget-image-box\" data-id=\"19f6e004\" data-element_type=\"widget\" data-e-type=\"widget\" data-widget_type=\"image-box.default\">\n\t\t\t\t<div class=\"elementor-widget-container\">\n\t\t\t\t\t<div class=\"elementor-image-box-wrapper\"><div class=\"elementor-image-box-content\"><h3 class=\"elementor-image-box-title\"><a href=\"https:\/\/icalugo.org\/wp-content\/uploads\/2024\/09\/CARMEN-DOVAL.jpg\" target=\"_blank\">Secretaria<\/a><\/h3><\/div><\/div>\t\t\t\t<\/div>\n\t\t\t\t<\/div>\n\t\t\t\t\t<\/div>\n\t\t\t\t<\/div>\n\t\t\t\t<section class=\"elementor-section elementor-top-section elementor-element elementor-element-5781fbc5 envato-kit-141-top-0 elementor-section-boxed elementor-section-height-default elementor-section-height-default\" data-id=\"5781fbc5\" data-element_type=\"section\" data-e-type=\"section\" data-settings=\"{&quot;background_background&quot;:&quot;classic&quot;}\">\n\t\t\t\t\t\t\t<div class=\"elementor-background-overlay\"><\/div>\n\t\t\t\t\t\t\t<div class=\"elementor-container elementor-column-gap-wider\">\n\t\t\t\t\t<div class=\"elementor-column elementor-col-100 elementor-top-column elementor-element elementor-element-376cf0da\" data-id=\"376cf0da\" data-element_type=\"column\" data-e-type=\"column\">\n\t\t\t<div class=\"elementor-widget-wrap elementor-element-populated\">\n\t\t\t\t\t\t<div class=\"elementor-element elementor-element-381431a0 animated-slow elementor-invisible elementor-widget elementor-widget-heading\" data-id=\"381431a0\" data-element_type=\"widget\" data-e-type=\"widget\" data-settings=\"{&quot;_animation_delay&quot;:100,&quot;_animation&quot;:&quot;fadeInUp&quot;}\" data-widget_type=\"heading.default\">\n\t\t\t\t<div class=\"elementor-widget-container\">\n\t\t\t\t\t<h2 class=\"elementor-heading-title elementor-size-default\">Organizaci\u00f3n Administrativa<\/h2>\t\t\t\t<\/div>\n\t\t\t\t<\/div>\n\t\t\t\t<div class=\"elementor-element elementor-element-5f8b92a elementor-widget-divider--view-line elementor-invisible elementor-widget elementor-widget-divider\" data-id=\"5f8b92a\" data-element_type=\"widget\" data-e-type=\"widget\" data-settings=\"{&quot;_animation&quot;:&quot;fadeIn&quot;,&quot;_animation_delay&quot;:200}\" data-widget_type=\"divider.default\">\n\t\t\t\t<div class=\"elementor-widget-container\">\n\t\t\t\t\t\t\t<div class=\"elementor-divider\">\n\t\t\t<span class=\"elementor-divider-separator\">\n\t\t\t\t\t\t<\/span>\n\t\t<\/div>\n\t\t\t\t\t\t<\/div>\n\t\t\t\t<\/div>\n\t\t\t\t<div class=\"elementor-element elementor-element-718c75c1 elementor-widget elementor-widget-text-editor\" data-id=\"718c75c1\" data-element_type=\"widget\" data-e-type=\"widget\" data-widget_type=\"text-editor.default\">\n\t\t\t\t<div class=\"elementor-widget-container\">\n\t\t\t\t\t\t\t\t\t<p><strong>Xerencia<\/strong><\/p><ul><li>Mercedes Alvite Menor<\/li><\/ul><p>\u00a0<\/p><p><strong>Persoal administrativo<\/strong><\/p><ul><li>Rosa Garc\u00eda Andrade<\/li><li>Estela N\u00fa\u00f1ez Cabarcos<\/li><li>Ana M\u00aa V\u00e1zquez Fern\u00e1ndez<\/li><li>Patricia Garc\u00eda Gay (Sede Juzgados)<\/li><li>M\u00aa Cristina de las Heras Camino<\/li><\/ul>\t\t\t\t\t\t\t\t<\/div>\n\t\t\t\t<\/div>\n\t\t\t\t\t<\/div>\n\t\t<\/div>\n\t\t\t\t\t<\/div>\n\t\t<\/section>\n\t\t\t\t<section class=\"elementor-section elementor-top-section elementor-element elementor-element-1236f37c envato-kit-141-top-0 elementor-section-boxed elementor-section-height-default elementor-section-height-default\" data-id=\"1236f37c\" data-element_type=\"section\" data-e-type=\"section\" data-settings=\"{&quot;background_background&quot;:&quot;classic&quot;}\">\n\t\t\t\t\t\t\t<div class=\"elementor-background-overlay\"><\/div>\n\t\t\t\t\t\t\t<div class=\"elementor-container elementor-column-gap-wider\">\n\t\t\t\t\t<div class=\"elementor-column elementor-col-100 elementor-top-column elementor-element elementor-element-694fcd7d\" data-id=\"694fcd7d\" data-element_type=\"column\" data-e-type=\"column\">\n\t\t\t<div class=\"elementor-widget-wrap elementor-element-populated\">\n\t\t\t\t\t\t<div class=\"elementor-element elementor-element-790648f1 animated-slow elementor-invisible elementor-widget elementor-widget-heading\" data-id=\"790648f1\" data-element_type=\"widget\" data-e-type=\"widget\" data-settings=\"{&quot;_animation_delay&quot;:100,&quot;_animation&quot;:&quot;fadeInUp&quot;}\" data-widget_type=\"heading.default\">\n\t\t\t\t<div class=\"elementor-widget-container\">\n\t\t\t\t\t<h2 class=\"elementor-heading-title elementor-size-default\">Partidos Xudiciais<\/h2>\t\t\t\t<\/div>\n\t\t\t\t<\/div>\n\t\t\t\t<div class=\"elementor-element elementor-element-4165cd98 elementor-widget-divider--view-line elementor-invisible elementor-widget elementor-widget-divider\" data-id=\"4165cd98\" data-element_type=\"widget\" data-e-type=\"widget\" data-settings=\"{&quot;_animation&quot;:&quot;fadeIn&quot;,&quot;_animation_delay&quot;:200}\" data-widget_type=\"divider.default\">\n\t\t\t\t<div class=\"elementor-widget-container\">\n\t\t\t\t\t\t\t<div class=\"elementor-divider\">\n\t\t\t<span class=\"elementor-divider-separator\">\n\t\t\t\t\t\t<\/span>\n\t\t<\/div>\n\t\t\t\t\t\t<\/div>\n\t\t\t\t<\/div>\n\t\t\t\t<div class=\"elementor-element elementor-element-bb3653c elementor-widget elementor-widget-text-editor\" data-id=\"bb3653c\" data-element_type=\"widget\" data-e-type=\"widget\" data-widget_type=\"text-editor.default\">\n\t\t\t\t<div class=\"elementor-widget-container\">\n\t\t\t\t\t\t\t\t\t<p>Ac\u00f3rdase asignar, a cada membro da Xunta de Goberno, un partido xudicial a fin de ser a persoa coa que directamente contacten os Delegados ou colexiados dos devanditos partidos, para po\u00f1er no seu co\u00f1ecemento e liquidar as posibles incidencias que poidan ter lugar nos mesmos, as\u00ed como efectuar as petici\u00f3ns que te\u00f1an por convenientes en relaci\u00f3n ao Colexio para ser trasladas \u00e1 Xunta de Goberno, nomeando:\u00a0<\/p><p><strong>BECERRE\u00c1<\/strong><\/p><p><strong>Delegada:\u00a0<\/strong>D\u00aa.\u00a0Paloma Becerra Fern\u00e1ndez<\/p><p><strong>Membro de Xunta asignado:<\/strong><em>\u00a0<\/em><\/p><p><strong>CHANTADA<\/strong><\/p><p><strong>Delegado:\u00a0<\/strong>D.\u00a0Jos\u00e9 Cap\u00f3n Cap\u00f3n<\/p><p><em><strong>Membro de Xunta asignado:<\/strong>\u00a0<\/em>\u00a0<\/p><p><strong>A FONSAGRADA<\/strong><\/p><p><strong>Membro de Xunta asignado:<em>\u00a0<\/em><\/strong><\/p><p><strong>MONDO\u00d1EDO<\/strong><\/p><p><strong>Delegado:\u00a0<\/strong>D.\u00a0Jos\u00e9 Eduardo Gonz\u00e1lez-Seco Iglesias<\/p><p><em><strong>Membro de Xunta asignado:<\/strong>\u00a0<\/em><\/p><p><strong>MONFORTE DE LEMOS<\/strong><\/p><p><strong>Delegado:\u00a0<\/strong>D. Jos\u00e9 Antonio Rodr\u00edguez Dom\u00ednguez.<\/p><p><em><strong>Membro de Xunta asignado:<\/strong>\u00a0<\/em><\/p><p><strong>SARRIA<\/strong><\/p><p><strong>Delegado:\u00a0<\/strong>D.\u00a0Jaime F\u00e9lix L\u00f3pez Arias<\/p><p><em><strong>Membro de Xunta asignado:<\/strong>\u00a0<\/em><\/p><p><strong>VILALBA<\/strong><\/p><p><strong>Delegado:\u00a0<\/strong>D.\u00a0Julio Andr\u00e9s Villarino Fern\u00e1ndez<\/p><p><em><strong>Membro de Xunta asignado:<\/strong>\u00a0<\/em><\/p><p><strong>VIVEIRO<\/strong><\/p><p><strong>Delegado:\u00a0<\/strong>D. Manuel Gonz\u00e1lez L\u00f3pez<\/p><p><em><strong>Membro de Xunta asignado:<\/strong>\u00a0<\/em><\/p>\t\t\t\t\t\t\t\t<\/div>\n\t\t\t\t<\/div>\n\t\t\t\t\t<\/div>\n\t\t<\/div>\n\t\t\t\t\t<\/div>\n\t\t<\/section>\n\t\t\t\t<section class=\"elementor-section elementor-top-section elementor-element elementor-element-6969a012 envato-kit-141-top-0 elementor-section-boxed elementor-section-height-default elementor-section-height-default\" data-id=\"6969a012\" data-element_type=\"section\" data-e-type=\"section\" data-settings=\"{&quot;background_background&quot;:&quot;classic&quot;}\">\n\t\t\t\t\t\t\t<div class=\"elementor-background-overlay\"><\/div>\n\t\t\t\t\t\t\t<div class=\"elementor-container elementor-column-gap-wider\">\n\t\t\t\t\t<div class=\"elementor-column elementor-col-100 elementor-top-column elementor-element elementor-element-67ce1a3a\" data-id=\"67ce1a3a\" data-element_type=\"column\" data-e-type=\"column\">\n\t\t\t<div class=\"elementor-widget-wrap elementor-element-populated\">\n\t\t\t\t\t\t<div class=\"elementor-element elementor-element-40f1b84d animated-slow elementor-invisible elementor-widget elementor-widget-heading\" data-id=\"40f1b84d\" data-element_type=\"widget\" data-e-type=\"widget\" data-settings=\"{&quot;_animation_delay&quot;:100,&quot;_animation&quot;:&quot;fadeInUp&quot;}\" data-widget_type=\"heading.default\">\n\t\t\t\t<div class=\"elementor-widget-container\">\n\t\t\t\t\t<h2 class=\"elementor-heading-title elementor-size-default\">Comisi\u00f3ns<\/h2>\t\t\t\t<\/div>\n\t\t\t\t<\/div>\n\t\t\t\t<div class=\"elementor-element elementor-element-7d7c5627 elementor-widget-divider--view-line elementor-invisible elementor-widget elementor-widget-divider\" data-id=\"7d7c5627\" data-element_type=\"widget\" data-e-type=\"widget\" data-settings=\"{&quot;_animation&quot;:&quot;fadeIn&quot;,&quot;_animation_delay&quot;:200}\" data-widget_type=\"divider.default\">\n\t\t\t\t<div class=\"elementor-widget-container\">\n\t\t\t\t\t\t\t<div class=\"elementor-divider\">\n\t\t\t<span class=\"elementor-divider-separator\">\n\t\t\t\t\t\t<\/span>\n\t\t<\/div>\n\t\t\t\t\t\t<\/div>\n\t\t\t\t<\/div>\n\t\t\t\t<div class=\"elementor-element elementor-element-168d8573 elementor-widget elementor-widget-text-editor\" data-id=\"168d8573\" data-element_type=\"widget\" data-e-type=\"widget\" data-widget_type=\"text-editor.default\">\n\t\t\t\t<div class=\"elementor-widget-container\">\n\t\t\t\t\t\t\t\t\t<p><strong>Deontolox\u00eda:<\/strong><\/p><ul><li>\u00a0<\/li><li>\u00a0<\/li><li>\u00a0<\/li><li>\u00a0<\/li><\/ul><p><strong>Honorarios e informes:<\/strong><\/p><ul><li>\u00a0<\/li><li>\u00a0<\/li><li>\u00a0<\/li><li>\u00a0<\/li><\/ul><p><strong>M\u00e1ster Avogac\u00eda (Escola Pr\u00e1ctica Xur\u00eddica \u00abDecano Pedro Gonz\u00e1lez\u00bb):<\/strong><\/p><ul><li>\u00a0<\/li><li>\u00a0<\/li><li>\u00a0<\/li><li>\u00a0<\/li><\/ul><p><strong>Asistencia Xur\u00eddica Gratu\u00edta, Quenda de Oficio e Servizos Orientaci\u00f3n Xur\u00eddica:<\/strong><\/p><ul><li>\u00a0<\/li><li>\u00a0<\/li><li>\u00a0<\/li><\/ul><p><strong>Formaci\u00f3n cont\u00ednua:<\/strong><\/p><ul><li>\u00a0<\/li><li>\u00a0<\/li><li>\u00a0<\/li><\/ul><p><strong>Coordinadora de defensa dos intereses dos avogados:<\/strong><\/p><ul><li>\u00a0<\/li><\/ul>\t\t\t\t\t\t\t\t<\/div>\n\t\t\t\t<\/div>\n\t\t\t\t\t<\/div>\n\t\t<\/div>\n\t\t\t\t\t<\/div>\n\t\t<\/section>\n\t\t\t\t<\/div>","protected":false},"excerpt":{"rendered":"<p>Junta de Gobierno Decano Diputado 1\u00ba Vicedecano Diputada 2\u00ba Diputado 3\u00ba Diputada 4\u00ba Diputada 5\u00ba Bibliotecaria-Contadora Tesorero Secretaria Organizaci\u00f3n Administrativa Gerencia Mercedes Alvite Menor \u00a0 Personal administrativo Rosa Garc\u00eda Andrade Estela N\u00fa\u00f1ez Cabarcos Ana M\u00aa V\u00e1zquez Fern\u00e1ndez Patricia Garc\u00eda Gay (Sede Juzgados) M\u00aa Cristina de las Heras Camino Partidos Judiciales Se acuerda asignar, a cada [&hellip;]<\/p>\n","protected":false},"author":5,"featured_media":0,"parent":0,"menu_order":0,"comment_status":"closed","ping_status":"closed","template":"elementor_header_footer","meta":{"footnotes":""},"class_list":["post-202","page","type-page","status-publish","hentry"],"_links":{"self":[{"href":"https:\/\/icalugo.org\/gl\/wp-json\/wp\/v2\/pages\/202","targetHints":{"allow":["GET"]}}],"collection":[{"href":"https:\/\/icalugo.org\/gl\/wp-json\/wp\/v2\/pages"}],"about":[{"href":"https:\/\/icalugo.org\/gl\/wp-json\/wp\/v2\/types\/page"}],"author":[{"embeddable":true,"href":"https:\/\/icalugo.org\/gl\/wp-json\/wp\/v2\/users\/5"}],"replies":[{"embeddable":true,"href":"https:\/\/icalugo.org\/gl\/wp-json\/wp\/v2\/comments?post=202"}],"version-history":[{"count":91,"href":"https:\/\/icalugo.org\/gl\/wp-json\/wp\/v2\/pages\/202\/revisions"}],"predecessor-version":[{"id":5274,"href":"https:\/\/icalugo.org\/gl\/wp-json\/wp\/v2\/pages\/202\/revisions\/5274"}],"wp:attachment":[{"href":"https:\/\/icalugo.org\/gl\/wp-json\/wp\/v2\/media?parent=202"}],"curies":[{"name":"wp","href":"https:\/\/api.w.org\/{rel}","templated":true}]}}