{"id":214,"date":"2024-09-12T10:45:23","date_gmt":"2024-09-12T10:45:23","guid":{"rendered":"https:\/\/icalugo.org\/?page_id=214"},"modified":"2025-11-27T10:16:25","modified_gmt":"2025-11-27T10:16:25","slug":"telefonos-de-interes","status":"publish","type":"page","link":"https:\/\/icalugo.org\/gl\/telefonos-de-interes\/","title":{"rendered":"Tel\u00e9fonos de interese"},"content":{"rendered":"<div data-elementor-type=\"wp-page\" data-elementor-id=\"214\" class=\"elementor elementor-214\" data-elementor-post-type=\"page\">\n\t\t\t\t\t\t<section class=\"elementor-section elementor-top-section elementor-element elementor-element-2c1707d3 elementor-section-content-middle elementor-section-boxed elementor-section-height-default elementor-section-height-default\" data-id=\"2c1707d3\" data-element_type=\"section\" data-e-type=\"section\" data-settings=\"{&quot;background_background&quot;:&quot;classic&quot;}\">\n\t\t\t\t\t\t\t<div class=\"elementor-background-overlay\"><\/div>\n\t\t\t\t\t\t\t<div class=\"elementor-container elementor-column-gap-wide\">\n\t\t\t\t\t<div class=\"elementor-column elementor-col-100 elementor-top-column elementor-element elementor-element-3c1b82df\" data-id=\"3c1b82df\" data-element_type=\"column\" data-e-type=\"column\">\n\t\t\t<div class=\"elementor-widget-wrap elementor-element-populated\">\n\t\t\t\t\t\t<div class=\"elementor-element elementor-element-1318de1d animated-slow elementor-invisible elementor-widget elementor-widget-heading\" data-id=\"1318de1d\" data-element_type=\"widget\" data-e-type=\"widget\" data-settings=\"{&quot;_animation_delay&quot;:100,&quot;_animation&quot;:&quot;fadeInUp&quot;}\" data-widget_type=\"heading.default\">\n\t\t\t\t<div class=\"elementor-widget-container\">\n\t\t\t\t\t<h2 class=\"elementor-heading-title elementor-size-default\">Tel\u00e9fonos de Interese<\/h2>\t\t\t\t<\/div>\n\t\t\t\t<\/div>\n\t\t\t\t<div class=\"elementor-element elementor-element-7785b264 elementor-widget-divider--view-line elementor-invisible elementor-widget elementor-widget-divider\" data-id=\"7785b264\" data-element_type=\"widget\" data-e-type=\"widget\" data-settings=\"{&quot;_animation&quot;:&quot;fadeIn&quot;,&quot;_animation_delay&quot;:200}\" data-widget_type=\"divider.default\">\n\t\t\t\t<div class=\"elementor-widget-container\">\n\t\t\t\t\t\t\t<div class=\"elementor-divider\">\n\t\t\t<span class=\"elementor-divider-separator\">\n\t\t\t\t\t\t<\/span>\n\t\t<\/div>\n\t\t\t\t\t\t<\/div>\n\t\t\t\t<\/div>\n\t\t\t\t<div class=\"elementor-element elementor-element-6ecb6729 elementor-widget elementor-widget-text-editor\" data-id=\"6ecb6729\" data-element_type=\"widget\" data-e-type=\"widget\" data-widget_type=\"text-editor.default\">\n\t\t\t\t<div class=\"elementor-widget-container\">\n\t\t\t\t\t\t\t\t\t<div class=\"article-content\"><p>Xulgados, Tribunais, Fiscal\u00edas e Oficinas de:<\/p><ul><li><a href=\"http:\/\/www.mjusticia.gob.es\/BUSCADIR\/ServletControlador?apartado=buscadorMunicipioDesdeListado&amp;municipio=27028\" target=\"_blank\" rel=\"noopener\">LUGO<\/a><\/li><li><a href=\"http:\/\/www.mjusticia.gob.es\/BUSCADIR\/ServletControlador?apartado=buscadorMunicipioDesdeListado&amp;municipio=27006&amp;lang=es_es\" target=\"_blank\" rel=\"noopener\">A FONSAGRADA<\/a><\/li><li><a href=\"http:\/\/www.mjusticia.gob.es\/BUSCADIR\/ServletControlador?apartado=buscadorMunicipioDesdeListado&amp;municipio=27006&amp;lang=es_es\" target=\"_blank\" rel=\"noopener\">BECERRE\u00c1<\/a>\u00a0<\/li><li><a href=\"http:\/\/www.mjusticia.gob.es\/BUSCADIR\/ServletControlador?apartado=buscadorMunicipioDesdeListado&amp;municipio=27016&amp;lang=es_es&amp;tipo=&amp;origen=\" target=\"_blank\" rel=\"noopener\">CHANTADA<\/a><\/li><li><a href=\"http:\/\/www.mjusticia.gob.es\/BUSCADIR\/ServletControlador?apartado=buscadorMunicipioDesdeListado&amp;municipio=27030&amp;lang=es_es&amp;tipo=&amp;origen=\" target=\"_blank\" rel=\"noopener\">MONDO\u00d1EDO<\/a><\/li><li><a href=\"http:\/\/www.mjusticia.gob.es\/BUSCADIR\/ServletControlador?apartado=buscadorMunicipioDesdeListado&amp;municipio=27031&amp;lang=es_es&amp;tipo=&amp;origen=\" target=\"_blank\" rel=\"noopener\">MONFORTE<\/a><\/li><li><a href=\"http:\/\/www.mjusticia.gob.es\/BUSCADIR\/ServletControlador?apartado=buscadorMunicipioDesdeListado&amp;municipio=27057&amp;lang=es_es&amp;tipo=&amp;origen=\" target=\"_blank\" rel=\"noopener\">SARRIA<\/a><\/li><li><a href=\"http:\/\/www.mjusticia.gob.es\/BUSCADIR\/ServletControlador?apartado=buscadorMunicipioDesdeListado&amp;municipio=27065&amp;lang=es_es&amp;tipo=&amp;origen=\" target=\"_blank\" rel=\"noopener\">VILALBA<\/a><\/li><li><a href=\"http:\/\/www.mjusticia.gob.es\/BUSCADIR\/ServletControlador?apartado=buscadorMunicipioDesdeListado&amp;municipio=27066&amp;lang=es_es&amp;tipo=&amp;origen=\" target=\"_blank\" rel=\"noopener\">VIVEIRO<\/a><\/li><\/ul><p>\u00a0<\/p><p><a href=\"http:\/\/www.mjusticia.gob.es\/BUSCADIR\/ServletControlador?apartado=buscadorJuzgadosPaz&amp;partido=27028&amp;municipio=27028&amp;tipos_entes=46&amp;lang=es_es&amp;origen=&amp;tipo=JP\" target=\"_blank\" rel=\"noopener\">Xulgados de Paz da Provincia<\/a><\/p><\/div>\t\t\t\t\t\t\t\t<\/div>\n\t\t\t\t<\/div>\n\t\t\t\t\t<\/div>\n\t\t<\/div>\n\t\t\t\t\t<\/div>\n\t\t<\/section>\n\t\t\t\t<\/div>","protected":false},"excerpt":{"rendered":"<p>Tel\u00e9fonos de Inter\u00e9s Juzgados, Tribunales, Fiscal\u00edas y Oficinas de: LUGO A FONSAGRADA BECERRE\u00c1\u00a0 CHANTADA MONDO\u00d1EDO MONFORTE SARRIA VILALBA VIVEIRO \u00a0 Juzgados de Paz de la Provincia<\/p>","protected":false},"author":5,"featured_media":0,"parent":0,"menu_order":0,"comment_status":"closed","ping_status":"closed","template":"elementor_header_footer","meta":{"footnotes":""},"class_list":["post-214","page","type-page","status-publish","hentry"],"_links":{"self":[{"href":"https:\/\/icalugo.org\/gl\/wp-json\/wp\/v2\/pages\/214","targetHints":{"allow":["GET"]}}],"collection":[{"href":"https:\/\/icalugo.org\/gl\/wp-json\/wp\/v2\/pages"}],"about":[{"href":"https:\/\/icalugo.org\/gl\/wp-json\/wp\/v2\/types\/page"}],"author":[{"embeddable":true,"href":"https:\/\/icalugo.org\/gl\/wp-json\/wp\/v2\/users\/5"}],"replies":[{"embeddable":true,"href":"https:\/\/icalugo.org\/gl\/wp-json\/wp\/v2\/comments?post=214"}],"version-history":[{"count":19,"href":"https:\/\/icalugo.org\/gl\/wp-json\/wp\/v2\/pages\/214\/revisions"}],"predecessor-version":[{"id":4782,"href":"https:\/\/icalugo.org\/gl\/wp-json\/wp\/v2\/pages\/214\/revisions\/4782"}],"wp:attachment":[{"href":"https:\/\/icalugo.org\/gl\/wp-json\/wp\/v2\/media?parent=214"}],"curies":[{"name":"wp","href":"https:\/\/api.w.org\/{rel}","templated":true}]}}