{"id":2157,"date":"2024-09-12T16:33:23","date_gmt":"2024-09-12T16:33:23","guid":{"rendered":"https:\/\/icalugo.org\/?page_id=2157"},"modified":"2026-02-23T10:28:37","modified_gmt":"2026-02-23T10:28:37","slug":"asistencia-juridica-gratuita","status":"publish","type":"page","link":"https:\/\/icalugo.org\/gl\/asistencia-juridica-gratuita\/","title":{"rendered":"Asistencia xur\u00eddica gratu\u00edta"},"content":{"rendered":"<div data-elementor-type=\"wp-page\" data-elementor-id=\"2157\" class=\"elementor elementor-2157\" data-elementor-post-type=\"page\">\n\t\t\t\t\t\t<section class=\"elementor-section elementor-top-section elementor-element elementor-element-3e1f0b3 elementor-section-content-middle elementor-section-boxed elementor-section-height-default elementor-section-height-default\" data-id=\"3e1f0b3\" data-element_type=\"section\" data-e-type=\"section\" data-settings=\"{&quot;background_background&quot;:&quot;classic&quot;}\">\n\t\t\t\t\t\t\t<div class=\"elementor-background-overlay\"><\/div>\n\t\t\t\t\t\t\t<div class=\"elementor-container elementor-column-gap-wide\">\n\t\t\t\t\t<div class=\"elementor-column elementor-col-100 elementor-top-column elementor-element elementor-element-3214c6a\" data-id=\"3214c6a\" data-element_type=\"column\" data-e-type=\"column\">\n\t\t\t<div class=\"elementor-widget-wrap elementor-element-populated\">\n\t\t\t\t\t\t<div class=\"elementor-element elementor-element-471b009 animated-slow elementor-invisible elementor-widget elementor-widget-heading\" data-id=\"471b009\" data-element_type=\"widget\" data-e-type=\"widget\" data-settings=\"{&quot;_animation_delay&quot;:100,&quot;_animation&quot;:&quot;fadeInUp&quot;}\" data-widget_type=\"heading.default\">\n\t\t\t\t<div class=\"elementor-widget-container\">\n\t\t\t\t\t<h2 class=\"elementor-heading-title elementor-size-default\">Asistencia Xur\u00eddica Gratu\u00edta<\/h2>\t\t\t\t<\/div>\n\t\t\t\t<\/div>\n\t\t\t\t<div class=\"elementor-element elementor-element-05f78ae elementor-widget-divider--view-line elementor-invisible elementor-widget elementor-widget-divider\" data-id=\"05f78ae\" data-element_type=\"widget\" data-e-type=\"widget\" data-settings=\"{&quot;_animation&quot;:&quot;fadeIn&quot;,&quot;_animation_delay&quot;:200}\" data-widget_type=\"divider.default\">\n\t\t\t\t<div class=\"elementor-widget-container\">\n\t\t\t\t\t\t\t<div class=\"elementor-divider\">\n\t\t\t<span class=\"elementor-divider-separator\">\n\t\t\t\t\t\t<\/span>\n\t\t<\/div>\n\t\t\t\t\t\t<\/div>\n\t\t\t\t<\/div>\n\t\t\t\t<div class=\"elementor-element elementor-element-b1917e4 elementor-icon-list--layout-traditional elementor-list-item-link-full_width elementor-widget elementor-widget-icon-list\" data-id=\"b1917e4\" data-element_type=\"widget\" data-e-type=\"widget\" data-widget_type=\"icon-list.default\">\n\t\t\t\t<div class=\"elementor-widget-container\">\n\t\t\t\t\t\t\t<ul class=\"elementor-icon-list-items\">\n\t\t\t\t\t\t\t<li class=\"elementor-icon-list-item\">\n\t\t\t\t\t\t\t\t\t\t\t<a href=\"https:\/\/icalugo.org\/wp-content\/uploads\/2025\/10\/solicitud_asist_juridi_gratuita_AnexoII.pdf\" target=\"_blank\">\n\n\t\t\t\t\t\t\t\t\t\t\t\t<span class=\"elementor-icon-list-icon\">\n\t\t\t\t\t\t\t<svg aria-hidden=\"true\" class=\"e-font-icon-svg e-fas-file-signature\" viewbox=\"0 0 576 512\" xmlns=\"http:\/\/www.w3.org\/2000\/svg\"><path d=\"M218.17 424.14c-2.95-5.92-8.09-6.52-10.17-6.52s-7.22.59-10.02 6.19l-7.67 15.34c-6.37 12.78-25.03 11.37-29.48-2.09L144 386.59l-10.61 31.88c-5.89 17.66-22.38 29.53-41 29.53H80c-8.84 0-16-7.16-16-16s7.16-16 16-16h12.39c4.83 0 9.11-3.08 10.64-7.66l18.19-54.64c3.3-9.81 12.44-16.41 22.78-16.41s19.48 6.59 22.77 16.41l13.88 41.64c19.75-16.19 54.06-9.7 66 14.16 1.89 3.78 5.49 5.95 9.36 6.26v-82.12l128-127.09V160H248c-13.2 0-24-10.8-24-24V0H24C10.7 0 0 10.7 0 24v464c0 13.3 10.7 24 24 24h336c13.3 0 24-10.7 24-24v-40l-128-.11c-16.12-.31-30.58-9.28-37.83-23.75zM384 121.9c0-6.3-2.5-12.4-7-16.9L279.1 7c-4.5-4.5-10.6-7-17-7H256v128h128v-6.1zm-96 225.06V416h68.99l161.68-162.78-67.88-67.88L288 346.96zm280.54-179.63l-31.87-31.87c-9.94-9.94-26.07-9.94-36.01 0l-27.25 27.25 67.88 67.88 27.25-27.25c9.95-9.94 9.95-26.07 0-36.01z\"><\/path><\/svg>\t\t\t\t\t\t<\/span>\n\t\t\t\t\t\t\t\t\t\t<span class=\"elementor-icon-list-text\">Solicitude de Asistencia Xur\u00eddica Gratu\u00edta\u00a0(Anexo I)<\/span>\n\t\t\t\t\t\t\t\t\t\t\t<\/a>\n\t\t\t\t\t\t\t\t\t<\/li>\n\t\t\t\t\t\t<\/ul>\n\t\t\t\t\t\t<\/div>\n\t\t\t\t<\/div>\n\t\t\t\t<div class=\"elementor-element elementor-element-9e25264 elementor-icon-list--layout-traditional elementor-list-item-link-full_width elementor-widget elementor-widget-icon-list\" data-id=\"9e25264\" data-element_type=\"widget\" data-e-type=\"widget\" data-widget_type=\"icon-list.default\">\n\t\t\t\t<div class=\"elementor-widget-container\">\n\t\t\t\t\t\t\t<ul class=\"elementor-icon-list-items\">\n\t\t\t\t\t\t\t<li class=\"elementor-icon-list-item\">\n\t\t\t\t\t\t\t\t\t\t\t<a href=\"https:\/\/icalugo.org\/wp-content\/uploads\/2026\/02\/NOVA-SOLICITUDE-AXG-GALEGO.pdf\" target=\"_blank\">\n\n\t\t\t\t\t\t\t\t\t\t\t\t<span class=\"elementor-icon-list-icon\">\n\t\t\t\t\t\t\t<svg aria-hidden=\"true\" class=\"e-font-icon-svg e-fas-file-signature\" viewbox=\"0 0 576 512\" xmlns=\"http:\/\/www.w3.org\/2000\/svg\"><path d=\"M218.17 424.14c-2.95-5.92-8.09-6.52-10.17-6.52s-7.22.59-10.02 6.19l-7.67 15.34c-6.37 12.78-25.03 11.37-29.48-2.09L144 386.59l-10.61 31.88c-5.89 17.66-22.38 29.53-41 29.53H80c-8.84 0-16-7.16-16-16s7.16-16 16-16h12.39c4.83 0 9.11-3.08 10.64-7.66l18.19-54.64c3.3-9.81 12.44-16.41 22.78-16.41s19.48 6.59 22.77 16.41l13.88 41.64c19.75-16.19 54.06-9.7 66 14.16 1.89 3.78 5.49 5.95 9.36 6.26v-82.12l128-127.09V160H248c-13.2 0-24-10.8-24-24V0H24C10.7 0 0 10.7 0 24v464c0 13.3 10.7 24 24 24h336c13.3 0 24-10.7 24-24v-40l-128-.11c-16.12-.31-30.58-9.28-37.83-23.75zM384 121.9c0-6.3-2.5-12.4-7-16.9L279.1 7c-4.5-4.5-10.6-7-17-7H256v128h128v-6.1zm-96 225.06V416h68.99l161.68-162.78-67.88-67.88L288 346.96zm280.54-179.63l-31.87-31.87c-9.94-9.94-26.07-9.94-36.01 0l-27.25 27.25 67.88 67.88 27.25-27.25c9.95-9.94 9.95-26.07 0-36.01z\"><\/path><\/svg>\t\t\t\t\t\t<\/span>\n\t\t\t\t\t\t\t\t\t\t<span class=\"elementor-icon-list-text\">Solicitude de Asistencia Xur\u00eddica Gratuita Galego\u00a0(Anexo I)<\/span>\n\t\t\t\t\t\t\t\t\t\t\t<\/a>\n\t\t\t\t\t\t\t\t\t<\/li>\n\t\t\t\t\t\t<\/ul>\n\t\t\t\t\t\t<\/div>\n\t\t\t\t<\/div>\n\t\t\t\t<div class=\"elementor-element elementor-element-d600e72 elementor-widget elementor-widget-heading\" data-id=\"d600e72\" data-element_type=\"widget\" data-e-type=\"widget\" data-widget_type=\"heading.default\">\n\t\t\t\t<div class=\"elementor-widget-container\">\n\t\t\t\t\t<h2 class=\"elementor-heading-title elementor-size-default\">Informaci\u00f3n<\/h2>\t\t\t\t<\/div>\n\t\t\t\t<\/div>\n\t\t\t\t<div class=\"elementor-element elementor-element-42197fc elementor-widget elementor-widget-text-editor\" data-id=\"42197fc\" data-element_type=\"widget\" data-e-type=\"widget\" data-widget_type=\"text-editor.default\">\n\t\t\t\t<div class=\"elementor-widget-container\">\n\t\t\t\t\t\t\t\t\t<p><strong>ACCESO \u00c1 XUSTIZA E XUSTIZA GRATU\u00cdTA<\/strong><\/p><p>O acceso \u00e1 Xustiza \u00e9 un dereito b\u00e1sico reco\u00f1ecido tanto na Declaraci\u00f3n Universal dos Dereitos Humanos, como no Convenio Europeo de Dereitos Humanos.<\/p><p>\u00c9 un dereito constitucional que comprende a asistencia xur\u00eddica gratu\u00edta de quen carece de recursos suficientes para litigar e afecta a outros fundamentais como os de igualdade, asistencia letrada ao detido, defensa e tutela xudicial efectiva.<\/p><p>\u00c9 un servizo p\u00fablico cuxa xesti\u00f3n est\u00e1 encomendada legalmente \u00e1 Avogac\u00eda de forma exclusiva, respecto de a defensa xur\u00eddica, e \u00e1 Procurador\u00eda, para a representaci\u00f3n do cidad\u00e1n.<\/p><p><strong>\u00a0<\/strong><\/p><p><strong>QUEN TEN DEREITO \u00c1 XUSTIZA GRATU\u00cdTA?<\/strong><\/p><p>Ter\u00e1n dereito \u00e1 asistencia xur\u00eddica gratu\u00edta:<\/p><p>Persoas f\u00edsicas:<\/p><ul><li>Os cidad\u00e1ns espa\u00f1ois, os nacionais dos demais Estados membro da Uni\u00f3n Europea e os estranxeiros que residan en Espa\u00f1a, cando acrediten insuficiencia de recursos para litigar.<\/li><li>Na orde xurisdicional social: os traballadores e os beneficiarios do sistema de Seguridade Social.<\/li><li>Todos os cidad\u00e1ns estranxeiros ter\u00e1n dereito \u00e1 asistencia letrada e \u00e1 defensa e representaci\u00f3n gratu\u00edtas, a\u00ednda cando non residan legalmente en territorio espa\u00f1ol, cando acrediten insuficiencia de recursos para litigar, tanto na orde xurisdicional penal como na orde contenciosa \u2013 administrativa, en todos aqueles procesos relativos \u00e1 s\u00faa solicitude de asilo e Lei de Estranxeir\u00eda, (inclu\u00edda v\u00eda administrativa previa).<\/li><\/ul><p>\u00a0<\/p><p>Igualmente, ademais de certas entidades de utilidade p\u00fablica, as seguintes persoas xur\u00eddicas, cando acrediten insuficiencia de recursos para litigar:<\/p><ul><li>As Entidades Xestoras e Servizos Com\u00fans da Seguridade Social.<\/li><li>Asociaci\u00f3ns de utilidade p\u00fablica.<\/li><li>Fundaci\u00f3ns rexistradas no Rexistro Administrativo correspondente.<\/li><li>Con independencia da existencia de recursos para litigar, \u00e1s asociaci\u00f3ns que te\u00f1an como fin a promoci\u00f3n e defensa dos dereitos das v\u00edtimas do terrorismo, sinaladas na Lei 29\/2011, do 22 de setembro, de reco\u00f1ecemento e protecci\u00f3n integral \u00e1s v\u00edtimas do terrorismo.<\/li><\/ul><p><strong>\u00a0<\/strong><\/p><p><strong>REQUISITOS ECON\u00d3MICOS PARA O RECO\u00d1ECEMENTO DO DEREITO<\/strong><\/p><p>Poden solicitalo aqueles cidad\u00e1ns que, estando inmersos en calquera tipo de procedemento xudicial ou pretendendo inicialo, carezan de patrimonio suficiente para litigar e\/ou conten cuns recursos e ingresos econ\u00f3micos brutos, computados anualmente, por todos os conceptos e por unidade familiar, que non superen os seguintes limiares:<\/p><ul><li>D\u00faas veces o indicador p\u00fablico de renda de efectos m\u00faltiples vixente no momento de efectuar a solicitude cando se trate de persoas non integradas en ningunha unidade familiar. (En 2023: 12 pagas: 14.400 euros brutos\/14 pagas: 16800 euros brutos)<\/li><li>D\u00faas veces e medio o indicador p\u00fablico de renda de efectos m\u00faltiples vixente no momento de efectuar a solicitude cando se trate de persoas integradas nalgunhas das modalidades de unidade familiar con menos de catro membros. (En 2023: 12 pagas: 18.000 euros brutos\/14 pagas: 21.000 euros brutos)<\/li><li>O triplo do devandito indicador cando se trate de unidades familiares integradas por catro ou m\u00e1is membros. (En 2023: 12 pagas: 21.600 euros brutos\/14 pagas: 25.200 euros brutos)<\/li><\/ul><p>\u00a0<\/p><p>Para ese efecto, constit\u00faen\u00a0<strong><em>modalidades de unidade familiar<\/em><\/strong>:<\/p><ul><li>A integrada polos c\u00f3nxuxes non separados legalmente e, se os houbese, os fillos menores con excepci\u00f3n dos que se achasen emancipados.<\/li><li>A formada polo pai ou a nai e os fillos que re\u00fanan os requisitos a que ref\u00edrese a regra anterior.<\/li><\/ul><p><strong>\u00a0<\/strong><\/p><p><strong>De maneira excepcional, e con independencia da existencia de recursos para litigar, reco\u00f1\u00e9cese o dereito de asistencia xur\u00eddica gratu\u00edta, que se lles prestar\u00e1 de inmediato:<\/strong><\/p><ul><li>\u00c1s v\u00edtimas de violencia de x\u00e9nero, de terrorismo e de trata de seres humanos naqueles procesos que te\u00f1an vinculaci\u00f3n, derivar ou sexan consecuencia da s\u00faa condici\u00f3n de v\u00edtimas, as\u00ed como aos menores de idade e as persoas con discapacidade ps\u00edquica cando sexan v\u00edtimas de situaci\u00f3ns de abuso ou malos tratos.<\/li><li>A quen a causa dun accidente acrediten secuelas permanentes que lles impidan totalmente a realizaci\u00f3n das tarefas da s\u00faa ocupaci\u00f3n laboral ou profesional habitual e requiran a axuda doutras persoas para realizar as actividades m\u00e1is esenciais da vida diaria, cando o obxecto do litixio sexa a reclamaci\u00f3n de indemnizaci\u00f3n polos danos persoais e morais sufridos.<\/li><li>Excepcionalmente, pode reco\u00f1ecerse o dereito a persoas que superen o indicador p\u00fablico de rendas, sen exceder do dobre, se te\u00f1en cargas econ\u00f3micas ou familiares extraordinarias. E, por contra, pode denegarse a\u00ednda sen alcanzar tales ingresos, si existen signos de riqueza que deban terse en conta.<\/li><li>A Comisi\u00f3n de Xustiza Gratu\u00edta poder\u00e1 conceder, excepcionalmente, mediante resoluci\u00f3n motivada, o reco\u00f1ecemento do dereito \u00e1 asistencia xur\u00eddica gratu\u00edta a aquelas persoas cuxos recursos e ingresos, a\u00ednda superando os l\u00edmites legalmente establecidos, non excedan do qu\u00edntuplo do indicador p\u00fablico de renda a efectos m\u00faltiples (IPREM), e en todo caso, cando o solicitante ostente a condici\u00f3n de ascendiente dunha familia numerosa de categor\u00eda especial, tendo en conta a carencia de patrimonio suficiente.<\/li><li>Igualmente a Comisi\u00f3n de Xustiza Gratu\u00edta poder\u00e1 de maneira excepcional e mediante resoluci\u00f3n motivada conceder o reco\u00f1ecemento do dereito \u00e1 asistencia xur\u00eddica gratu\u00edta atendendo as circunstancias de sa\u00fade do solicitante e \u00e1s persoas con discapacidade sinaladas no art. 1.2 Lei 51\/2003 do 2 de decembro, (<em>aquelas persoas que padezan deficiencias f\u00edsicas, mentais, intelectuais ou sensoriais a longo prazo e que te\u00f1an reco\u00f1ecido un grao de discapacidade igual ou superior a un 33%, equiparando a esa porcentaxe \u00e1s persoas que te\u00f1an reco\u00f1ecida pensi\u00f3n por incapacidade permanente en grao de total, absoluta ou gran invalidade e aos pensionistas de clases pasivas que te\u00f1an reco\u00f1ecido pensi\u00f3n de xubilaci\u00f3n ou retiro por incapacidade permanente para o servizo ou inutilidade<\/em>) as\u00ed como \u00e1s persoas que os te\u00f1an ao seu cargo cando act\u00faen nun proceso no seu nome e interese e sempre que se trate de procedementos que te\u00f1an relaci\u00f3n coa sa\u00fade e a s\u00faa discapacidade.<\/li><\/ul><p><strong>\u00a0<\/strong><\/p><p><strong>COMO SOLICITAR O DEREITO?<\/strong><\/p><p>Para solicitar o beneficio de xustiza gratu\u00edta \u00e9 necesario que o interesado cumprimente un impreso normalizado de solicitude, que se pode descargar nesta p\u00e1xina web, e achega a documentaci\u00f3n, que se detalla no modelo facilitado, acreditativa da insuficiencia de recursos para litigar. O solicitante do dereito deber\u00e1 indicar cales son as pretensi\u00f3ns cuxo reco\u00f1ecemento pide.<\/p><p>Estes impresos tam\u00e9n se facilitar\u00e1n en:<\/p><ul><li>Os Servizos de Orientaci\u00f3n Xur\u00eddica dos Colexios de Avogados.<\/li><li>Comisi\u00f3ns de Asistencia Xur\u00eddica Gratu\u00edta.<\/li><li>As dependencias xudiciais.<\/li><\/ul><p><strong>\u00a0<\/strong><\/p><p><strong>LUGAR DE PRESENTACI\u00d3N DA SOLICITUDE<\/strong><\/p><p>As solicitudes de asistencia xur\u00eddica gratu\u00edta, xunto coa correspondente documentaci\u00f3n, presentaranse ante os Servizos de Orientaci\u00f3n Xur\u00eddica do Colexio da Avogac\u00eda do lugar en que se ache o Xulgado ou Tribunal que haxa de co\u00f1ecer do proceso principal ou perante o xulgado do domicilio do solicitante se o proceso non se iniciou. Tam\u00e9n poder\u00e1 remitirse a solicitude, por correo, \u00e1s dependencias colexiais.<\/p><p><strong>\u00a0<\/strong><\/p><p><strong>QUE CONLEVA O RECO\u00d1ECEMENTO DO DEREITO A XUSTIZA GRATU\u00cdTA?<\/strong><\/p><p>O dereito \u00e1 asistencia xur\u00eddica gratu\u00edta comprende as seguintes prestaci\u00f3ns:<\/p><p><span style=\"background-color: transparent;\">1.- O servizo de asesoramento e orientaci\u00f3n gratu\u00edtos previos ao proceso a quen pretenda reclamar a tutela xudicial dos seus dereitos e intereses, as\u00ed como informaci\u00f3n sobre a posibilidade de recorrer \u00e1 mediaci\u00f3n ou outros medios extraxudiciais de soluci\u00f3n de conflitos cando te\u00f1an por obxecto evitar o conflito procesual ou analizar a viabilidade da pretensi\u00f3n.<\/span><\/p><p>Cando se trate de v\u00edtimas de violencia de x\u00e9nero, de terrorismo e de trata de seres humanos, as\u00ed como de menores de idade e as persoas con discapacidade intelectual ou enfermidade mental, a asistencia xur\u00eddica gratu\u00edta comprender\u00e1 asesoramento e orientaci\u00f3n gratu\u00edtos no momento inmediatamente previo \u00e1 interposici\u00f3n de denuncia ou querela<\/p><p>2.- Asistencia de avogado ao detido, preso ou imputado que non o designase, para calquera dilixencia policial que non sexa consecuencia dun procedemento penal en curso ou na s\u00faa primeira comparecencia ante un \u00f3rgano xurisdicional, ou cando esta leve a cabo por medio de auxilio xudicial e o detido, preso ou imputado non designase avogado no lugar onde se preste.<\/p><p>3.- Designaci\u00f3n de Avogado e Procurador de Oficio en procedementos en que sexa obrigatoria a s\u00faa intervenci\u00f3n. Se a intervenci\u00f3n letrada non fose preceptiva, pode solicitar do Xulgado que, motivadamente, cominar ao Colexio de Avogados a s\u00faa designaci\u00f3n ou ben, a designaci\u00f3n sexa expresamente requirida polo Xulgado ou Tribunal mediante auto motivado para garantir a igualdade das partes no proceso.<\/p><p>Tam\u00e9n pode acudir ao procedemento con profesionais da s\u00faa confianza, ben abon\u00e1ndolles os seus honorarios, ben renunciando estes a a s\u00faa cobranza, sen perder o resto dos beneficios da Xustiza Gratu\u00edta.<\/p><p>4.- Asistencia pericial gratu\u00edta cando fose necesaria.<\/p><p>5.- Dereito a dispo\u00f1er de int\u00e9rprete na s\u00faa lingua orixinaria.<\/p><p>6.- Exoneraci\u00f3n do pago de custas procesuais de serlle impostas en xu\u00edzo, salvo que en prazo de tres anos ve\u00f1a mellor fortuna (cu\u00e1druplo do IPREM).<\/p><p>7.- Exenci\u00f3n do pago de taxas para interpo\u00f1er recursos.<\/p><p>8.- Inserci\u00f3n gratu\u00edta de edictos ou anuncios en bolet\u00edns oficiais.<\/p><p>9.- Reduci\u00f3n de aranceis de Notar\u00edas e Rexistros, e no caso de que os ingresos anuais do cidad\u00e1n sexan inferiores ao IPREM, a s\u00faa exenci\u00f3n, para a obtenci\u00f3n de copias, testemu\u00f1os, instrumentos e actas notariais, certificaci\u00f3ns, anotaci\u00f3ns, asentos e inscrici\u00f3ns nos Rexistros da Propiedade e Mercantil, cando te\u00f1an relaci\u00f3n directa co proceso.<\/p><p>A asistencia Xur\u00eddica Gratu\u00edta est\u00e9ndese a todos os tr\u00e1mites, incidencias e recursos en relaci\u00f3n co procedemento para o que lle foi reco\u00f1ecida, inclu\u00edda a execuci\u00f3n da resoluci\u00f3n xudicial durante dous anos.<\/p><p><strong>\u00a0<\/strong><\/p><p><strong>DEREITOS CON RESPECTO \u00c1 ASISTENCIA LETRADA<\/strong><\/p><p>1.- A ser nomeado un Avogado de Oficio, designado polo Colexio da Avogac\u00eda, que deber\u00e1 reunir os requisitos de experiencia e de formaci\u00f3n que lles son esixidos previamente.<\/p><p>2.- A asistencia letrada ser\u00e1 gratu\u00edta, salvo nos seguintes casos, en que deber\u00e1 abonar ao profesional os seus honorarios polo traballo realizado:<\/p><ul><li>Que non se lle reco\u00f1eza o dereito \u00e1 Asistencia Xur\u00eddica Gratu\u00edta.<\/li><li>Que venza no preito sen imposici\u00f3n de custas procesuais. Nese caso deber\u00e1 abonar tales honorarios sempre que non excedan da terceira parte do obtido. Se excedesen reduciranse ao importe dita terceira parte, atend\u00e9ndose, a prorrata, as s\u00faas diversas partidas.<\/li><li>Que ve\u00f1a mellor fortuna dentro dos 3 anos seguintes \u00e1 finalizaci\u00f3n do proceso.\u00a0\u00a0<\/li><\/ul><p>\u00a0<\/p><p>3.- A recibir atenci\u00f3n coa inmediatez que o caso requira, en forma e lugar adecuados. A tal fin, deber\u00e1 po\u00f1er canto antes ao dispor do profesional toda a informaci\u00f3n e documentaci\u00f3n coa que conte, prestarlle a s\u00faa colaboraci\u00f3n dilixente e facilitarlle a s\u00faa localizaci\u00f3n e calquera cambio de domicilio ou tel\u00e9fono de contacto.<\/p><p>4.- A ser informado polo profesional sobre se a s\u00faa pretensi\u00f3n \u00e9 viable e, se este a considera inviable, a que emitan un ditame ao Ministerio Fiscal e ao Colexio da Avogac\u00eda. Se alg\u00fan deles considera que a pretensi\u00f3n \u00e9 posible ter\u00e1 dereito \u00e1 designaci\u00f3n dun segundo profesional para quen ser\u00e1 obrigatoria a defensa do caso; se ambos confirman que \u00e9 inviable, desestimarase a solicitude.<\/p><p>5.- A ser informado sobre o estado do procedemento, e das resoluci\u00f3ns ditadas no mesmo e, no seu caso, sobre a procedencia dos recursos que poidan interpo\u00f1erse.<\/p><p>6.- A formular ante o Colexio da Avogac\u00eda calquera queixa que puidese suscitar o Servizo de Orientaci\u00f3n Xur\u00eddica ou a intervenci\u00f3n do profesional asignado.<\/p><p>7.- Os Colexios da Avogac\u00eda velar\u00e1n polo correcto funcionamento, calidade e continuidade do servizo e deben resolver as queixas que reciban e comunicar ao afectado a decisi\u00f3n adoptada.<\/p><p><strong>\u00a0<\/strong><\/p><p><strong>DEBERES DA CIDADAN\u00cdA ANTE A XUSTIZA GRATU\u00cdTA<\/strong><\/p><p>A Asistencia Xur\u00eddica Gratu\u00edta \u00e9 un servizo p\u00fablico financiado con fondos p\u00fablicos, polo que:<\/p><p>1.- Non se debe solicitar o beneficio da Xustiza Gratu\u00edta en caso de non cumprir os requisitos legais anteriormente expostos e debe facerse sempre sobre a base do fiel reflexo da s\u00faa situaci\u00f3n econ\u00f3mica real.<\/p><p>2.- Este dereito debe utilizarse con responsabilidade coa finalidade de que poidan beneficiarse do mesmo todas as persoas que realmente o necesiten<\/p><p>3.- Obrigaci\u00f3n de entregar toda a informaci\u00f3n e documentaci\u00f3n requirida polo SOJ ou servizos colexiais para tramitar a solicitude de Xustiza Gratu\u00edta.<\/p><p>4.- Debe gardar respecto e a debida consideraci\u00f3n ao profesional designado.<\/p><p>5.- Debe facilitar a informaci\u00f3n e documentaci\u00f3n que necesite para cumprir a s\u00faa funci\u00f3n, prestarlle dilixente colaboraci\u00f3n e facilitarlle a s\u00faa localizaci\u00f3n en todo momento.<\/p><p>6.- Debe abonar o custo dos honorarios profesionais polos servizos recibidos nos casos en que legalmente proceda, anteriormente indicados<\/p><p>7.- Debe po\u00f1er en co\u00f1ecemento do Colexio de Avogados o incorrecto funcionamento de calquera dos servizos ou actuaci\u00f3ns que integran a asistencia xur\u00eddica gratu\u00edta.<\/p>\t\t\t\t\t\t\t\t<\/div>\n\t\t\t\t<\/div>\n\t\t\t\t<div class=\"elementor-element elementor-element-3310e56 elementor-widget elementor-widget-heading\" data-id=\"3310e56\" data-element_type=\"widget\" data-e-type=\"widget\" data-widget_type=\"heading.default\">\n\t\t\t\t<div class=\"elementor-widget-container\">\n\t\t\t\t\t<h2 class=\"elementor-heading-title elementor-size-default\">Informaci\u00f3n Complementaria<\/h2>\t\t\t\t<\/div>\n\t\t\t\t<\/div>\n\t\t\t\t<div class=\"elementor-element elementor-element-a3c81f8 elementor-widget elementor-widget-text-editor\" data-id=\"a3c81f8\" data-element_type=\"widget\" data-e-type=\"widget\" data-widget_type=\"text-editor.default\">\n\t\t\t\t<div class=\"elementor-widget-container\">\n\t\t\t\t\t\t\t\t\t<div class=\"article-content\"><p class=\"rtejustify\">Para m\u00e1is informaci\u00f3n\u00a0<a href=\"http:\/\/www.xustiza.gal\/asistencia-xuridica-gratuita\/introducion\" target=\"_blank\" rel=\"noopener\">http:\/\/www.xustiza.gal\/asistencia-xuridica-gratuita\/introducion<\/a><\/p><\/div>\t\t\t\t\t\t\t\t<\/div>\n\t\t\t\t<\/div>\n\t\t\t\t<div class=\"elementor-element elementor-element-5218d9c elementor-widget elementor-widget-heading\" data-id=\"5218d9c\" data-element_type=\"widget\" data-e-type=\"widget\" data-widget_type=\"heading.default\">\n\t\t\t\t<div class=\"elementor-widget-container\">\n\t\t\t\t\t<h2 class=\"elementor-heading-title elementor-size-default\">Servizo Orientaci\u00f3n Xur\u00eddica<\/h2>\t\t\t\t<\/div>\n\t\t\t\t<\/div>\n\t\t\t\t<div class=\"elementor-element elementor-element-c2b0e1e elementor-widget elementor-widget-text-editor\" data-id=\"c2b0e1e\" data-element_type=\"widget\" data-e-type=\"widget\" data-widget_type=\"text-editor.default\">\n\t\t\t\t<div class=\"elementor-widget-container\">\n\t\t\t\t\t\t\t\t\t<div class=\"article-content\"><p>Armando Dur\u00e1n, s\/n (edificio juzgados) Tlfno. 982 221 997<\/p><p>De luns a venres, de 08:30h a 14.30 h.<\/p><p>Poden remitirse as solicitudes de asistencia xur\u00eddica gratu\u00edta por correo postal (C\/ Pascual Veiga, n\u00ba 2, Lugo) ou mediante correo electr\u00f3nico (<a href=\"mailto:icalugo@avogacia.org\">icalugo@avogacia.org<\/a>)<\/p><p class=\"rtejustify\">O Servizos de Orientaci\u00f3n Xur\u00eddica (SOJ) deste Colexio da Avogac\u00eda enc\u00e1rgase de atender os cidad\u00e1ns que precisen orientaci\u00f3n sobre o dereito \u00e1 asistencia xur\u00eddica gratu\u00edta, as\u00ed como de informar sobre o cumprimento dos requisitos necesarios para o reco\u00f1ecemento do devandito dereito, a competencia para tramitar o proceso xudicial e o auxilio na redacci\u00f3n e\/ou enchemento dos impresos normalizados de solicitude.<\/p><p class=\"rtejustify\">O persoal do SOJ \u00e9 igualmente o encargado de indicar aos solicitantes a documentaci\u00f3n necesaria que precisa achegar xunto co impreso de solicitude e os que \u00e1 vista da solicitude e documentaci\u00f3n resolven provisionalmente a concesi\u00f3n ou non da asistencia xur\u00eddica gratu\u00edta.<\/p><\/div>\t\t\t\t\t\t\t\t<\/div>\n\t\t\t\t<\/div>\n\t\t\t\t\t<\/div>\n\t\t<\/div>\n\t\t\t\t\t<\/div>\n\t\t<\/section>\n\t\t\t\t<\/div>","protected":false},"excerpt":{"rendered":"<p>Asistencia Jur\u00eddica Gratuita Solicitud de Asistencia Jur\u00eddica Gratuita\u00a0(Anexo I) Solicitude de Asistencia Xur\u00eddica Gratuita Galego\u00a0(Anexo I) Informaci\u00f3n ACCESO A LA JUSTICIA Y JUSTICIA GRATUITA El acceso a la Justicia es un derecho b\u00e1sico reconocido tanto en la Declaraci\u00f3n Universal de los Derechos Humanos, como en el Convenio Europeo de Derechos Humanos. Es un derecho constitucional [&hellip;]<\/p>\n","protected":false},"author":5,"featured_media":0,"parent":0,"menu_order":0,"comment_status":"closed","ping_status":"closed","template":"elementor_header_footer","meta":{"footnotes":""},"class_list":["post-2157","page","type-page","status-publish","hentry"],"_links":{"self":[{"href":"https:\/\/icalugo.org\/gl\/wp-json\/wp\/v2\/pages\/2157","targetHints":{"allow":["GET"]}}],"collection":[{"href":"https:\/\/icalugo.org\/gl\/wp-json\/wp\/v2\/pages"}],"about":[{"href":"https:\/\/icalugo.org\/gl\/wp-json\/wp\/v2\/types\/page"}],"author":[{"embeddable":true,"href":"https:\/\/icalugo.org\/gl\/wp-json\/wp\/v2\/users\/5"}],"replies":[{"embeddable":true,"href":"https:\/\/icalugo.org\/gl\/wp-json\/wp\/v2\/comments?post=2157"}],"version-history":[{"count":157,"href":"https:\/\/icalugo.org\/gl\/wp-json\/wp\/v2\/pages\/2157\/revisions"}],"predecessor-version":[{"id":5208,"href":"https:\/\/icalugo.org\/gl\/wp-json\/wp\/v2\/pages\/2157\/revisions\/5208"}],"wp:attachment":[{"href":"https:\/\/icalugo.org\/gl\/wp-json\/wp\/v2\/media?parent=2157"}],"curies":[{"name":"wp","href":"https:\/\/api.w.org\/{rel}","templated":true}]}}