{"id":2224,"date":"2024-09-12T17:08:53","date_gmt":"2024-09-12T17:08:53","guid":{"rendered":"https:\/\/icalugo.org\/?page_id=2224"},"modified":"2025-12-02T10:57:21","modified_gmt":"2025-12-02T10:57:21","slug":"punto-de-informacion-catastral","status":"publish","type":"page","link":"https:\/\/icalugo.org\/gl\/punto-de-informacion-catastral\/","title":{"rendered":"Punto de informaci\u00f3n catastral"},"content":{"rendered":"<div data-elementor-type=\"wp-page\" data-elementor-id=\"2224\" class=\"elementor elementor-2224\" data-elementor-post-type=\"page\">\n\t\t\t\t\t\t<section class=\"elementor-section elementor-top-section elementor-element elementor-element-abd83bc elementor-section-content-middle elementor-section-boxed elementor-section-height-default elementor-section-height-default\" data-id=\"abd83bc\" data-element_type=\"section\" data-e-type=\"section\" data-settings=\"{&quot;background_background&quot;:&quot;classic&quot;}\">\n\t\t\t\t\t\t\t<div class=\"elementor-background-overlay\"><\/div>\n\t\t\t\t\t\t\t<div class=\"elementor-container elementor-column-gap-wide\">\n\t\t\t\t\t<div class=\"elementor-column elementor-col-100 elementor-top-column elementor-element elementor-element-81d423f\" data-id=\"81d423f\" data-element_type=\"column\" data-e-type=\"column\">\n\t\t\t<div class=\"elementor-widget-wrap elementor-element-populated\">\n\t\t\t\t\t\t<div class=\"elementor-element elementor-element-1b3b826 animated-slow elementor-invisible elementor-widget elementor-widget-heading\" data-id=\"1b3b826\" data-element_type=\"widget\" data-e-type=\"widget\" data-settings=\"{&quot;_animation_delay&quot;:100,&quot;_animation&quot;:&quot;fadeInUp&quot;}\" data-widget_type=\"heading.default\">\n\t\t\t\t<div class=\"elementor-widget-container\">\n\t\t\t\t\t<h2 class=\"elementor-heading-title elementor-size-default\">Punto de informaci\u00f3n catastral<\/h2>\t\t\t\t<\/div>\n\t\t\t\t<\/div>\n\t\t\t\t<div class=\"elementor-element elementor-element-30614d5 elementor-widget-divider--view-line elementor-invisible elementor-widget elementor-widget-divider\" data-id=\"30614d5\" data-element_type=\"widget\" data-e-type=\"widget\" data-settings=\"{&quot;_animation&quot;:&quot;fadeIn&quot;,&quot;_animation_delay&quot;:200}\" data-widget_type=\"divider.default\">\n\t\t\t\t<div class=\"elementor-widget-container\">\n\t\t\t\t\t\t\t<div class=\"elementor-divider\">\n\t\t\t<span class=\"elementor-divider-separator\">\n\t\t\t\t\t\t<\/span>\n\t\t<\/div>\n\t\t\t\t\t\t<\/div>\n\t\t\t\t<\/div>\n\t\t\t\t<div class=\"elementor-element elementor-element-a49eb50 elementor-widget elementor-widget-text-editor\" data-id=\"a49eb50\" data-element_type=\"widget\" data-e-type=\"widget\" data-widget_type=\"text-editor.default\">\n\t\t\t\t<div class=\"elementor-widget-container\">\n\t\t\t\t\t\t\t\t\t<div class=\"article-content\"><p>Conforme\u00a0 o Convenio de colaboraci\u00f3n asinado, o 2 de\u00a0xaneiro de\u00a02009, entre a Direcci\u00f3n Xeral\u00a0do Catastro da Secretar\u00eda de Estado de Facenda e Orzamentos e este Ilustre Colexio Provincial de Avogados de Lugo, en materia de xesti\u00f3n catastral, ofr\u00e9cese este servizo tanto para os nosos colexiados como para os cidad\u00e1ns.<\/p><p>Este servizo permite facilitar aos interesados:\u00a0<\/p><ul><li>Informaci\u00f3n de car\u00e1cter xeral e particular dos inmobles.<\/li><li>Asesoramento sobre as\u00a0obrigaci\u00f3ns co Catastro.<\/li><li>Notificaci\u00f3n por comparecencia nos procedementos catastrais.<\/li><li>Consulta libre e certificaci\u00f3n dos datos catastrais non protexidos e da cartograf\u00eda dixital.<\/li><li>Consulta e certificaci\u00f3n electr\u00f3nica para os titulares catastrais de datos catastrais protexidos, relativo aos inmobles da s\u00faa titularidade.<\/li><li>Obter certificaci\u00f3ns negativas de bens inmobles ou da circunstancia de non figurar como titular catastral, relativa ao propio solicitante.<\/li><\/ul><\/div>\t\t\t\t\t\t\t\t<\/div>\n\t\t\t\t<\/div>\n\t\t\t\t<div class=\"elementor-element elementor-element-d347ecc elementor-widget elementor-widget-heading\" data-id=\"d347ecc\" data-element_type=\"widget\" data-e-type=\"widget\" data-widget_type=\"heading.default\">\n\t\t\t\t<div class=\"elementor-widget-container\">\n\t\t\t\t\t<h2 class=\"elementor-heading-title elementor-size-default\">LUGAR DE PRESTACI\u00d3N Do Servizo:<\/h2>\t\t\t\t<\/div>\n\t\t\t\t<\/div>\n\t\t\t\t<div class=\"elementor-element elementor-element-917633c elementor-widget elementor-widget-text-editor\" data-id=\"917633c\" data-element_type=\"widget\" data-e-type=\"widget\" data-widget_type=\"text-editor.default\">\n\t\t\t\t<div class=\"elementor-widget-container\">\n\t\t\t\t\t\t\t\t\t<div class=\"article-content\"><p>A sede colexial deste Ilustre Colexio Provincial de Avogados de Lugo, sita en R\/ Pascual Veiga n\u00ba 2. Tel\u00e9fono 982.24.10.07. Para maior informaci\u00f3n, dirixirse \u00e1s dependencias colexiais ou enviar un correo electr\u00f3nico a\u00a0<a href=\"mailto:icalugo@avogacia.org\">icalugo@avogacia.org<\/a><\/p><p>\u00a0<\/p><\/div>\t\t\t\t\t\t\t\t<\/div>\n\t\t\t\t<\/div>\n\t\t\t\t<div class=\"elementor-element elementor-element-80eacc1 elementor-widget elementor-widget-heading\" data-id=\"80eacc1\" data-element_type=\"widget\" data-e-type=\"widget\" data-widget_type=\"heading.default\">\n\t\t\t\t<div class=\"elementor-widget-container\">\n\t\t\t\t\t<h2 class=\"elementor-heading-title elementor-size-default\">Quen Pode ACCEDER A ESTE SERVIZO:<\/h2>\t\t\t\t<\/div>\n\t\t\t\t<\/div>\n\t\t\t\t<div class=\"elementor-element elementor-element-0ed8c6f elementor-widget elementor-widget-text-editor\" data-id=\"0ed8c6f\" data-element_type=\"widget\" data-e-type=\"widget\" data-widget_type=\"text-editor.default\">\n\t\t\t\t<div class=\"elementor-widget-container\">\n\t\t\t\t\t\t\t\t\t<div class=\"article-content\">\n<ul>\n<li>A persoa que figure como titular catastral do ben inmoble ou leira, tendo que achegar unha copia do D.N.I, se se solicita no seu\u00a0propio nome.<\/li>\n<li>No suposto de solicitar a informaci\u00f3n a trav\u00e9s dun representante, Letrado ou autorizado do titular catastral deberase de\u00a0achegar a seguinte documentaci\u00f3n acreditativa:<\/li>\n<\/ul>\n<ul class=\"rteindent1\">\n<li>Orixinal do documento acreditativo d\u00e1 representaci\u00f3n ou de a\u00a0autorizaci\u00f3n, ou ben a\u00a0copia dos mesmos, previa exhibici\u00f3n dos documentos orixinais.&nbsp;<a href=\"https:\/\/icalugo.org\/wp-content\/uploads\/2025\/10\/Modelo_autorizacion_PIC-1.pdf\" target=\"_blank\" rel=\"noopener\">Descargar modelo autorizaci\u00f3n<\/a><\/li>\n<li>Copia do DNI do autorizante que se acompa\u00f1ar\u00e1 ao escrito de autorizaci\u00f3n.<\/li>\n<\/ul>\n<p><br><\/p><p>M\u00e1is informaci\u00f3n&nbsp;&nbsp;<em><a href=\"https:\/\/www.catastro.hacienda.gob.es\" target=\"_blank\" rel=\"noopener\">www.catastro.hacienda.gob.es\/<\/a><\/em><\/p>\n<\/div>\t\t\t\t\t\t\t\t<\/div>\n\t\t\t\t<\/div>\n\t\t\t\t\t<\/div>\n\t\t<\/div>\n\t\t\t\t\t<\/div>\n\t\t<\/section>\n\t\t\t\t<\/div>","protected":false},"excerpt":{"rendered":"<p>Punto de informaci\u00f3n catastral Conforme\u00a0 al Convenio de colaboraci\u00f3n firmado, el 2 de\u00a0enero de\u00a02009, entre la Direcci\u00f3n General\u00a0del Catastro de la Secretar\u00eda de Estado de Hacienda y Presupuestos y este Ilustre Colegio Provincial de Abogados de Lugo, en materia de gesti\u00f3n catastral, se ofrece este servicio tanto para nuestros colegiados como para los ciudadanos. Dicho [&hellip;]<\/p>\n","protected":false},"author":5,"featured_media":0,"parent":0,"menu_order":0,"comment_status":"closed","ping_status":"closed","template":"elementor_header_footer","meta":{"footnotes":""},"class_list":["post-2224","page","type-page","status-publish","hentry"],"_links":{"self":[{"href":"https:\/\/icalugo.org\/gl\/wp-json\/wp\/v2\/pages\/2224","targetHints":{"allow":["GET"]}}],"collection":[{"href":"https:\/\/icalugo.org\/gl\/wp-json\/wp\/v2\/pages"}],"about":[{"href":"https:\/\/icalugo.org\/gl\/wp-json\/wp\/v2\/types\/page"}],"author":[{"embeddable":true,"href":"https:\/\/icalugo.org\/gl\/wp-json\/wp\/v2\/users\/5"}],"replies":[{"embeddable":true,"href":"https:\/\/icalugo.org\/gl\/wp-json\/wp\/v2\/comments?post=2224"}],"version-history":[{"count":52,"href":"https:\/\/icalugo.org\/gl\/wp-json\/wp\/v2\/pages\/2224\/revisions"}],"predecessor-version":[{"id":5054,"href":"https:\/\/icalugo.org\/gl\/wp-json\/wp\/v2\/pages\/2224\/revisions\/5054"}],"wp:attachment":[{"href":"https:\/\/icalugo.org\/gl\/wp-json\/wp\/v2\/media?parent=2224"}],"curies":[{"name":"wp","href":"https:\/\/api.w.org\/{rel}","templated":true}]}}