{"id":2380,"date":"2024-09-13T12:35:36","date_gmt":"2024-09-13T12:35:36","guid":{"rendered":"https:\/\/icalugo.org\/?page_id=2380"},"modified":"2025-12-02T10:42:54","modified_gmt":"2025-12-02T10:42:54","slug":"lexnet","status":"publish","type":"page","link":"https:\/\/icalugo.org\/gl\/lexnet\/","title":{"rendered":"LexNet"},"content":{"rendered":"<div data-elementor-type=\"wp-page\" data-elementor-id=\"2380\" class=\"elementor elementor-2380\" data-elementor-post-type=\"page\">\n\t\t\t\t\t\t<section class=\"elementor-section elementor-top-section elementor-element elementor-element-a37b7bf elementor-section-content-middle elementor-section-boxed elementor-section-height-default elementor-section-height-default\" data-id=\"a37b7bf\" data-element_type=\"section\" data-e-type=\"section\" data-settings=\"{&quot;background_background&quot;:&quot;classic&quot;}\">\n\t\t\t\t\t\t\t<div class=\"elementor-background-overlay\"><\/div>\n\t\t\t\t\t\t\t<div class=\"elementor-container elementor-column-gap-wide\">\n\t\t\t\t\t<div class=\"elementor-column elementor-col-100 elementor-top-column elementor-element elementor-element-a389787\" data-id=\"a389787\" data-element_type=\"column\" data-e-type=\"column\">\n\t\t\t<div class=\"elementor-widget-wrap elementor-element-populated\">\n\t\t\t\t\t\t<div class=\"elementor-element elementor-element-151a062 animated-slow elementor-invisible elementor-widget elementor-widget-heading\" data-id=\"151a062\" data-element_type=\"widget\" data-e-type=\"widget\" data-settings=\"{&quot;_animation_delay&quot;:100,&quot;_animation&quot;:&quot;fadeInUp&quot;}\" data-widget_type=\"heading.default\">\n\t\t\t\t<div class=\"elementor-widget-container\">\n\t\t\t\t\t<h2 class=\"elementor-heading-title elementor-size-default\">LExNet<\/h2>\t\t\t\t<\/div>\n\t\t\t\t<\/div>\n\t\t\t\t<div class=\"elementor-element elementor-element-95e3504 elementor-widget-divider--view-line elementor-invisible elementor-widget elementor-widget-divider\" data-id=\"95e3504\" data-element_type=\"widget\" data-e-type=\"widget\" data-settings=\"{&quot;_animation&quot;:&quot;fadeIn&quot;,&quot;_animation_delay&quot;:200}\" data-widget_type=\"divider.default\">\n\t\t\t\t<div class=\"elementor-widget-container\">\n\t\t\t\t\t\t\t<div class=\"elementor-divider\">\n\t\t\t<span class=\"elementor-divider-separator\">\n\t\t\t\t\t\t<\/span>\n\t\t<\/div>\n\t\t\t\t\t\t<\/div>\n\t\t\t\t<\/div>\n\t\t<div class=\"elementor-element elementor-element-fa4548b e-grid e-con-boxed e-con e-parent\" data-id=\"fa4548b\" data-element_type=\"container\" data-e-type=\"container\">\n\t\t\t\t\t<div class=\"e-con-inner\">\n\t\t\t\t<div class=\"elementor-element elementor-element-401c2a5 elementor-position-top elementor-widget elementor-widget-image-box\" data-id=\"401c2a5\" data-element_type=\"widget\" data-e-type=\"widget\" data-widget_type=\"image-box.default\">\n\t\t\t\t<div class=\"elementor-widget-container\">\n\t\t\t\t\t<div class=\"elementor-image-box-wrapper\"><figure class=\"elementor-image-box-img\"><a href=\"https:\/\/www.administraciondejusticia.gob.es\/lexnet\/contacto\" target=\"_blank\" tabindex=\"-1\"><img decoding=\"async\" width=\"290\" height=\"136\" src=\"https:\/\/icalugo.org\/wp-content\/uploads\/2024\/09\/logo-aca-azul-copia.png\" class=\"attachment-medium size-medium wp-image-2390\" alt=\"\" \/><\/a><\/figure><div class=\"elementor-image-box-content\"><h3 class=\"elementor-image-box-title\"><a href=\"https:\/\/www.administraciondejusticia.gob.es\/lexnet\/contacto\" target=\"_blank\">Incidencias cos certificados ACA<\/a><\/h3><\/div><\/div>\t\t\t\t<\/div>\n\t\t\t\t<\/div>\n\t\t\t\t<div class=\"elementor-element elementor-element-ee03893 elementor-position-top elementor-widget elementor-widget-image-box\" data-id=\"ee03893\" data-element_type=\"widget\" data-e-type=\"widget\" data-widget_type=\"image-box.default\">\n\t\t\t\t<div class=\"elementor-widget-container\">\n\t\t\t\t\t<div class=\"elementor-image-box-wrapper\"><figure class=\"elementor-image-box-img\"><a href=\"https:\/\/www.administraciondejusticia.gob.es\/lexnet\/preguntas-frecuentes\" target=\"_blank\" tabindex=\"-1\"><img fetchpriority=\"high\" decoding=\"async\" width=\"450\" height=\"162\" src=\"https:\/\/icalugo.org\/wp-content\/uploads\/2024\/09\/lexnet_logo.png\" class=\"attachment-full size-full wp-image-1918\" alt=\"\" srcset=\"https:\/\/icalugo.org\/wp-content\/uploads\/2024\/09\/lexnet_logo.png 450w, https:\/\/icalugo.org\/wp-content\/uploads\/2024\/09\/lexnet_logo-300x108.png 300w\" sizes=\"(max-width: 450px) 100vw, 450px\" \/><\/a><\/figure><div class=\"elementor-image-box-content\"><h3 class=\"elementor-image-box-title\"><a href=\"https:\/\/www.administraciondejusticia.gob.es\/lexnet\/preguntas-frecuentes\" target=\"_blank\">Consellos, recomendaci\u00f3ns, preguntas frecuentes e manuais de uso de LexNet Xustiza<\/a><\/h3><\/div><\/div>\t\t\t\t<\/div>\n\t\t\t\t<\/div>\n\t\t\t\t\t<\/div>\n\t\t\t\t<\/div>\n\t\t\t\t<div class=\"elementor-element elementor-element-3ed628a elementor-widget elementor-widget-text-editor\" data-id=\"3ed628a\" data-element_type=\"widget\" data-e-type=\"widget\" data-widget_type=\"text-editor.default\">\n\t\t\t\t<div class=\"elementor-widget-container\">\n\t\t\t\t\t\t\t\t\t<div class=\"article-content\"><p class=\"blog-title rtejustify\"><a href=\"https:\/\/icalugo.org\/wp-content\/uploads\/2025\/10\/01_Nuevas_funcionalidades20240517-LexNET.pdf\" target=\"_blank\" rel=\"noopener\">NOVAS FUNCIONALIDADES EN LexNET (15\/07\/2024)<\/a><\/p><p class=\"blog-title rtejustify\"><strong>Presentaci\u00f3n de demandas de proceso monitorio a trav\u00e9s de LexNet (10\/04\/2024)<\/strong><\/p><p class=\"rtejustify\">Hoxe d\u00eda 10 de abril activarase en Lexnet unha funcionalidade nova para a presentaci\u00f3n de demandas de proceso monitorio a trav\u00e9s da devandita plataforma.<\/p><p class=\"rtejustify\">A activaci\u00f3n da devandita funcionalidade (que xa estaba a se realizar en fase piloto en Palencia, Murcia e Baleares, e que agora se estende a todo o territorio Lexnet), corresp\u00f3ndese co proceso de automatizaci\u00f3n e intelixencia artificial posta en marcha pola Direcci\u00f3n Xeral de Transformaci\u00f3n Dixital da Administraci\u00f3n de Xustiza para mellorar a eficiencia en certos procedementos.<\/p><p class=\"rtejustify\">Dado que esta nova funcionalidade comporta maior axilidade no rexistro e repartici\u00f3n do asunto e maior celeridade na propia tramitaci\u00f3n do proceso; para estes efectos acompa\u00f1\u00e1mosvos\u00a0<a href=\"https:\/\/icalugo.org\/wp-content\/uploads\/2025\/10\/02_Breves-instrucciones-formulario-monitorios-indicaciones.pdf\" target=\"_blank\" rel=\"noopener\">unhas breves instrucci\u00f3ns<\/a>\u00a0e\u00a0<a href=\"https:\/\/icalugo.org\/wp-content\/uploads\/2025\/10\/03_Guia-de-uso-Procedimiento-monitorio-en-LexNET.pdf\" target=\"_blank\" rel=\"noopener\">unha gu\u00eda de uso<\/a>.<\/p><p class=\"blog-title\"><strong>M\u00e1is informaci\u00f3n<\/strong><\/p><p class=\"blog-title\">APLICACI\u00d3N ACCEDA \u2013 XUSTIZA (FUNCIONALIDADE PARA REMISI\u00d3N DE EXCESOS DE CABIDA LEXNET) (02\/07\/2024)<\/p><ul><li class=\"blog-title\"><a href=\"https:\/\/icalugo.org\/wp-content\/uploads\/2025\/10\/04_Comunicacion-ICA-Lugo-Acceda-Exceso-de-cabida-firmado.pdf\" target=\"_blank\" rel=\"noopener\">Comunicaci\u00f3n\u00a0<\/a>(02\/07\/2024)<\/li><li class=\"blog-title\"><a href=\"https:\/\/icalugo.org\/wp-content\/uploads\/2025\/10\/05_guia_rapida_acceda_exceso_cabida_lexnet_profesional.pdf\" target=\"_blank\" rel=\"noopener\">Gu\u00eda r\u00e1pida\u00a0<\/a>(02\/07\/2024)<\/li><li class=\"blog-title\"><a href=\"https:\/\/icalugo.org\/wp-content\/uploads\/2025\/10\/06_ficha_acceda_profesionais_v.1.0_GA.pdf\" target=\"_blank\" rel=\"noopener\">Ficha acceda profesionais (GL)<u>\u00a0<\/u><\/a>(02\/07\/2024)<\/li><li class=\"blog-title\"><a href=\"https:\/\/icalugo.org\/wp-content\/uploads\/2025\/10\/07_ficha_acceda_profesionales_v.1.0_ES.pdf\" target=\"_blank\" rel=\"noopener\">Ficha acceda profesionais (ES)<\/a><u>\u00a0<\/u>(02\/07\/2024)\u00a0<\/li><\/ul><p class=\"blog-title\"><a href=\"https:\/\/icalugo.org\/wp-content\/uploads\/2025\/10\/08_Aplicacion_movil20230926-Comunicacion.pdf\" target=\"_blank\" rel=\"noopener\">APLICACI\u00d3N M\u00d3BIL DE LEXNET \u00abAPPLEXNET\u00bb (26\/09\/2023)<\/a><\/p><p class=\"blog-title\"><a href=\"https:\/\/icalugo.org\/wp-content\/uploads\/2025\/10\/09_Interrupcion-servicio20230911-COMUNICACION.pdf\" target=\"_blank\" rel=\"noopener\">Interrupci\u00f3n do servizo debido ao despregamento dunha nova versi\u00f3n (11\/09\/2023)<\/a><\/p><p class=\"blog-title\"><a href=\"https:\/\/icalugo.org\/wp-content\/uploads\/2025\/10\/10_20230724-COMUNICACION.pdf\" target=\"_blank\" rel=\"noopener\">Ampliaci\u00f3n de capacidade de escritos iniciadores ata os 100 megabytes en LexNet (20\/07\/2023)<\/a><\/p><p class=\"blog-title\">ENTRADA EN VIGOR DA <a href=\"https:\/\/icalugo.org\/wp-content\/uploads\/2025\/10\/11_INSTRUCCION_0.pdf\" target=\"_blank\" rel=\"noopener\">INSTRUCCI\u00d3N 1\/2022<\/a>, DA SECRETAR\u00cdA DE GOBIERNO DO TSJG DE CONFORMIDADE COA<a href=\"https:\/\/icalugo.org\/wp-content\/uploads\/2025\/10\/12_INSTRUCCION-3.pdf\" target=\"_blank\" rel=\"noopener\"> INSTRUCCI\u00d3N 3\/2022<u> <\/u>(04\/10\/2022)<\/a><\/p><p><a href=\"https:\/\/icalugo.org\/wp-content\/uploads\/2025\/10\/13_20221003-nota.pdf\" target=\"_blank\" rel=\"noopener\">Expediente xudicial electr\u00f3nico na Audiencia Nacional (03\/10\/2022)<\/a><\/p><p><a href=\"https:\/\/lexnetjusticia.gob.es\/justificantes-lexnet\" target=\"_blank\" rel=\"noopener\">Acceso a XUSTIFICANTES por interrupci\u00f3n do servizo desde a p\u00e1xina web de LexNET (11\/11\/2020)<\/a><\/p><p><a href=\"https:\/\/icalugo.org\/wp-content\/uploads\/2025\/10\/15_20200721-LEXNET.pdf\" target=\"_blank\" rel=\"noopener\">CONTINUACI\u00d3N O 4 DE AGOSTO DO PRAZO DE CADUCIDADE DE 60 D\u00cdAS DAS MENSAXES (21\/07\/2020)<\/a><\/p><p><a href=\"https:\/\/icalugo.org\/wp-content\/uploads\/2025\/10\/16_20200127-Comunicacion-2.Firmada.pdf\" target=\"_blank\" rel=\"noopener\">EXPERIENCIA PILOTO DE DESCARGA DE GRAVACI\u00d3NS DE VISTAS DESDE A SEDE XUDICIAL ELECTR\u00d3NICA DE GALICIA E PRESENTACI\u00d3N ELECTR\u00d3NICA DE DEMANDAS DE XU\u00cdZOS VERBAIS (27\/01\/2020)<\/a>\u00a0+\u00a0<a href=\"https:\/\/icalugo.org\/wp-content\/uploads\/2025\/10\/17_20200127-AXUDE_SEDE_Guia_descargaVide.pdf\" target=\"_blank\" rel=\"noopener\">Gu\u00eda Informativa<\/a><\/p><p><a href=\"https:\/\/www.abogacia.es\/site\/acaplus\/acaplus-que-es-aca-y-que-ventajas-te-ofrece\/\" target=\"_blank\" rel=\"noopener\">Renovaci\u00f3n online certificado dixital ACA (20\/11\/2019)<\/a><\/p><p><a href=\"https:\/\/icalugo.org\/wp-content\/uploads\/2025\/10\/18_20191016-Exp.-Gub.-82-2019.-ICA-Lugo.pdf\" target=\"_blank\" rel=\"noopener\">Comunicaci\u00f3ns telem\u00e1ticas coa polic\u00eda local de Ribadeo (16\/10\/2019)<\/a><\/p><p><a href=\"https:\/\/icalugo.org\/wp-content\/uploads\/2025\/10\/19_20160121_anexos_ii_y_iii.docx\" target=\"_blank\" rel=\"noopener\">Modelo para a presentaci\u00f3n de documentos en papel por imposibilidade de remisi\u00f3n telem\u00e1tica (Anexo II) e Modelo para a presentaci\u00f3n en papel das copias de escritos e documentos para o seu traslado \u00e1s demais partes (Anexo III)<\/a><\/p><p><a href=\"https:\/\/icalugo.org\/wp-content\/uploads\/2025\/10\/20_2019_06_07_10_10_02_Comunicaciones.pdf\" target=\"_blank\" rel=\"noopener\">Comunicaci\u00f3ns por LexNET coa Polic\u00eda Nacional (07\/06\/2019)<\/a><\/p><p><a href=\"https:\/\/icalugo.org\/wp-content\/uploads\/2025\/10\/21_20190222_Comunicacion-ICA-LUGO.Firmada.pdf\" target=\"_blank\" rel=\"noopener\">Inicio de la segunda fase de incorporaci\u00f3n del colectivo de la Guardia Civil a la utilizaci\u00f3n de LexNET en las comunicaciones con los \u00f3rganos judiciales de<u> <\/u>Lugo (22\/02\/2019)<\/a><\/p><p><a href=\"https:\/\/icalugo.org\/wp-content\/uploads\/2025\/10\/22_20181108_A-Juzgado-de-Guardia.-ICA-LUGO.Firmado.pdf\" target=\"_blank\" rel=\"noopener\">Indicador \u00abA Xulgado de Guardia\u00bb nos env\u00edos de denuncias por LexNet (08\/11\/2018)<\/a><\/p><p><a href=\"https:\/\/icalugo.org\/wp-content\/uploads\/2025\/10\/23_NOVEDADES-LEXNET.pdf\" target=\"_blank\" rel=\"noopener\">Novedades LexNet 4.15 (16\/10\/2018)<\/a><\/p><p><a href=\"https:\/\/icalugo.org\/wp-content\/uploads\/2025\/10\/24_20180912_COMUNICACION-COLEGIO-DE-ABOGADOS.-Firmado-elect.pdf\" target=\"_blank\" rel=\"noopener\">Comunicaci\u00f3n relativa \u00e1 utilizaci\u00f3n das Novas Tecnolox\u00edas na provincia de Lugo (12\/09\/2018)<\/a><\/p><p><a href=\"https:\/\/icalugo.org\/wp-content\/uploads\/2025\/10\/25_20180529_lexnet.pdf\" target=\"_blank\" rel=\"noopener\">Comunicado sobre interrupci\u00f3n planificada do servizo Lexnet (29\/05\/2018)<\/a><\/p><p><a href=\"https:\/\/icalugo.org\/wp-content\/uploads\/2025\/10\/26_20180503_NULIDAD-NOTFICACIONES-LEXNET.pdf\" target=\"_blank\" rel=\"noopener\">Criterios da Sala 4\u00aa do Social T.Supremo para notificar v\u00eda LexNET aos avogados que fixen domicilio a efectos de notificaci\u00f3ns (03\/05\/2018)<\/a><\/p><p><a href=\"https:\/\/icalugo.org\/wp-content\/uploads\/2025\/10\/27_20180411_AAPP-00066-2017_Resolucion-de-fecha-15-03-2018_Art-ii-culo-9-LOPD_0.pdf\" target=\"_blank\" rel=\"noopener\">Resoluci\u00f3n AGPD sobre quebra de seguridade de LexNet (11\/04\/2018)<\/a><\/p><p><a href=\"https:\/\/icalugo.org\/wp-content\/uploads\/2025\/10\/28_20180302_presentacion_monitorios.pdf\" target=\"_blank\" rel=\"noopener\">Presentaci\u00f3n monitorios a trav\u00e9s da Sede Xudicial Electr\u00f3nica (02\/03\/2018)<\/a><\/p><p><a href=\"https:\/\/icalugo.org\/wp-content\/uploads\/2025\/10\/29_20170921_1505980076490_2017-evolucion_de_java_y_los_servicios_tecnologicos_21_sept_2017.pdf\" target=\"_blank\" rel=\"noopener\">Evoluci\u00f3n de Xava e o seu impacto no uso dos servizos tecnol\u00f3xicos (21\/09\/2017)<\/a><\/p><p><a href=\"https:\/\/icalugo.org\/wp-content\/uploads\/2025\/10\/30_20170808_20170808105653558.pdf\" target=\"_blank\" rel=\"noopener\">Resolto o defecto no acceso a LexNet (08\/08\/2017)<\/a><\/p><p><a href=\"https:\/\/icalugo.org\/wp-content\/uploads\/2025\/10\/31_20170724_cancelacion_lexnet.pdf\" target=\"_blank\" rel=\"noopener\">Cancelaci\u00f3n de escritos iniciadores por datos err\u00f3neos nos identificadores de intervenientes (24\/07\/2017)<\/a><\/p><\/div>\t\t\t\t\t\t\t\t<\/div>\n\t\t\t\t<\/div>\n\t\t\t\t<div class=\"elementor-element elementor-element-9d00e8b elementor-hidden-desktop elementor-hidden-tablet elementor-hidden-mobile elementor-widget elementor-widget-text-editor\" data-id=\"9d00e8b\" data-element_type=\"widget\" data-e-type=\"widget\" data-widget_type=\"text-editor.default\">\n\t\t\t\t<div class=\"elementor-widget-container\">\n\t\t\t\t\t\t\t\t\t<div class=\"article-content\"><p>&lt;!&#8211;<\/p><p><a href=\"http:\/\/icalugo.org\/gl\/sites\/icalugo.org\/files\/20170609_lexnet.pdf\/\" target=\"_blank\" rel=\"noopener\">Aplicaci\u00f3n de escritorio de LexNet, de momento solo disponible para windows (20\/06\/2017)<\/a><\/p><p><a href=\"http:\/\/icalugo.org\/gl\/sites\/icalugo.org\/files\/20170609_circular_lexnet-_actuacion_en_el_tsjg.pdf\/\" target=\"_blank\" rel=\"noopener\">Comunicaci\u00f3n del servicio de registro del Tribunal Superior de Justicia de Galicia (09\/06\/2017)<\/a><\/p><p><a href=\"http:\/\/icalugo.org\/gl\/sites\/icalugo.org\/files\/20170424_tarjeta_aca.pdf\/\" target=\"_blank\" rel=\"noopener\">Acceso a LexNet con tarjeta ACA (24\/04\/2017)<\/a><\/p><p><a href=\"http:\/\/icalugo.org\/gl\/sites\/icalugo.org\/files\/20170315_ampliacion_lexnet_15_mb_v2.pdf\/\" target=\"_blank\" rel=\"noopener\">Comunicado ampliaci\u00f3n capacidad LexNet 15 MB (15\/03\/2017)<\/a><\/p><p><a href=\"http:\/\/www.abogacia.es\/site\/lexnet-justicia\/formacion-lexnet-justicia\/\" target=\"_blank\" rel=\"noopener\">Videotutoriales sobre LexNet Justicia (22\/02\/2017)<\/a><\/p><p><a href=\"http:\/\/icalugo.org\/gl\/sites\/icalugo.org\/files\/20170222_transicion_de_lexnet_abogacia_a_lexnet_justicia.pdf\/\" target=\"_blank\" rel=\"noopener\">Transici\u00f3n de LexNet Abogac\u00eda a LexNet Justicia (22\/02\/2017)<\/a><\/p><p><a href=\"http:\/\/icalugo.org\/gl\/sites\/icalugo.org\/files\/20161220_comunicado_anomalia_20_diciembre_2016.pdf\/\" target=\"_blank\" rel=\"noopener\">Comunicado de anomal\u00eda en la prestaci\u00f3n del servicio (20\/12\/2016)<\/a><\/p><p><a href=\"http:\/\/icalugo.org\/gl\/sites\/icalugo.org\/files\/20161125131240021.pdf\/\" target=\"_blank\" rel=\"noopener\">Correcci\u00f3n de la presentaci\u00f3n err\u00f3nea de escritos por v\u00eda telem\u00e1tica ante la Sala Cuarta (25\/11\/2016)<\/a><\/p><p><a href=\"http:\/\/icalugo.org\/gl\/sites\/icalugo.org\/files\/20161118_circular_tribunal_supremo.pdf\/\" target=\"_blank\" rel=\"noopener\">Circular y Anexo emitidos al objeto de \u201cfacilitar la correcci\u00f3n de la presentaci\u00f3n err\u00f3nea de escritos por v\u00eda telem\u00e1tica ante la Sala Cuarta y que servir\u00e1 de ayuda para el proceso de formaci\u00f3n y explicaci\u00f3n del Manual de Tramitaci\u00f3n sobre Justicia Digital en dicha Sala\u201d (18\/11\/2016)<\/a><\/p><p><a href=\"http:\/\/icalugo.org\/gl\/sites\/icalugo.org\/files\/20161114_lexnet.pdf\/\" target=\"_blank\" rel=\"noopener\">Recordatorio de la Tercera Nota, de 23 de marzo, a tener en cuenta por los profesionales que act\u00faan ante el Tribunal Superior de Justicia (14\/11\/2016)<\/a><\/p><p><a href=\"https:\/\/www.youtube.com\/watch?v=cyuBuIYZUW4&amp;list=PLuvaoF0bvLV9b-94dcPJrdwSbTqP8id1P\" target=\"_blank\" rel=\"noopener\">V\u00eddeos demostrativos LexNet (02\/11\/2016)<\/a><\/p><p><a href=\"http:\/\/icalugo.org\/gl\/sites\/icalugo.org\/files\/20161028_notificaciones_lexnet.pdf\/\" target=\"_blank\" rel=\"noopener\">Cu\u00e1ndo se tienen por hechas las notificaciones remitidas por LexNet (28\/10\/2016)<\/a><\/p><p><a href=\"http:\/\/icalugo.org\/gl\/sites\/icalugo.org\/files\/1469722161312_2016_modelo_autorizacion_emision_certificado_autorizado.pdf\/\" target=\"_blank\" rel=\"noopener\">Sustituciones y Autorizaciones (05\/09\/2016)<\/a><\/p><p><a href=\"http:\/\/icalugo.org\/gl\/sites\/icalugo.org\/files\/circular_117-utilizacion_lexnet_invidentes.pdf\/\" target=\"_blank\" rel=\"noopener\">Circular 117\/2016 &#8211; Utilizaci\u00f3n LexNet invidentes (15\/07\/2016)<\/a>\u00a0&#8211;\u00a0<a href=\"http:\/\/icalugo.org\/gl\/sites\/icalugo.org\/files\/anexo_circular_117.pdf\/\" target=\"_blank\" rel=\"noopener\">Anexo<\/a><\/p><p><a href=\"http:\/\/icalugo.org\/gl\/sites\/icalugo.org\/files\/docs\/acuerdo._mes_de_agosto_y_marcas.pdf\/\" target=\"_blank\" rel=\"noopener\">Acuerdo. Mes de agosto y marcas (12\/07\/2016)<\/a><\/p><p><a href=\"http:\/\/icalugo.org\/gl\/sites\/icalugo.org\/files\/20160715114522879.pdf\/\" target=\"_blank\" rel=\"noopener\">Acuerdo no jurisdiccional del Pleno de la Sala de lo Social del Tribunal Supremo de (06\/07\/2016)<\/a><\/p><p><a href=\"http:\/\/icalugo.org\/gl\/sites\/icalugo.org\/files\/20160524_circular_70-informacion_y_recordatorio_funcionamiento_lexnet.pdf\/\" target=\"_blank\" rel=\"noopener\">Recordatorio acerca de los apartados contemplados en el RD 1065\/2015, de 27 de noviembre, sobre funcionamiento de LexNet (24\/05\/2016)<\/a><\/p><p><a href=\"http:\/\/icalugo.org\/gl\/sites\/icalugo.org\/files\/20160520_circular_66_-_cambio_horario_call_center.pdf\/\" target=\"_blank\" rel=\"noopener\">Cambio de horario de call center (20\/05\/2016)<\/a><\/p><p><a href=\"http:\/\/icalugo.org\/gl\/sites\/icalugo.org\/files\/20160412_incidencia_juzgados_vigilancia_penitenciaria.pdf\/\" target=\"_blank\" rel=\"noopener\">Incidencia en Juzgados de Vigilancia Penitenciaria (12\/04\/2016)<\/a><\/p><p><a href=\"http:\/\/icalugo.org\/gl\/sites\/icalugo.org\/files\/20160404_oficio_juzgado_instr_3.pdf\/\" target=\"_blank\" rel=\"noopener\">Oficio del Juzgado de Instrucci\u00f3n n\u00famero 3 (04\/04\/2016)<\/a><\/p><p><a href=\"http:\/\/icalugo.org\/gl\/sites\/icalugo.org\/files\/20160412_circular_34_2016.pdf\/\" target=\"_blank\" rel=\"noopener\">Circular 34\/2016: Situaci\u00f3n a fecha de 1 de abril, de la implantaci\u00f3n de LexNet en las distintas Comunidades Aut\u00f3nomas (05\/04\/2016)<\/a><\/p><p><a href=\"http:\/\/icalugo.org\/gl\/sites\/icalugo.org\/files\/20160412_circular_33_2016.pdf\/\" target=\"_blank\" rel=\"noopener\">Circular 33\/2016: Diferencias entre LexNet Abogac\u00eda y LexNet Justicia (05\/04\/2016)<\/a><\/p><p><a href=\"http:\/\/icalugo.org\/gl\/sites\/icalugo.org\/files\/20160401_20160331195811461.pdf\/\" target=\"_blank\" rel=\"noopener\">Tercera nota a tener en cuenta por los profesionales que act\u00faan ante el Tribunal Superior de Justicia<\/a><\/p><p><a href=\"http:\/\/icalugo.org\/gl\/sites\/icalugo.org\/files\/20160322_lexnet_personacion.pdf\/\" target=\"_blank\" rel=\"noopener\">Informaci\u00f3n relativa a los escritos de personaci\u00f3n<\/a><\/p><p><a href=\"http:\/\/icalugo.org\/gl\/sites\/icalugo.org\/files\/20160303_insgtruccion_2_2016.pdf\/\" target=\"_blank\" rel=\"noopener\">Instrucci\u00f3n 2\/2016, de 3 de marzo de 2016, dictada por la Secretar\u00eda de Gobierno del Tribunal Superior de Justicia de Galicia<\/a><\/p><p><a href=\"https:\/\/icalugo.org\/gl\/sites\/icalugo.org\/files\/20160219_circular_16_16o_presentaciontelematicaescritos.pdf\/\" target=\"_blank\" rel=\"noopener\">Circular 16\/2016: Presentaci\u00f3n telem\u00e1tica de escritos de personaci\u00f3n ante ante el Tribunal Supremo<\/a><\/p><p><a href=\"http:\/\/icalugo.org\/gl\/sites\/icalugo.org\/files\/20151209_instruccion_12-2015.pdf\/\" target=\"_blank\" rel=\"noopener\">Instrucci\u00f3n 12\/2015, de 3 diciembre de 2015, ampliando la funcionalidad del sistema LexNet (PDF)<\/a><\/p><p><a href=\"https:\/\/icalugo.org\/gl\/sites\/icalugo.org\/files\/20151127_presentacion_de_escritos_en_papel.pdf\/\" target=\"_blank\" rel=\"noopener\">Circular 3\/2015: Presentaci\u00f3n de escritos en papel en los Juzgados Decanos en los Partidos Judiciales con dos juzgados<\/a><\/p><p><a href=\"https:\/\/icalugo.org\/gl\/sites\/icalugo.org\/files\/20151127_protocolo_presentacion_telematica_escritos_provincia_de_lugo.pdf\/\" target=\"_blank\" rel=\"noopener\">Protocolo para la presentaci\u00f3n telem\u00e1tica de escritos y documentos en la provincia de Lugo<\/a><\/p><p><a href=\"http:\/\/icalugo.org\/gl\/sites\/icalugo.org\/files\/20151201_rd.pdf\/\" target=\"_blank\" rel=\"noopener\">Real Decreto sobre comunicaciones electr\u00f3nicas en la Administraci\u00f3n de Justicia en el \u00e1mbito territorial del Ministerio de Justicia y por el que se regula el sistema LexNet (PDF)<\/a><\/p><p><a href=\"http:\/\/icalugo.org\/gl\/sites\/icalugo.org\/files\/manual-de-usuario-lexnet-abogacia-v1.2.pdf\/\" target=\"_blank\" rel=\"noopener\">Manual del Usuario (PDF)<\/a><\/p><p><a href=\"http:\/\/icalugo.org\/gl\/sites\/icalugo.org\/files\/20160121_20160120135734298.pdf\/\" target=\"_blank\" rel=\"noopener\">Circular informativa sobre aspectos de la entrada en vigor de las leyes 42\/2015 del 25 de octubre, Ley Org\u00e1nica 7\/2015. Real Decreto 1065\/2015<\/a><\/p><p><a href=\"http:\/\/icalugo.org\/gl\/sites\/icalugo.org\/files\/20160121_20160120135657377.pdf\/\" target=\"_blank\" rel=\"noopener\">Carta Colegio\u00a0<\/a><\/p><p>&#8211;&gt;<\/p><\/div>\t\t\t\t\t\t\t\t<\/div>\n\t\t\t\t<\/div>\n\t\t\t\t\t<\/div>\n\t\t<\/div>\n\t\t\t\t\t<\/div>\n\t\t<\/section>\n\t\t\t\t<\/div>","protected":false},"excerpt":{"rendered":"<p>LExNet Incidencias con los certificados ACA Consejos, recomendaciones, preguntas frecuentes y manuales de uso de LexNet Justicia NUEVAS FUNCIONALIDADES EN LexNET (15\/07\/2024) Presentaci\u00f3n de demandas de proceso monitorio a trav\u00e9s de LexNet (10\/04\/2024) Hoy d\u00eda 10 de abril se activar\u00e1 en Lexnet una funcionalidad nueva para la presentaci\u00f3n de demandas de proceso monitorio a trav\u00e9s [&hellip;]<\/p>\n","protected":false},"author":5,"featured_media":0,"parent":0,"menu_order":0,"comment_status":"closed","ping_status":"closed","template":"elementor_header_footer","meta":{"footnotes":""},"class_list":["post-2380","page","type-page","status-publish","hentry"],"_links":{"self":[{"href":"https:\/\/icalugo.org\/gl\/wp-json\/wp\/v2\/pages\/2380","targetHints":{"allow":["GET"]}}],"collection":[{"href":"https:\/\/icalugo.org\/gl\/wp-json\/wp\/v2\/pages"}],"about":[{"href":"https:\/\/icalugo.org\/gl\/wp-json\/wp\/v2\/types\/page"}],"author":[{"embeddable":true,"href":"https:\/\/icalugo.org\/gl\/wp-json\/wp\/v2\/users\/5"}],"replies":[{"embeddable":true,"href":"https:\/\/icalugo.org\/gl\/wp-json\/wp\/v2\/comments?post=2380"}],"version-history":[{"count":118,"href":"https:\/\/icalugo.org\/gl\/wp-json\/wp\/v2\/pages\/2380\/revisions"}],"predecessor-version":[{"id":5006,"href":"https:\/\/icalugo.org\/gl\/wp-json\/wp\/v2\/pages\/2380\/revisions\/5006"}],"wp:attachment":[{"href":"https:\/\/icalugo.org\/gl\/wp-json\/wp\/v2\/media?parent=2380"}],"curies":[{"name":"wp","href":"https:\/\/api.w.org\/{rel}","templated":true}]}}