{"id":3129,"date":"2025-02-12T12:20:42","date_gmt":"2025-02-12T12:20:42","guid":{"rendered":"https:\/\/icalugo.org\/?page_id=3129"},"modified":"2025-12-02T10:48:44","modified_gmt":"2025-12-02T10:48:44","slug":"normativa-colexial","status":"publish","type":"page","link":"https:\/\/icalugo.org\/gl\/normativa-colexial\/","title":{"rendered":"Normativa Colexial"},"content":{"rendered":"<div data-elementor-type=\"wp-page\" data-elementor-id=\"3129\" class=\"elementor elementor-3129\" data-elementor-post-type=\"page\">\n\t\t\t\t\t\t<section class=\"elementor-section elementor-top-section elementor-element elementor-element-ddc2360 elementor-section-content-middle elementor-section-boxed elementor-section-height-default elementor-section-height-default\" data-id=\"ddc2360\" data-element_type=\"section\" data-e-type=\"section\" data-settings=\"{&quot;background_background&quot;:&quot;classic&quot;}\">\n\t\t\t\t\t\t\t<div class=\"elementor-background-overlay\"><\/div>\n\t\t\t\t\t\t\t<div class=\"elementor-container elementor-column-gap-wide\">\n\t\t\t\t\t<div class=\"elementor-column elementor-col-100 elementor-top-column elementor-element elementor-element-f69ca1b\" data-id=\"f69ca1b\" data-element_type=\"column\" data-e-type=\"column\">\n\t\t\t<div class=\"elementor-widget-wrap elementor-element-populated\">\n\t\t\t\t\t\t<div class=\"elementor-element elementor-element-544f68f animated-slow elementor-invisible elementor-widget elementor-widget-heading\" data-id=\"544f68f\" data-element_type=\"widget\" data-e-type=\"widget\" data-settings=\"{&quot;_animation_delay&quot;:100,&quot;_animation&quot;:&quot;fadeInUp&quot;}\" data-widget_type=\"heading.default\">\n\t\t\t\t<div class=\"elementor-widget-container\">\n\t\t\t\t\t<h2 class=\"elementor-heading-title elementor-size-default\">Normativa colexial<\/h2>\t\t\t\t<\/div>\n\t\t\t\t<\/div>\n\t\t\t\t<div class=\"elementor-element elementor-element-66aca38 elementor-widget-divider--view-line elementor-invisible elementor-widget elementor-widget-divider\" data-id=\"66aca38\" data-element_type=\"widget\" data-e-type=\"widget\" data-settings=\"{&quot;_animation&quot;:&quot;fadeIn&quot;,&quot;_animation_delay&quot;:200}\" data-widget_type=\"divider.default\">\n\t\t\t\t<div class=\"elementor-widget-container\">\n\t\t\t\t\t\t\t<div class=\"elementor-divider\">\n\t\t\t<span class=\"elementor-divider-separator\">\n\t\t\t\t\t\t<\/span>\n\t\t<\/div>\n\t\t\t\t\t\t<\/div>\n\t\t\t\t<\/div>\n\t\t\t\t<div class=\"elementor-element elementor-element-615b50a elementor-widget elementor-widget-text-editor\" data-id=\"615b50a\" data-element_type=\"widget\" data-e-type=\"widget\" data-widget_type=\"text-editor.default\">\n\t\t\t\t<div class=\"elementor-widget-container\">\n\t\t\t\t\t\t\t\t\t<div class=\"article-content\"><p class=\"rtejustify\"><a href=\"https:\/\/icalugo.org\/wp-content\/uploads\/2025\/10\/01_-Novo-ESTATUTO-XERAL-AVOGACIA.pdf\" target=\"_blank\" rel=\"noopener\">Estatuto Xeral da Avogac\u00eda (entrada en vigor 01\/07\/2021)<\/a>\u00a0&#8211;\u00a0<a href=\"https:\/\/icalugo.org\/wp-content\/uploads\/2025\/10\/02_Estatuto_general_abogaciaAntiguo.pdf\" target=\"_blank\" rel=\"noopener\">Ver Estatuto antigo<\/a><\/p><p class=\"rtejustify\"><a href=\"https:\/\/icalugo.org\/wp-content\/uploads\/2025\/10\/03a_ESTATUTOS_COLEXIAIS_-GALEGO.pdf\" target=\"_blank\" rel=\"noopener\">Estatutos Colexiais<\/a><\/p><p class=\"rtejustify\"><a href=\"https:\/\/icalugo.org\/wp-content\/uploads\/2025\/10\/03_codigo_deontologico.pdf\" target=\"_blank\" rel=\"noopener\">C\u00f3digo Deontol\u00f3xico<\/a><\/p><p class=\"rtejustify\"><a href=\"https:\/\/icalugo.org\/wp-content\/uploads\/2025\/10\/03_Novo_CODIGO-DEONTOLOXICO-2019.pdf\" target=\"_blank\" rel=\"noopener\">Novo C\u00f3digo Deontol\u00f3xico (2019)<\/a><\/p><p class=\"rtejustify\"><a href=\"https:\/\/icalugo.org\/wp-content\/uploads\/2025\/10\/04_reglamento_disciplinario.pdf\" target=\"_blank\" rel=\"noopener\">Regulamento Disciplinario<\/a><\/p><p class=\"rtejustify\"><a href=\"http:\/\/icalugo.org\/gl\/sites\/icalugo.org\/files\/docs\/05_regulacion_contratacion_letrados.pdf\/\" target=\"_blank\" rel=\"noopener\">Regulaci\u00f3n de Contrataci\u00f3n de Letrados<\/a><\/p><p class=\"rtejustify\"><a href=\"https:\/\/icalugo.org\/wp-content\/uploads\/2025\/10\/05_LEI-ASISTENCIA-XURIDICA-GRATUITA.pdf\" target=\"_blank\" rel=\"noopener\">Lei 1\/96, do 10 de xaneiro, de Asistencia Xur\u00eddica Gratu\u00edta<\/a><\/p><p class=\"rtejustify\"><a href=\"https:\/\/icalugo.org\/wp-content\/uploads\/2025\/10\/06_REGULAMENTO-ASISTENCIA-XURIDICA-GRATUITA.pdf\" target=\"_blank\" rel=\"noopener\">Regulamento de Asistencia Xur\u00eddica Gratu\u00edta de Galicia 2018<\/a><\/p><p class=\"rtejustify\"><a href=\"https:\/\/icalugo.org\/wp-content\/uploads\/2025\/10\/07_requisitos_minimos_asistencia_juri_gratuita.pdf\" target=\"_blank\" rel=\"noopener\">Requisitos M\u00ednimos para a prestaci\u00f3n de Servizos de Asistencia Xur\u00eddica Gratu\u00edta<\/a><\/p><p class=\"rtejustify\"><a href=\"https:\/\/icalugo.org\/wp-content\/uploads\/2025\/10\/08_ley_acceso_profesiones_abogado_procurador.pdf\" target=\"_blank\" rel=\"noopener\">Lei 34-2006 de Acceso \u00e1s Profesi\u00f3ns de Avogado e Procurador<\/a><\/p><p class=\"rtejustify\"><a href=\"https:\/\/icalugo.org\/wp-content\/uploads\/2025\/10\/09_reglamento_acceso_profesiones_abogado_procurador.pdf\" target=\"_blank\" rel=\"noopener\">Regulamento de Acceso \u00e1s Profesi\u00f3ns de Avogado e Procurador<\/a><\/p><p class=\"rtejustify\"><a href=\"http:\/\/icalugo.org\/gl\/sites\/icalugo.org\/files\/documentos\/reglamento_turno_oficio.pdf\/\" target=\"_blank\" rel=\"noopener\">Regulamento da Quenda Penal e Asistencia ao Detido<\/a><\/p><p class=\"rtejustify\"><a href=\"https:\/\/icalugo.org\/wp-content\/uploads\/2025\/10\/12_Protocolo_conformidades_fiscalia.pdf\" target=\"_blank\" rel=\"noopener\">Protocolo provincial de conformidades entre a Fiscal\u00eda Provincial de Lugo e o Ilustre Colexio de Avogados de Lugo<\/a><\/p><p class=\"rtejustify\">Requisitos esixidos para solicitar a incorporaci\u00f3n ao Listado de Administradores Concursais:<br \/><a href=\"https:\/\/icalugo.org\/wp-content\/uploads\/2025\/10\/13_Inclusion-de-Persona-Fisica-2023.docx\" target=\"_blank\" rel=\"noopener\">Inclusi\u00f3n de Persoa F\u00edsica<\/a><br \/><a href=\"https:\/\/icalugo.org\/wp-content\/uploads\/2025\/10\/14_Inclusion-de-Persona-Juridica-2023.docx\" target=\"_blank\" rel=\"noopener\">Inclusi\u00f3n de Persoa Xur\u00eddica<\/a><\/p><\/div>\t\t\t\t\t\t\t\t<\/div>\n\t\t\t\t<\/div>\n\t\t\t\t<div class=\"elementor-element elementor-element-6cb1d0d elementor-widget elementor-widget-heading\" data-id=\"6cb1d0d\" data-element_type=\"widget\" data-e-type=\"widget\" data-widget_type=\"heading.default\">\n\t\t\t\t<div class=\"elementor-widget-container\">\n\t\t\t\t\t<h2 class=\"elementor-heading-title elementor-size-default\">Outras Normativas de Interese<\/h2>\t\t\t\t<\/div>\n\t\t\t\t<\/div>\n\t\t\t\t<div class=\"elementor-element elementor-element-eca539c elementor-widget elementor-widget-text-editor\" data-id=\"eca539c\" data-element_type=\"widget\" data-e-type=\"widget\" data-widget_type=\"text-editor.default\">\n\t\t\t\t<div class=\"elementor-widget-container\">\n\t\t\t\t\t\t\t\t\t<div class=\"article-content\"><p class=\"rtejustify\"><a href=\"https:\/\/icalugo.org\/wp-content\/uploads\/2025\/10\/15_libre_acceso_actividades_servicio.pdf\" target=\"_blank\" rel=\"noopener\">Lei 17-2009 sobre o Libre Acceso \u00e1s Actividades de Servizos e o seu Exercicio<\/a><\/p><p class=\"rtejustify\"><a href=\"https:\/\/icalugo.org\/wp-content\/uploads\/2025\/10\/16_ley_omnibus.pdf\" target=\"_blank\" rel=\"noopener\">Lei 25-2009 de Modificaci\u00f3n de Diversas Leis (Lei \u00d3mnibus)<\/a><\/p><p class=\"rtejustify\"><a href=\"https:\/\/icalugo.org\/wp-content\/uploads\/2025\/10\/17_competencia_desleal.pdf\" target=\"_blank\" rel=\"noopener\">Lei 29-2009 de Modificaci\u00f3n do R\u00e9xime Legal de Competencia Desleal<\/a><\/p><p class=\"rtejustify\"><a href=\"https:\/\/icalugo.org\/wp-content\/uploads\/2025\/10\/18_modificacion_ley_acceso-asuntos_civilesymercantiles.pdf\" target=\"_blank\" rel=\"noopener\">Lei 05-2012 de Mediaci\u00f3n en Asuntos Civ\u00eds e Mercant\u00eds<\/a><\/p><p class=\"rtejustify\"><a href=\"https:\/\/icalugo.org\/wp-content\/uploads\/2025\/10\/19_Reglamento_Procedimiento_tribunal_justicia.pdf\" target=\"_blank\" rel=\"noopener\">Regulamento de Procedemento do Tribunal de Xustiza da Uni\u00f3n Europea (2012\/C 337\/01)<\/a><\/p><p class=\"rtejustify\"><a href=\"https:\/\/icalugo.org\/wp-content\/uploads\/2025\/10\/20_ORDEN-22-DE-DICIEMBRE-DE-2017.pdf\" target=\"_blank\" rel=\"noopener\">Orde do 22 de decembro de 2017 pola que establ\u00e9cese a compensaci\u00f3n econ\u00f3mica aos Colexios de Avogados de Galicia polas actuaci\u00f3ns dos seus colexiados no \u00e1mbito das asistencia xur\u00eddica gratuita durante o cuarto trimestre de 2017 e o primeiro, segundo e terceiro trimestre de 2018<\/a><\/p><p><a href=\"https:\/\/icalugo.org\/wp-content\/uploads\/2025\/10\/21_Modificacion_asist_jurid_gratuita_BOE-A-2022-14682.pdf\" target=\"_blank\" rel=\"noopener\">Modificaci\u00f3n do regulamento de asistencia xur\u00eddica gratuita &#8211; Real Decreto 586\/2022<\/a><\/p><p><a href=\"https:\/\/icalugo.org\/wp-content\/uploads\/2025\/10\/22_BOE-A-629-2022-12504-.pdf\" target=\"_blank\" rel=\"noopener\">Real Decreto 629\/2022, de 26 de julio, por el que se modifica el Reglamento de la Ley Org\u00e1nica 4\/2000, sobre derechos y libertades de los extranjeros en Espa\u00f1a y su integraci\u00f3n social, tras su reforma por Ley Org\u00e1nica 2\/2009, aprobado por el Real Decreto 557\/2011, de 20 de abril.<\/a><\/p><\/div>\t\t\t\t\t\t\t\t<\/div>\n\t\t\t\t<\/div>\n\t\t\t\t\t<\/div>\n\t\t<\/div>\n\t\t\t\t\t<\/div>\n\t\t<\/section>\n\t\t\t\t<\/div>","protected":false},"excerpt":{"rendered":"<p>Normativa colexial Estatuto Xeral da Avogac\u00eda (entrada en vigor 01\/07\/2021)\u00a0&#8211;\u00a0Ver Estatuto antigo Estatutos Colexiais C\u00f3digo Deontol\u00f3xico Novo C\u00f3digo Deontol\u00f3xico (2019) Regulamento Disciplinario Regulaci\u00f3n de Contrataci\u00f3n de Letrados Lei 1\/96, do 10 de xaneiro, de Asistencia Xur\u00eddica Gratu\u00edta Regulamento de Asistencia Xur\u00eddica Gratu\u00edta de Galicia 2018 Requisitos M\u00ednimos para a prestaci\u00f3n de Servizos de Asistencia Xur\u00eddica [&hellip;]<\/p>\n","protected":false},"author":5,"featured_media":0,"parent":0,"menu_order":0,"comment_status":"closed","ping_status":"closed","template":"elementor_header_footer","meta":{"footnotes":""},"class_list":["post-3129","page","type-page","status-publish","hentry"],"_links":{"self":[{"href":"https:\/\/icalugo.org\/gl\/wp-json\/wp\/v2\/pages\/3129","targetHints":{"allow":["GET"]}}],"collection":[{"href":"https:\/\/icalugo.org\/gl\/wp-json\/wp\/v2\/pages"}],"about":[{"href":"https:\/\/icalugo.org\/gl\/wp-json\/wp\/v2\/types\/page"}],"author":[{"embeddable":true,"href":"https:\/\/icalugo.org\/gl\/wp-json\/wp\/v2\/users\/5"}],"replies":[{"embeddable":true,"href":"https:\/\/icalugo.org\/gl\/wp-json\/wp\/v2\/comments?post=3129"}],"version-history":[{"count":52,"href":"https:\/\/icalugo.org\/gl\/wp-json\/wp\/v2\/pages\/3129\/revisions"}],"predecessor-version":[{"id":5024,"href":"https:\/\/icalugo.org\/gl\/wp-json\/wp\/v2\/pages\/3129\/revisions\/5024"}],"wp:attachment":[{"href":"https:\/\/icalugo.org\/gl\/wp-json\/wp\/v2\/media?parent=3129"}],"curies":[{"name":"wp","href":"https:\/\/api.w.org\/{rel}","templated":true}]}}