{"id":3864,"date":"2025-10-18T13:02:01","date_gmt":"2025-10-18T13:02:01","guid":{"rendered":"https:\/\/icalugo.org\/?page_id=3864"},"modified":"2025-12-02T10:56:05","modified_gmt":"2025-12-02T10:56:05","slug":"servicio-de-masc","status":"publish","type":"page","link":"https:\/\/icalugo.org\/gl\/servicio-de-masc\/","title":{"rendered":"Servizo de MASC"},"content":{"rendered":"<div data-elementor-type=\"wp-page\" data-elementor-id=\"3864\" class=\"elementor elementor-3864\" data-elementor-post-type=\"page\">\n\t\t\t\t\t\t<section class=\"elementor-section elementor-top-section elementor-element elementor-element-20ee4e1 elementor-section-content-middle elementor-section-boxed elementor-section-height-default elementor-section-height-default\" data-id=\"20ee4e1\" data-element_type=\"section\" data-e-type=\"section\" data-settings=\"{&quot;background_background&quot;:&quot;classic&quot;}\">\n\t\t\t\t\t\t\t<div class=\"elementor-background-overlay\"><\/div>\n\t\t\t\t\t\t\t<div class=\"elementor-container elementor-column-gap-wide\">\n\t\t\t\t\t<div class=\"elementor-column elementor-col-100 elementor-top-column elementor-element elementor-element-478f1d6\" data-id=\"478f1d6\" data-element_type=\"column\" data-e-type=\"column\">\n\t\t\t<div class=\"elementor-widget-wrap elementor-element-populated\">\n\t\t\t\t\t\t<div class=\"elementor-element elementor-element-ae251d9 animated-slow elementor-invisible elementor-widget elementor-widget-heading\" data-id=\"ae251d9\" data-element_type=\"widget\" data-e-type=\"widget\" data-settings=\"{&quot;_animation_delay&quot;:100,&quot;_animation&quot;:&quot;fadeInUp&quot;}\" data-widget_type=\"heading.default\">\n\t\t\t\t<div class=\"elementor-widget-container\">\n\t\t\t\t\t<h2 class=\"elementor-heading-title elementor-size-default\">Servizo de MASC<\/h2>\t\t\t\t<\/div>\n\t\t\t\t<\/div>\n\t\t\t\t<div class=\"elementor-element elementor-element-8010a0d elementor-widget-divider--view-line elementor-invisible elementor-widget elementor-widget-divider\" data-id=\"8010a0d\" data-element_type=\"widget\" data-e-type=\"widget\" data-settings=\"{&quot;_animation&quot;:&quot;fadeIn&quot;,&quot;_animation_delay&quot;:200}\" data-widget_type=\"divider.default\">\n\t\t\t\t<div class=\"elementor-widget-container\">\n\t\t\t\t\t\t\t<div class=\"elementor-divider\">\n\t\t\t<span class=\"elementor-divider-separator\">\n\t\t\t\t\t\t<\/span>\n\t\t<\/div>\n\t\t\t\t\t\t<\/div>\n\t\t\t\t<\/div>\n\t\t\t\t<div class=\"elementor-element elementor-element-ae7cff3 elementor-widget elementor-widget-text-editor\" data-id=\"ae7cff3\" data-element_type=\"widget\" data-e-type=\"widget\" data-widget_type=\"text-editor.default\">\n\t\t\t\t<div class=\"elementor-widget-container\">\n\t\t\t\t\t\t\t\t\t<div class=\"article-content\"><p>Estimado\/a compa\u00f1eiro\/a:<\/p><p>Tal e como vos informamos nunha circular recente, con motivo da entrada en vigor o pasado 3 de abril de 2025 de Lei Org\u00e1nica 1\/2025, do 2 de xaneiro, de medidas en materia de eficiencia do Servizo P\u00fablico de Xustiza (L.Ou 1\/2025) e o establecemento como requisito de procedibilidad nos procesos civ\u00eds e mercant\u00eds, inclu\u00eddos os conflitos transfronteirizos, o ter que acudir previamente a alg\u00fan medio adecuado para resoluci\u00f3n de controversias (MASC), que se definen pola O 1\/2025 como calquera tipo de actividade negociadora, reco\u00f1ecida nesa ou outras leis; por parte deste Ilustre Colexio da Avogac\u00eda decidiu crear o servizo de MASC para ofrecer unha soluci\u00f3n aos nosos colexiados\/as co fin de facilitar o cumprimento do requisito de procedibilidad.<\/p><p>Tal e como se cont\u00e9n no protocolo enviado, os MASC que este Ilustre Colexio vai ofrecer inicialmente son a mediaci\u00f3n e a conciliaci\u00f3n privada. Para iso elab\u00f3rase a listaxe de avogados\/as que se inscribiron para levar a cabo a funci\u00f3n de conciliadores e actualizouse a listaxe de mediadores xa existentes nesta Corporaci\u00f3n. Est\u00e1 previsto que estes servizos p\u00f3idanse realizar en todos os partidos xudiciais da provincia e poderase solicitar a celebraci\u00f3n do MASC v\u00eda telem\u00e1tica.\u00a0<\/p><p>Igualmente, est\u00e1 a prepararse a habilitaci\u00f3n dunha plataforma en li\u00f1a para a presentaci\u00f3n das solicitudes da que se vos informar\u00e1 proximamente. En tanto non se finalice o desenvolvemento da mesma, a presentaci\u00f3n das petici\u00f3ns de MASC poderase realizar enviando un correo electr\u00f3nico \u00e1 conta de correo <a href=\"mailto:masc@icalugo.org\">masc@icalugo.org<\/a> ou de maneira presencial nas dependencias colexiais sitas na c\/ Pascual Veiga,2; cumprimentando, en ambos os casos, o formulario de solicitude que vos achegamos.<\/p><p>Nuns d\u00edas, cando se active a plataforma tam\u00e9n dispo\u00f1eredes doutros formularios para celebrar os MASC como a remisi\u00f3n das ofertas vinculantes e a certificaci\u00f3n de tentar a s\u00faa celebraci\u00f3n entre profesionais.<\/p><p><u>Importante<\/u>: Previa admisi\u00f3n e rexistro de calquera solicitude de celebraci\u00f3n de MASC, e a s\u00faa posterior tramitaci\u00f3n, deberase efectuar o pago das taxas fixadas para a s\u00faa tramitaci\u00f3n que figuran no Anexo I do Protocolo remitido e que son os seguintes:<\/p><p>\u00a0Os custos do servizo incluir\u00e1n os dereitos de xesti\u00f3n e administraci\u00f3n as\u00ed como os honorarios e gastos debidamente xustificados das persoas conciliadoras e mediadoras ser\u00e1n.<\/p><table><tbody><tr><td width=\"397\"><p><strong>TAXA INICIAL:<\/strong><\/p><\/td><td width=\"102\">\u00a0<\/td><\/tr><tr><td width=\"397\"><p>Taxa inicial para do servizo con profesionais adscritos ao Rexistro de Conciliadores e Mediadores do ICA Lugo:<\/p><\/td><td width=\"102\"><p>40 \u20ac<\/p><\/td><\/tr><\/tbody><\/table><table><tbody><tr><td width=\"397\"><p><strong>TAXA DE XESTI\u00d3N E ADMINISTRACI\u00d3N MEDIACI\u00d3N:<\/strong><\/p><\/td><td width=\"102\">\u00a0<\/td><\/tr><tr><td width=\"397\"><p>(Apertura, registro y tramitaci\u00f3n de expediente)<\/p><\/td><td width=\"102\">\u00a0<\/td><\/tr><tr><td width=\"397\"><p>Mediaciones llevadas a cabo por adscritos al Registro del ICA LUGO:<\/p><\/td><td width=\"102\"><p>60 \u20ac.<\/p><\/td><\/tr><\/tbody><\/table><table><tbody><tr><td width=\"397\"><p><strong>HONORARIOS DE CONCILIADORES DESIGNADOS POLO SERVIZO:<\/strong><\/p><\/td><td width=\"102\">\u00a0<\/td><\/tr><tr><td width=\"397\"><p>Por intervenci\u00f3n sen avinza:<\/p><p>(Cada parte abonar\u00e1 30 euros pola redacci\u00f3n da acta)<\/p><\/td><td width=\"102\"><p>60 \u20ac<\/p><\/td><\/tr><tr><td width=\"397\"><p>Por intervenci\u00f3n con avinza:<\/p><p>(Cada parte abonar\u00e1 50 euros pola redacci\u00f3n da acta)<\/p><\/td><td width=\"102\"><p>\u00a0 100 \u20ac<\/p><\/td><\/tr><\/tbody><\/table><table><tbody><tr><td width=\"397\"><p><strong>HONORARIOS DOS MEDIADORES DESIGNADOS POLO SERVIZO:<\/strong><\/p><\/td><td width=\"102\">\u00a0<\/td><\/tr><tr><td width=\"397\"><p>Por cada sesi\u00f3n, desde a primeira ata a terceira:<\/p><\/td><td width=\"102\"><p>\u00a0120 \u20ac<\/p><\/td><\/tr><tr><td width=\"397\"><p>Por cada sesi\u00f3n, a partir da cuarta:<\/p><\/td><td width=\"102\"><p>80 \u20ac<\/p><\/td><\/tr><tr><td width=\"397\"><p>Para conflitos cuxa cont\u00eda sexa superior a 24.000 euros poder\u00e1n incrementar os seus honorarios en<\/p><\/td><td width=\"102\"><p>0,5%<\/p><\/td><\/tr><\/tbody><\/table><p>Aos devanditos importes aplicar\u00e1selles o IVE correspondente (21%)<\/p><p>O pago das taxas poderase efectuar mediante transferencia bancaria \u00e1 conta da entidade CaixaBank ES33 2100 8685 3902 0001 0636 establecendo como concepto MASC ou a trav\u00e9s desta ligaz\u00f3n virtual no que ha de consignarse o c\u00f3digo 0852190:<\/p><p><a href=\"https:\/\/www3.caixabank.es\/apl\/pagos\/index_es.html?CODCPR=90VPA003\" target=\"_blank\" rel=\"noopener\">https:\/\/www3.caixabank.es\/apl\/pagos\/index_es.html?CODCPR=90VPA003\u00a0<\/a><\/p><\/div>\t\t\t\t\t\t\t\t<\/div>\n\t\t\t\t<\/div>\n\t\t\t\t<div class=\"elementor-element elementor-element-b717493 elementor-widget elementor-widget-heading\" data-id=\"b717493\" data-element_type=\"widget\" data-e-type=\"widget\" data-widget_type=\"heading.default\">\n\t\t\t\t<div class=\"elementor-widget-container\">\n\t\t\t\t\t<h2 class=\"elementor-heading-title elementor-size-default\">Ligaz\u00f3ns a documentaci\u00f3n<\/h2>\t\t\t\t<\/div>\n\t\t\t\t<\/div>\n\t\t\t\t<div class=\"elementor-element elementor-element-3ea1bbe elementor-widget elementor-widget-text-editor\" data-id=\"3ea1bbe\" data-element_type=\"widget\" data-e-type=\"widget\" data-widget_type=\"text-editor.default\">\n\t\t\t\t<div class=\"elementor-widget-container\">\n\t\t\t\t\t\t\t\t\t<div class=\"article-content\"><p><a href=\"https:\/\/icalugo.org\/wp-content\/uploads\/2025\/10\/PROTOCOLO-DEL-SERVICIO-COLEGIAL-DE-MEDIACION-Y-GESTION-AMISTOSA-MASC.pdf\" target=\"_blank\" rel=\"noopener\"><u>Protocolo do servizo colexial MASC<\/u><\/a><\/p><a href=\"https:\/\/icalugo.org\/wp-content\/uploads\/2025\/10\/PROTOCOLO-DEL-SERVICIO-COLEGIAL-DE-MEDIACION-Y-GESTION-AMISTOSA-MASC_GALEGO.pdf\" target=\"_blank\" rel=\"noopener\"><u>Protocolo do servizo colexial MASC Galego<\/u><\/a><\/div><div class=\"article-content\"><br \/><p><a href=\"https:\/\/icalugo.org\/wp-content\/uploads\/2025\/10\/mediacion-.docx\" target=\"_blank\" rel=\"noopener\"><u>Modelo de solicitude de conciliaci\u00f3n\/mediaci\u00f3n MASC ICA Lugo<\/u><\/a><\/p><p><a href=\"https:\/\/icalugo.org\/wp-content\/uploads\/2025\/10\/mediacion-galego.doc\" target=\"_blank\" rel=\"noopener\"><u>Modelo de solicitude de conciliaci\u00f3n\/mediaci\u00f3n MASC ICA Lugo Galego<\/u><\/a><\/p><br \/><br \/><\/div>\t\t\t\t\t\t\t\t<\/div>\n\t\t\t\t<\/div>\n\t\t\t\t\t<\/div>\n\t\t<\/div>\n\t\t\t\t\t<\/div>\n\t\t<\/section>\n\t\t\t\t<\/div>","protected":false},"excerpt":{"rendered":"<p>Servicio de MASC Estimado\/a compa\u00f1ero\/a: Tal y como os informamos en una circular reciente, con motivo de la entrada en vigor el pasado 3 de abril de 2025 de Ley Org\u00e1nica 1\/2025, de 2 de enero, de medidas en materia de eficiencia del Servicio P\u00fablico de Justicia (L.O 1\/2025) y el establecimiento como requisito de [&hellip;]<\/p>\n","protected":false},"author":5,"featured_media":0,"parent":0,"menu_order":0,"comment_status":"closed","ping_status":"closed","template":"elementor_header_footer","meta":{"footnotes":""},"class_list":["post-3864","page","type-page","status-publish","hentry"],"_links":{"self":[{"href":"https:\/\/icalugo.org\/gl\/wp-json\/wp\/v2\/pages\/3864","targetHints":{"allow":["GET"]}}],"collection":[{"href":"https:\/\/icalugo.org\/gl\/wp-json\/wp\/v2\/pages"}],"about":[{"href":"https:\/\/icalugo.org\/gl\/wp-json\/wp\/v2\/types\/page"}],"author":[{"embeddable":true,"href":"https:\/\/icalugo.org\/gl\/wp-json\/wp\/v2\/users\/5"}],"replies":[{"embeddable":true,"href":"https:\/\/icalugo.org\/gl\/wp-json\/wp\/v2\/comments?post=3864"}],"version-history":[{"count":37,"href":"https:\/\/icalugo.org\/gl\/wp-json\/wp\/v2\/pages\/3864\/revisions"}],"predecessor-version":[{"id":5045,"href":"https:\/\/icalugo.org\/gl\/wp-json\/wp\/v2\/pages\/3864\/revisions\/5045"}],"wp:attachment":[{"href":"https:\/\/icalugo.org\/gl\/wp-json\/wp\/v2\/media?parent=3864"}],"curies":[{"name":"wp","href":"https:\/\/api.w.org\/{rel}","templated":true}]}}